{"id":5202,"date":"2025-09-24T19:30:08","date_gmt":"2025-09-24T19:30:08","guid":{"rendered":"https:\/\/modest-napier.216-250-124-103.plesk.page\/index.php\/producto\/cap-control-diabts-c-150-del-bajio\/"},"modified":"2025-09-24T20:47:58","modified_gmt":"2025-09-24T20:47:58","slug":"cap-control-diabts-c-150-del-bajio","status":"publish","type":"product","link":"https:\/\/modest-napier.216-250-124-103.plesk.page\/index.php\/producto\/cap-control-diabts-c-150-del-bajio\/","title":{"rendered":"Control Diabts 150 c\u00e1psulas Del Baj\u00edo"},"content":{"rendered":"<p data-mce-fragment=\"1\">Las c\u00e1psulas Control Diabts ayudan a a estimular al p\u00e1ncreas para que produzca y libere m\u00e1s insulina, a inhibir la producci\u00f3n y liberaci\u00f3n de glucosa del h\u00edgado, a bloquear la acci\u00f3n de las enzimas del est\u00f3mago que descomponen los carbohidratos y a mejorar la sensibilidad de las c\u00e9lulas a la insulina.<strong data-mce-fragment=\"1\"><\/strong><\/p>\n","protected":false},"excerpt":{"rendered":"<p>Las c\u00e1psulas Control Diabts ayudan a a estimular al p\u00e1ncreas para que produzca y libere m\u00e1s insulina, a inhibir la producci\u00f3n y liberaci\u00f3n de glucosa del h\u00edgado, a bloquear la [&hellip;]<\/p>\n","protected":false},"featured_media":1686,"comment_status":"open","ping_status":"closed","template":"","meta":[],"product_brand":[628],"product_cat":[296,337,318],"product_tag":[],"class_list":{"0":"post-5202","1":"product","2":"type-product","3":"status-publish","4":"has-post-thumbnail","6":"product_brand-del-bajio","7":"product_cat-diabetes-y-sus-sintomas","8":"product_cat-productos","9":"product_cat-salud","11":"first","12":"outofstock","13":"shipping-taxable","14":"purchasable","15":"product-type-simple"},"_links":{"self":[{"href":"https:\/\/modest-napier.216-250-124-103.plesk.page\/index.php\/wp-json\/wp\/v2\/product\/5202","targetHints":{"allow":["GET"]}}],"collection":[{"href":"https:\/\/modest-napier.216-250-124-103.plesk.page\/index.php\/wp-json\/wp\/v2\/product"}],"about":[{"href":"https:\/\/modest-napier.216-250-124-103.plesk.page\/index.php\/wp-json\/wp\/v2\/types\/product"}],"replies":[{"embeddable":true,"href":"https:\/\/modest-napier.216-250-124-103.plesk.page\/index.php\/wp-json\/wp\/v2\/comments?post=5202"}],"wp:featuredmedia":[{"embeddable":true,"href":"https:\/\/modest-napier.216-250-124-103.plesk.page\/index.php\/wp-json\/wp\/v2\/media\/1686"}],"wp:attachment":[{"href":"https:\/\/modest-napier.216-250-124-103.plesk.page\/index.php\/wp-json\/wp\/v2\/media?parent=5202"}],"wp:term":[{"taxonomy":"product_brand","embeddable":true,"href":"https:\/\/modest-napier.216-250-124-103.plesk.page\/index.php\/wp-json\/wp\/v2\/product_brand?post=5202"},{"taxonomy":"product_cat","embeddable":true,"href":"https:\/\/modest-napier.216-250-124-103.plesk.page\/index.php\/wp-json\/wp\/v2\/product_cat?post=5202"},{"taxonomy":"product_tag","embeddable":true,"href":"https:\/\/modest-napier.216-250-124-103.plesk.page\/index.php\/wp-json\/wp\/v2\/product_tag?post=5202"}],"curies":[{"name":"wp","href":"https:\/\/api.w.org\/{rel}","templated":true}]}}