{"id":5203,"date":"2025-09-24T19:30:09","date_gmt":"2025-09-24T19:30:09","guid":{"rendered":"https:\/\/modest-napier.216-250-124-103.plesk.page\/index.php\/producto\/cap-copalquin-c-150-yazmin\/"},"modified":"2025-09-24T20:46:40","modified_gmt":"2025-09-24T20:46:40","slug":"cap-copalquin-c-150-yazmin","status":"publish","type":"product","link":"https:\/\/modest-napier.216-250-124-103.plesk.page\/index.php\/producto\/cap-copalquin-c-150-yazmin\/","title":{"rendered":"Copalqu\u00edn 150 c\u00e1psulas Yazmin"},"content":{"rendered":"<p><em>Conoce las c\u00e1psulas de Copalqu\u00edn (Hintonia Latiflora). \u00bfPara qu\u00e9 sirve?<\/em><\/p>\n<ul>\n<li>Ayuda con el estre\u00f1imiento<\/li>\n<li>Ayuda con las Hemorroides<\/li>\n<li>Asiste al Cuidado de la piel y cabello<\/li>\n<\/ul>\n<p>\u00a0<\/p>\n","protected":false},"excerpt":{"rendered":"<p>Conoce las c\u00e1psulas de Copalqu\u00edn (Hintonia Latiflora). \u00bfPara qu\u00e9 sirve? Ayuda con el estre\u00f1imiento Ayuda con las Hemorroides Asiste al Cuidado de la piel y cabello \u00a0<\/p>\n","protected":false},"featured_media":1687,"comment_status":"open","ping_status":"closed","template":"","meta":[],"product_brand":[408],"product_cat":[337,318,323],"product_tag":[149],"class_list":{"0":"post-5203","1":"product","2":"type-product","3":"status-publish","4":"has-post-thumbnail","6":"product_brand-yazmin","7":"product_cat-productos","8":"product_cat-salud","9":"product_cat-salud-intestinal","10":"product_tag-copalquin","12":"first","13":"instock","14":"shipping-taxable","15":"purchasable","16":"product-type-simple"},"_links":{"self":[{"href":"https:\/\/modest-napier.216-250-124-103.plesk.page\/index.php\/wp-json\/wp\/v2\/product\/5203","targetHints":{"allow":["GET"]}}],"collection":[{"href":"https:\/\/modest-napier.216-250-124-103.plesk.page\/index.php\/wp-json\/wp\/v2\/product"}],"about":[{"href":"https:\/\/modest-napier.216-250-124-103.plesk.page\/index.php\/wp-json\/wp\/v2\/types\/product"}],"replies":[{"embeddable":true,"href":"https:\/\/modest-napier.216-250-124-103.plesk.page\/index.php\/wp-json\/wp\/v2\/comments?post=5203"}],"wp:featuredmedia":[{"embeddable":true,"href":"https:\/\/modest-napier.216-250-124-103.plesk.page\/index.php\/wp-json\/wp\/v2\/media\/1687"}],"wp:attachment":[{"href":"https:\/\/modest-napier.216-250-124-103.plesk.page\/index.php\/wp-json\/wp\/v2\/media?parent=5203"}],"wp:term":[{"taxonomy":"product_brand","embeddable":true,"href":"https:\/\/modest-napier.216-250-124-103.plesk.page\/index.php\/wp-json\/wp\/v2\/product_brand?post=5203"},{"taxonomy":"product_cat","embeddable":true,"href":"https:\/\/modest-napier.216-250-124-103.plesk.page\/index.php\/wp-json\/wp\/v2\/product_cat?post=5203"},{"taxonomy":"product_tag","embeddable":true,"href":"https:\/\/modest-napier.216-250-124-103.plesk.page\/index.php\/wp-json\/wp\/v2\/product_tag?post=5203"}],"curies":[{"name":"wp","href":"https:\/\/api.w.org\/{rel}","templated":true}]}}