{"id":5204,"date":"2025-09-24T19:30:10","date_gmt":"2025-09-24T19:30:10","guid":{"rendered":"https:\/\/modest-napier.216-250-124-103.plesk.page\/index.php\/producto\/cap-cr-bro-c-72-supra-natura\/"},"modified":"2025-09-24T20:46:39","modified_gmt":"2025-09-24T20:46:39","slug":"cap-cr-bro-c-72-supra-natura","status":"publish","type":"product","link":"https:\/\/modest-napier.216-250-124-103.plesk.page\/index.php\/producto\/cap-cr-bro-c-72-supra-natura\/","title":{"rendered":"CR BRO 72 c\u00e1psulas Supra Natura"},"content":{"rendered":"<p data-mce-fragment=\"1\"><strong data-mce-fragment=\"1\">Descripci\u00f3n:<\/strong><\/p>\n<p data-mce-fragment=\"1\"><span>El suplemento alimenticio <strong>CR-BRO con \u00e1cido glut\u00e1mico, tiamina y omega 3-6-9<\/strong> es favorable\u00a0<\/span>para<span>\u00a0la mejora en la concentraci\u00f3n,\u00a0 y a<\/span><span>ct\u00faa como estimulante del sistema inmunol\u00f3gico.\u00a0<\/span><span>Promueve una\u00a0funci\u00f3n nerviosa apropiada y f<\/span>avorece un buen funcionamiento de los neuro-transmisores cerebrales.<\/p>\n<p data-mce-fragment=\"1\"><strong>Ingredientes:<\/strong><\/p>\n<p data-mce-fragment=\"1\">\u00c1cido glut\u00e1mico, tiamina, omega 3-6-9.<\/p>\n<p data-mce-fragment=\"1\"><strong data-mce-fragment=\"1\">Modo de uso:<\/strong><\/p>\n<p data-mce-fragment=\"1\"><span>Tomar dos c\u00e1psulas de\u00a0<\/span>supra CR-BRO<span>\u00a0al d\u00eda.<\/span><\/p>\n<p data-mce-fragment=\"1\"><strong data-mce-fragment=\"1\">Contenido:<\/strong><\/p>\n<p data-mce-fragment=\"1\">72 c\u00e1psulas.<\/p>\n","protected":false},"excerpt":{"rendered":"<p>Descripci\u00f3n: El suplemento alimenticio CR-BRO con \u00e1cido glut\u00e1mico, tiamina y omega 3-6-9 es favorable\u00a0para\u00a0la mejora en la concentraci\u00f3n,\u00a0 y act\u00faa como estimulante del sistema inmunol\u00f3gico.\u00a0Promueve una\u00a0funci\u00f3n nerviosa apropiada y favorece [&hellip;]<\/p>\n","protected":false},"featured_media":1688,"comment_status":"open","ping_status":"closed","template":"","meta":[],"product_brand":[411],"product_cat":[290,337,335],"product_tag":[81,133,90],"class_list":{"0":"post-5204","1":"product","2":"type-product","3":"status-publish","4":"has-post-thumbnail","6":"product_brand-supra-natura","7":"product_cat-cerebro-y-memoria","8":"product_cat-productos","9":"product_cat-vitaminas-y-minerales","10":"product_tag-acido-glutamico","11":"product_tag-omega-3-6-9","12":"product_tag-tiamina","14":"first","15":"instock","16":"shipping-taxable","17":"purchasable","18":"product-type-simple"},"_links":{"self":[{"href":"https:\/\/modest-napier.216-250-124-103.plesk.page\/index.php\/wp-json\/wp\/v2\/product\/5204","targetHints":{"allow":["GET"]}}],"collection":[{"href":"https:\/\/modest-napier.216-250-124-103.plesk.page\/index.php\/wp-json\/wp\/v2\/product"}],"about":[{"href":"https:\/\/modest-napier.216-250-124-103.plesk.page\/index.php\/wp-json\/wp\/v2\/types\/product"}],"replies":[{"embeddable":true,"href":"https:\/\/modest-napier.216-250-124-103.plesk.page\/index.php\/wp-json\/wp\/v2\/comments?post=5204"}],"wp:featuredmedia":[{"embeddable":true,"href":"https:\/\/modest-napier.216-250-124-103.plesk.page\/index.php\/wp-json\/wp\/v2\/media\/1688"}],"wp:attachment":[{"href":"https:\/\/modest-napier.216-250-124-103.plesk.page\/index.php\/wp-json\/wp\/v2\/media?parent=5204"}],"wp:term":[{"taxonomy":"product_brand","embeddable":true,"href":"https:\/\/modest-napier.216-250-124-103.plesk.page\/index.php\/wp-json\/wp\/v2\/product_brand?post=5204"},{"taxonomy":"product_cat","embeddable":true,"href":"https:\/\/modest-napier.216-250-124-103.plesk.page\/index.php\/wp-json\/wp\/v2\/product_cat?post=5204"},{"taxonomy":"product_tag","embeddable":true,"href":"https:\/\/modest-napier.216-250-124-103.plesk.page\/index.php\/wp-json\/wp\/v2\/product_tag?post=5204"}],"curies":[{"name":"wp","href":"https:\/\/api.w.org\/{rel}","templated":true}]}}