{"id":5216,"date":"2025-09-24T19:30:32","date_gmt":"2025-09-24T19:30:32","guid":{"rendered":"https:\/\/modest-napier.216-250-124-103.plesk.page\/index.php\/producto\/cap-demograss-plus-c-30-con-innov-prod\/"},"modified":"2025-09-24T20:47:57","modified_gmt":"2025-09-24T20:47:57","slug":"cap-demograss-plus-c-30-con-innov-prod","status":"publish","type":"product","link":"https:\/\/modest-napier.216-250-124-103.plesk.page\/index.php\/producto\/cap-demograss-plus-c-30-con-innov-prod\/","title":{"rendered":"Demograss Plus 30 c\u00e1psulas Innov &#038; Prod"},"content":{"rendered":"<p data-mce-fragment=\"1\"><strong data-mce-fragment=\"1\">Descripci\u00f3n:<\/strong><\/p>\n<p>El principal beneficio del suplemento <strong>Demograss Plus<\/strong> es inhibir el apetito, adem\u00e1s de liberar toxinas. Su formulaci\u00f3n hace que sus ingredientes sean absorbidos por el sistema glandular de la persona que est\u00e1 tratando de bajar de peso. Esto provoca que de ah\u00ed pase al sistema inmunol\u00f3gico para que trabaje de forma correcta eliminando las toxinas, es decir las grasas y se pierda peso de forma progresiva.<\/p>\n<p data-mce-fragment=\"1\"><strong data-mce-fragment=\"1\">Ingredientes:<\/strong><\/p>\n<p data-mce-fragment=\"1\">Aloe vera, guaran\u00e1, naranjo, lima, nopal, zarzaparrilla, diente de le\u00f3n, t\u00e9 rojo, t\u00e9 blanco.<\/p>\n<p data-mce-fragment=\"1\"><strong data-mce-fragment=\"1\">Modo de uso:<\/strong><\/p>\n<p data-mce-fragment=\"1\">Tomar 1 c\u00e1psula al d\u00eda en ayunas.<\/p>\n<p data-mce-fragment=\"1\"><strong data-mce-fragment=\"1\">Contenido:<\/strong><\/p>\n<p data-mce-fragment=\"1\">30 c\u00e1psulas.<\/p>\n","protected":false},"excerpt":{"rendered":"<p>Descripci\u00f3n: El principal beneficio del suplemento Demograss Plus es inhibir el apetito, adem\u00e1s de liberar toxinas. Su formulaci\u00f3n hace que sus ingredientes sean absorbidos por el sistema glandular de la [&hellip;]<\/p>\n","protected":false},"featured_media":1703,"comment_status":"open","ping_status":"closed","template":"","meta":[],"product_brand":[632],"product_cat":[287,313,337,314],"product_tag":[154,140,98,60,142,153,139],"class_list":{"0":"post-5216","1":"product","2":"type-product","3":"status-publish","4":"has-post-thumbnail","6":"product_brand-innova-prod","7":"product_cat-baja-de-peso","8":"product_cat-preparate-para-el-verano-","9":"product_cat-productos","10":"product_cat-productos-para-bajar-de-peso","11":"product_tag-diente-de-leon","12":"product_tag-guarana","13":"product_tag-nopal","14":"product_tag-sabila","15":"product_tag-te-blanco","16":"product_tag-te-rojo","17":"product_tag-zarzaparrilla","19":"first","20":"instock","21":"shipping-taxable","22":"purchasable","23":"product-type-simple"},"_links":{"self":[{"href":"https:\/\/modest-napier.216-250-124-103.plesk.page\/index.php\/wp-json\/wp\/v2\/product\/5216","targetHints":{"allow":["GET"]}}],"collection":[{"href":"https:\/\/modest-napier.216-250-124-103.plesk.page\/index.php\/wp-json\/wp\/v2\/product"}],"about":[{"href":"https:\/\/modest-napier.216-250-124-103.plesk.page\/index.php\/wp-json\/wp\/v2\/types\/product"}],"replies":[{"embeddable":true,"href":"https:\/\/modest-napier.216-250-124-103.plesk.page\/index.php\/wp-json\/wp\/v2\/comments?post=5216"}],"wp:featuredmedia":[{"embeddable":true,"href":"https:\/\/modest-napier.216-250-124-103.plesk.page\/index.php\/wp-json\/wp\/v2\/media\/1703"}],"wp:attachment":[{"href":"https:\/\/modest-napier.216-250-124-103.plesk.page\/index.php\/wp-json\/wp\/v2\/media?parent=5216"}],"wp:term":[{"taxonomy":"product_brand","embeddable":true,"href":"https:\/\/modest-napier.216-250-124-103.plesk.page\/index.php\/wp-json\/wp\/v2\/product_brand?post=5216"},{"taxonomy":"product_cat","embeddable":true,"href":"https:\/\/modest-napier.216-250-124-103.plesk.page\/index.php\/wp-json\/wp\/v2\/product_cat?post=5216"},{"taxonomy":"product_tag","embeddable":true,"href":"https:\/\/modest-napier.216-250-124-103.plesk.page\/index.php\/wp-json\/wp\/v2\/product_tag?post=5216"}],"curies":[{"name":"wp","href":"https:\/\/api.w.org\/{rel}","templated":true}]}}