{"id":5217,"date":"2025-09-24T19:30:33","date_gmt":"2025-09-24T19:30:33","guid":{"rendered":"https:\/\/modest-napier.216-250-124-103.plesk.page\/index.php\/producto\/cap-demograss-premier-c-30-con-innov-prod\/"},"modified":"2025-09-24T20:47:57","modified_gmt":"2025-09-24T20:47:57","slug":"cap-demograss-premier-c-30-con-innov-prod","status":"publish","type":"product","link":"https:\/\/modest-napier.216-250-124-103.plesk.page\/index.php\/producto\/cap-demograss-premier-c-30-con-innov-prod\/","title":{"rendered":"Demograss Premier 30 c\u00e1psulas Innov &#038; Prod"},"content":{"rendered":"<p>\u00a1Demograss PREMIER es una formula Nueva \u201cExtra Fuerte\u201d! Su principal funci\u00f3n es que es termog\u00e9nico y diur\u00e9tico, aceleran el metabolismo, lo que permite quemar grasas de forma m\u00e1s r\u00e1pida, ayudando a eliminar toxinas y grasas del cuerpo.<\/p>\n","protected":false},"excerpt":{"rendered":"<p>\u00a1Demograss PREMIER es una formula Nueva \u201cExtra Fuerte\u201d! Su principal funci\u00f3n es que es termog\u00e9nico y diur\u00e9tico, aceleran el metabolismo, lo que permite quemar grasas de forma m\u00e1s r\u00e1pida, ayudando [&hellip;]<\/p>\n","protected":false},"featured_media":1704,"comment_status":"open","ping_status":"closed","template":"","meta":[],"product_brand":[631],"product_cat":[287,313,337,314],"product_tag":[33,145,155,151,156,157,158,49],"class_list":{"0":"post-5217","1":"product","2":"type-product","3":"status-publish","4":"has-post-thumbnail","6":"product_brand-innov-prod","7":"product_cat-baja-de-peso","8":"product_cat-preparate-para-el-verano-","9":"product_cat-productos","10":"product_cat-productos-para-bajar-de-peso","11":"product_tag-aceite-de-oliva","12":"product_tag-arandano","13":"product_tag-cayena","14":"product_tag-curcuma","15":"product_tag-enebro","16":"product_tag-espirulina","17":"product_tag-inulina","18":"product_tag-moringa","20":"first","21":"instock","22":"shipping-taxable","23":"purchasable","24":"product-type-simple"},"_links":{"self":[{"href":"https:\/\/modest-napier.216-250-124-103.plesk.page\/index.php\/wp-json\/wp\/v2\/product\/5217","targetHints":{"allow":["GET"]}}],"collection":[{"href":"https:\/\/modest-napier.216-250-124-103.plesk.page\/index.php\/wp-json\/wp\/v2\/product"}],"about":[{"href":"https:\/\/modest-napier.216-250-124-103.plesk.page\/index.php\/wp-json\/wp\/v2\/types\/product"}],"replies":[{"embeddable":true,"href":"https:\/\/modest-napier.216-250-124-103.plesk.page\/index.php\/wp-json\/wp\/v2\/comments?post=5217"}],"wp:featuredmedia":[{"embeddable":true,"href":"https:\/\/modest-napier.216-250-124-103.plesk.page\/index.php\/wp-json\/wp\/v2\/media\/1704"}],"wp:attachment":[{"href":"https:\/\/modest-napier.216-250-124-103.plesk.page\/index.php\/wp-json\/wp\/v2\/media?parent=5217"}],"wp:term":[{"taxonomy":"product_brand","embeddable":true,"href":"https:\/\/modest-napier.216-250-124-103.plesk.page\/index.php\/wp-json\/wp\/v2\/product_brand?post=5217"},{"taxonomy":"product_cat","embeddable":true,"href":"https:\/\/modest-napier.216-250-124-103.plesk.page\/index.php\/wp-json\/wp\/v2\/product_cat?post=5217"},{"taxonomy":"product_tag","embeddable":true,"href":"https:\/\/modest-napier.216-250-124-103.plesk.page\/index.php\/wp-json\/wp\/v2\/product_tag?post=5217"}],"curies":[{"name":"wp","href":"https:\/\/api.w.org\/{rel}","templated":true}]}}