{"id":5218,"date":"2025-09-24T19:30:34","date_gmt":"2025-09-24T19:30:34","guid":{"rendered":"https:\/\/modest-napier.216-250-124-103.plesk.page\/index.php\/producto\/cap-devograss-c-30-la-herbolaria-de-aguascalientes\/"},"modified":"2025-09-24T20:44:23","modified_gmt":"2025-09-24T20:44:23","slug":"cap-devograss-c-30-la-herbolaria-de-aguascalientes","status":"publish","type":"product","link":"https:\/\/modest-napier.216-250-124-103.plesk.page\/index.php\/producto\/cap-devograss-c-30-la-herbolaria-de-aguascalientes\/","title":{"rendered":"Devograss 30 c\u00e1psulas Herbolaria de Aguascalientes"},"content":{"rendered":"<p data-mce-fragment=\"1\"><strong data-mce-fragment=\"1\">Descripci\u00f3n:<\/strong><\/p>\n<p>El suplemento en c\u00e1psulas <strong>Devograss<\/strong> tiene los siguientes beneficios:<\/p>\n<ul data-mce-fragment=\"1\">\n<li data-mce-fragment=\"1\">Provoca sensaci\u00f3n de saciedad.<\/li>\n<li data-mce-fragment=\"1\">Evita la ansiedad por los alimentos.<\/li>\n<li data-mce-fragment=\"1\">Ayuda a comer menos.<\/li>\n<li data-mce-fragment=\"1\">Regulador intestinal.<\/li>\n<li data-mce-fragment=\"1\">Evita el estre\u00f1imiento.<\/li>\n<li data-mce-fragment=\"1\">Evita la inflamaci\u00f3n del abdomen.<\/li>\n<li data-mce-fragment=\"1\">Act\u00faa como depurador desintoxica tu organismo.<\/li>\n<li data-mce-fragment=\"1\">Act\u00faa como diur\u00e9tico.<\/li>\n<li data-mce-fragment=\"1\">Ayuda a quemar la grasa.<\/li>\n<\/ul>\n<p data-mce-fragment=\"1\"><strong data-mce-fragment=\"1\">Modo de uso:<\/strong><\/p>\n<p data-mce-fragment=\"1\"><span data-mce-fragment=\"1\">Tomar 1 c\u00e1psula por la noche con suficiente agua.<\/span><\/p>\n<p data-mce-fragment=\"1\"><strong data-mce-fragment=\"1\">Contenido:<\/strong><\/p>\n<p data-mce-fragment=\"1\">30 c\u00e1psulas.<\/p>\n","protected":false},"excerpt":{"rendered":"<p>Descripci\u00f3n: El suplemento en c\u00e1psulas Devograss tiene los siguientes beneficios: Provoca sensaci\u00f3n de saciedad. Evita la ansiedad por los alimentos. Ayuda a comer menos. Regulador intestinal. Evita el estre\u00f1imiento. Evita [&hellip;]<\/p>\n","protected":false},"featured_media":1705,"comment_status":"open","ping_status":"closed","template":"","meta":[],"product_brand":[512],"product_cat":[287,337,314],"product_tag":[],"class_list":{"0":"post-5218","1":"product","2":"type-product","3":"status-publish","4":"has-post-thumbnail","6":"product_brand-herbolaria-de-aguascalientes","7":"product_cat-baja-de-peso","8":"product_cat-productos","9":"product_cat-productos-para-bajar-de-peso","11":"first","12":"instock","13":"shipping-taxable","14":"purchasable","15":"product-type-simple"},"_links":{"self":[{"href":"https:\/\/modest-napier.216-250-124-103.plesk.page\/index.php\/wp-json\/wp\/v2\/product\/5218","targetHints":{"allow":["GET"]}}],"collection":[{"href":"https:\/\/modest-napier.216-250-124-103.plesk.page\/index.php\/wp-json\/wp\/v2\/product"}],"about":[{"href":"https:\/\/modest-napier.216-250-124-103.plesk.page\/index.php\/wp-json\/wp\/v2\/types\/product"}],"replies":[{"embeddable":true,"href":"https:\/\/modest-napier.216-250-124-103.plesk.page\/index.php\/wp-json\/wp\/v2\/comments?post=5218"}],"wp:featuredmedia":[{"embeddable":true,"href":"https:\/\/modest-napier.216-250-124-103.plesk.page\/index.php\/wp-json\/wp\/v2\/media\/1705"}],"wp:attachment":[{"href":"https:\/\/modest-napier.216-250-124-103.plesk.page\/index.php\/wp-json\/wp\/v2\/media?parent=5218"}],"wp:term":[{"taxonomy":"product_brand","embeddable":true,"href":"https:\/\/modest-napier.216-250-124-103.plesk.page\/index.php\/wp-json\/wp\/v2\/product_brand?post=5218"},{"taxonomy":"product_cat","embeddable":true,"href":"https:\/\/modest-napier.216-250-124-103.plesk.page\/index.php\/wp-json\/wp\/v2\/product_cat?post=5218"},{"taxonomy":"product_tag","embeddable":true,"href":"https:\/\/modest-napier.216-250-124-103.plesk.page\/index.php\/wp-json\/wp\/v2\/product_tag?post=5218"}],"curies":[{"name":"wp","href":"https:\/\/api.w.org\/{rel}","templated":true}]}}