{"id":5224,"date":"2025-09-24T19:30:41","date_gmt":"2025-09-24T19:30:41","guid":{"rendered":"https:\/\/modest-napier.216-250-124-103.plesk.page\/index.php\/producto\/cap-dieters-drink-c-90-la-salud-es-primero\/"},"modified":"2025-09-24T20:44:51","modified_gmt":"2025-09-24T20:44:51","slug":"cap-dieters-drink-c-90-la-salud-es-primero","status":"publish","type":"product","link":"https:\/\/modest-napier.216-250-124-103.plesk.page\/index.php\/producto\/cap-dieters-drink-c-90-la-salud-es-primero\/","title":{"rendered":"Dieter&#8217;s Drink 90 c\u00e1psulas La Salud es Primero"},"content":{"rendered":"<p data-mce-fragment=\"1\"><span>El suplemento alimenticio\u00a0<strong>Dieter&#8217;s Drink<\/strong> con hoja de sen favorece la f\u00e1cil digesti\u00f3n, es auxiliar para disminuir c\u00f3licos intestinales.<\/span><span><\/span><\/p>\n","protected":false},"excerpt":{"rendered":"<p>El suplemento alimenticio\u00a0Dieter&#8217;s Drink con hoja de sen favorece la f\u00e1cil digesti\u00f3n, es auxiliar para disminuir c\u00f3licos intestinales.<\/p>\n","protected":false},"featured_media":1713,"comment_status":"open","ping_status":"closed","template":"","meta":[],"product_brand":[356],"product_cat":[287,313,337,314],"product_tag":[162],"class_list":{"0":"post-5224","1":"product","2":"type-product","3":"status-publish","4":"has-post-thumbnail","6":"product_brand-la-salud-es-primero","7":"product_cat-baja-de-peso","8":"product_cat-preparate-para-el-verano-","9":"product_cat-productos","10":"product_cat-productos-para-bajar-de-peso","11":"product_tag-hoja-de-sen","13":"first","14":"instock","15":"shipping-taxable","16":"purchasable","17":"product-type-simple"},"_links":{"self":[{"href":"https:\/\/modest-napier.216-250-124-103.plesk.page\/index.php\/wp-json\/wp\/v2\/product\/5224","targetHints":{"allow":["GET"]}}],"collection":[{"href":"https:\/\/modest-napier.216-250-124-103.plesk.page\/index.php\/wp-json\/wp\/v2\/product"}],"about":[{"href":"https:\/\/modest-napier.216-250-124-103.plesk.page\/index.php\/wp-json\/wp\/v2\/types\/product"}],"replies":[{"embeddable":true,"href":"https:\/\/modest-napier.216-250-124-103.plesk.page\/index.php\/wp-json\/wp\/v2\/comments?post=5224"}],"wp:featuredmedia":[{"embeddable":true,"href":"https:\/\/modest-napier.216-250-124-103.plesk.page\/index.php\/wp-json\/wp\/v2\/media\/1713"}],"wp:attachment":[{"href":"https:\/\/modest-napier.216-250-124-103.plesk.page\/index.php\/wp-json\/wp\/v2\/media?parent=5224"}],"wp:term":[{"taxonomy":"product_brand","embeddable":true,"href":"https:\/\/modest-napier.216-250-124-103.plesk.page\/index.php\/wp-json\/wp\/v2\/product_brand?post=5224"},{"taxonomy":"product_cat","embeddable":true,"href":"https:\/\/modest-napier.216-250-124-103.plesk.page\/index.php\/wp-json\/wp\/v2\/product_cat?post=5224"},{"taxonomy":"product_tag","embeddable":true,"href":"https:\/\/modest-napier.216-250-124-103.plesk.page\/index.php\/wp-json\/wp\/v2\/product_tag?post=5224"}],"curies":[{"name":"wp","href":"https:\/\/api.w.org\/{rel}","templated":true}]}}