{"id":5227,"date":"2025-09-24T19:30:45","date_gmt":"2025-09-24T19:30:45","guid":{"rendered":"https:\/\/modest-napier.216-250-124-103.plesk.page\/index.php\/producto\/cap-easy-forte-c-30-lab\/"},"modified":"2025-09-24T20:47:56","modified_gmt":"2025-09-24T20:47:56","slug":"cap-easy-forte-c-30-lab","status":"publish","type":"product","link":"https:\/\/modest-napier.216-250-124-103.plesk.page\/index.php\/producto\/cap-easy-forte-c-30-lab\/","title":{"rendered":"Easy Forte 30 c\u00e1psulas Lab"},"content":{"rendered":"<p><strong>Easy Forte <\/strong>es un suplemento totalmente natural que ayuda a tus esfuerzos de control de peso siguiendo una dieta equilibrada. Con ingredientes naturales, Easy Forte tambi\u00e9n ayuda a limpiar tu sistema digestivo, ayuda a digerir grasas y prote\u00ednas y a utilizar mejor la energ\u00eda almacenada.<\/p>\n<h3>\u00bfCu\u00e1les son los beneficios de las c\u00e1psulas Easy Forte?<\/h3>\n<ul>\n<li>P\u00e9rdida de peso.<\/li>\n<li>Intestinos sanos.<\/li>\n<li>La quema de grasa.<\/li>\n<\/ul>\n<p data-mce-fragment=\"1\"><\/p>\n","protected":false},"excerpt":{"rendered":"<p>Easy Forte es un suplemento totalmente natural que ayuda a tus esfuerzos de control de peso siguiendo una dieta equilibrada. Con ingredientes naturales, Easy Forte tambi\u00e9n ayuda a limpiar tu [&hellip;]<\/p>\n","protected":false},"featured_media":1716,"comment_status":"open","ping_status":"closed","template":"","meta":[],"product_brand":[368],"product_cat":[287,337],"product_tag":[34,131,114,46],"class_list":{"0":"post-5227","1":"product","2":"type-product","3":"status-publish","4":"has-post-thumbnail","6":"product_brand-nolisan","7":"product_cat-baja-de-peso","8":"product_cat-productos","9":"product_tag-almendra","10":"product_tag-avena","11":"product_tag-chia","12":"product_tag-linaza","14":"first","15":"instock","16":"shipping-taxable","17":"purchasable","18":"product-type-simple"},"_links":{"self":[{"href":"https:\/\/modest-napier.216-250-124-103.plesk.page\/index.php\/wp-json\/wp\/v2\/product\/5227","targetHints":{"allow":["GET"]}}],"collection":[{"href":"https:\/\/modest-napier.216-250-124-103.plesk.page\/index.php\/wp-json\/wp\/v2\/product"}],"about":[{"href":"https:\/\/modest-napier.216-250-124-103.plesk.page\/index.php\/wp-json\/wp\/v2\/types\/product"}],"replies":[{"embeddable":true,"href":"https:\/\/modest-napier.216-250-124-103.plesk.page\/index.php\/wp-json\/wp\/v2\/comments?post=5227"}],"wp:featuredmedia":[{"embeddable":true,"href":"https:\/\/modest-napier.216-250-124-103.plesk.page\/index.php\/wp-json\/wp\/v2\/media\/1716"}],"wp:attachment":[{"href":"https:\/\/modest-napier.216-250-124-103.plesk.page\/index.php\/wp-json\/wp\/v2\/media?parent=5227"}],"wp:term":[{"taxonomy":"product_brand","embeddable":true,"href":"https:\/\/modest-napier.216-250-124-103.plesk.page\/index.php\/wp-json\/wp\/v2\/product_brand?post=5227"},{"taxonomy":"product_cat","embeddable":true,"href":"https:\/\/modest-napier.216-250-124-103.plesk.page\/index.php\/wp-json\/wp\/v2\/product_cat?post=5227"},{"taxonomy":"product_tag","embeddable":true,"href":"https:\/\/modest-napier.216-250-124-103.plesk.page\/index.php\/wp-json\/wp\/v2\/product_tag?post=5227"}],"curies":[{"name":"wp","href":"https:\/\/api.w.org\/{rel}","templated":true}]}}