{"id":5228,"date":"2025-09-24T19:30:46","date_gmt":"2025-09-24T19:30:46","guid":{"rendered":"https:\/\/modest-napier.216-250-124-103.plesk.page\/index.php\/producto\/cap-elv-control-c-90-green-elv-nutrition\/"},"modified":"2025-09-24T20:44:00","modified_gmt":"2025-09-24T20:44:00","slug":"elv-control","status":"publish","type":"product","link":"https:\/\/modest-napier.216-250-124-103.plesk.page\/index.php\/producto\/elv-control\/","title":{"rendered":"Elv Control 90 c\u00e1psulas Green Elv Nutrition"},"content":{"rendered":"<p>\u00a1Transforma tu vida con\u00a0<strong>ELV Control<\/strong>! Con el poder de la ra\u00edz de tejocote, el nopal y la espirulina, la poderosa f\u00f3rmula de ELV Control lo convierte en un aliado ideal para perder peso. \u00bfC\u00f3mo lo logra? <em>ELV Control te ayuda a sentir saciedad y controla esa ansiedad por comer en exceso<\/em>, allanando el camino hacia una alimentaci\u00f3n m\u00e1s consciente. Adem\u00e1s, previene el estre\u00f1imiento, desintoxica y limpia tu organismo, promoviendo un bienestar integral.<\/p>\n","protected":false},"excerpt":{"rendered":"<p>\u00a1Transforma tu vida con\u00a0ELV Control! Con el poder de la ra\u00edz de tejocote, el nopal y la espirulina, la poderosa f\u00f3rmula de ELV Control lo convierte en un aliado ideal [&hellip;]<\/p>\n","protected":false},"featured_media":1717,"comment_status":"open","ping_status":"closed","template":"","meta":[],"product_brand":[485],"product_cat":[287,312,337,314],"product_tag":[157,98,163],"class_list":{"0":"post-5228","1":"product","2":"type-product","3":"status-publish","4":"has-post-thumbnail","6":"product_brand-green-elv-nutrition","7":"product_cat-baja-de-peso","8":"product_cat-populares","9":"product_cat-productos","10":"product_cat-productos-para-bajar-de-peso","11":"product_tag-espirulina","12":"product_tag-nopal","13":"product_tag-tejocote","15":"first","16":"instock","17":"shipping-taxable","18":"purchasable","19":"product-type-simple"},"_links":{"self":[{"href":"https:\/\/modest-napier.216-250-124-103.plesk.page\/index.php\/wp-json\/wp\/v2\/product\/5228","targetHints":{"allow":["GET"]}}],"collection":[{"href":"https:\/\/modest-napier.216-250-124-103.plesk.page\/index.php\/wp-json\/wp\/v2\/product"}],"about":[{"href":"https:\/\/modest-napier.216-250-124-103.plesk.page\/index.php\/wp-json\/wp\/v2\/types\/product"}],"replies":[{"embeddable":true,"href":"https:\/\/modest-napier.216-250-124-103.plesk.page\/index.php\/wp-json\/wp\/v2\/comments?post=5228"}],"wp:featuredmedia":[{"embeddable":true,"href":"https:\/\/modest-napier.216-250-124-103.plesk.page\/index.php\/wp-json\/wp\/v2\/media\/1717"}],"wp:attachment":[{"href":"https:\/\/modest-napier.216-250-124-103.plesk.page\/index.php\/wp-json\/wp\/v2\/media?parent=5228"}],"wp:term":[{"taxonomy":"product_brand","embeddable":true,"href":"https:\/\/modest-napier.216-250-124-103.plesk.page\/index.php\/wp-json\/wp\/v2\/product_brand?post=5228"},{"taxonomy":"product_cat","embeddable":true,"href":"https:\/\/modest-napier.216-250-124-103.plesk.page\/index.php\/wp-json\/wp\/v2\/product_cat?post=5228"},{"taxonomy":"product_tag","embeddable":true,"href":"https:\/\/modest-napier.216-250-124-103.plesk.page\/index.php\/wp-json\/wp\/v2\/product_tag?post=5228"}],"curies":[{"name":"wp","href":"https:\/\/api.w.org\/{rel}","templated":true}]}}