{"id":5230,"date":"2025-09-24T19:30:48","date_gmt":"2025-09-24T19:30:48","guid":{"rendered":"https:\/\/modest-napier.216-250-124-103.plesk.page\/index.php\/producto\/cap-enebro-c-150-yazmineliminado\/"},"modified":"2025-09-24T19:30:50","modified_gmt":"2025-09-24T19:30:50","slug":"cap-enebro-c-150-yazmineliminado","status":"publish","type":"product","link":"https:\/\/modest-napier.216-250-124-103.plesk.page\/index.php\/producto\/cap-enebro-c-150-yazmineliminado\/","title":{"rendered":"CAP ENEBRO C\/150 YAZMIN(ELIMINADO)"},"content":{"rendered":"<p data-mce-fragment=\"1\"><strong data-mce-fragment=\"1\">Descripci\u00f3n:<\/strong><\/p>\n<ul>\n<li>Estimula la<span>\u00a0<\/span><strong>depuraci\u00f3n<\/strong><span>\u00a0<\/span>y<span>\u00a0<\/span><strong>limpieza<\/strong><span>\u00a0<\/span>del<span>\u00a0<\/span><strong>ri\u00f1\u00f3n<\/strong>\n<\/li>\n<li>Favorece la eliminaci\u00f3n de<span>\u00a0<\/span><strong>sustancias t\u00f3xicas<\/strong><span>\u00a0<\/span>a trav\u00e9s de la orina<\/li>\n<li>Promueve la salud de los<span>\u00a0<\/span><strong>ri\u00f1ones<\/strong>\n<\/li>\n<\/ul>\n<p data-mce-fragment=\"1\"><strong data-mce-fragment=\"1\">Modo de uso:<\/strong><\/p>\n<p data-mce-fragment=\"1\"><span>Tomar 2 c\u00e1psulas 3 veces al d\u00eda con alimentos, no exceda la porci\u00f3n recomendada.<\/span><\/p>\n<p data-mce-fragment=\"1\"><strong data-mce-fragment=\"1\">Contenido:<\/strong><\/p>\n<p data-mce-fragment=\"1\">150 c\u00e1psulas<\/p>\n","protected":false},"excerpt":{"rendered":"<p>Descripci\u00f3n: Estimula la\u00a0depuraci\u00f3n\u00a0y\u00a0limpieza\u00a0del\u00a0ri\u00f1\u00f3n Favorece la eliminaci\u00f3n de\u00a0sustancias t\u00f3xicas\u00a0a trav\u00e9s de la orina Promueve la salud de los\u00a0ri\u00f1ones Modo de uso: Tomar 2 c\u00e1psulas 3 veces al d\u00eda con alimentos, no [&hellip;]<\/p>\n","protected":false},"featured_media":1719,"comment_status":"open","ping_status":"closed","template":"","meta":[],"product_brand":[],"product_cat":[337,318],"product_tag":[],"class_list":{"0":"post-5230","1":"product","2":"type-product","3":"status-publish","4":"has-post-thumbnail","6":"product_cat-productos","7":"product_cat-salud","9":"first","10":"outofstock","11":"shipping-taxable","12":"purchasable","13":"product-type-simple"},"_links":{"self":[{"href":"https:\/\/modest-napier.216-250-124-103.plesk.page\/index.php\/wp-json\/wp\/v2\/product\/5230","targetHints":{"allow":["GET"]}}],"collection":[{"href":"https:\/\/modest-napier.216-250-124-103.plesk.page\/index.php\/wp-json\/wp\/v2\/product"}],"about":[{"href":"https:\/\/modest-napier.216-250-124-103.plesk.page\/index.php\/wp-json\/wp\/v2\/types\/product"}],"replies":[{"embeddable":true,"href":"https:\/\/modest-napier.216-250-124-103.plesk.page\/index.php\/wp-json\/wp\/v2\/comments?post=5230"}],"wp:featuredmedia":[{"embeddable":true,"href":"https:\/\/modest-napier.216-250-124-103.plesk.page\/index.php\/wp-json\/wp\/v2\/media\/1719"}],"wp:attachment":[{"href":"https:\/\/modest-napier.216-250-124-103.plesk.page\/index.php\/wp-json\/wp\/v2\/media?parent=5230"}],"wp:term":[{"taxonomy":"product_brand","embeddable":true,"href":"https:\/\/modest-napier.216-250-124-103.plesk.page\/index.php\/wp-json\/wp\/v2\/product_brand?post=5230"},{"taxonomy":"product_cat","embeddable":true,"href":"https:\/\/modest-napier.216-250-124-103.plesk.page\/index.php\/wp-json\/wp\/v2\/product_cat?post=5230"},{"taxonomy":"product_tag","embeddable":true,"href":"https:\/\/modest-napier.216-250-124-103.plesk.page\/index.php\/wp-json\/wp\/v2\/product_tag?post=5230"}],"curies":[{"name":"wp","href":"https:\/\/api.w.org\/{rel}","templated":true}]}}