{"id":5236,"date":"2025-09-24T19:30:57","date_gmt":"2025-09-24T19:30:57","guid":{"rendered":"https:\/\/modest-napier.216-250-124-103.plesk.page\/index.php\/producto\/cap-femmeliz-c-60-signo-natural\/"},"modified":"2025-09-24T20:46:38","modified_gmt":"2025-09-24T20:46:38","slug":"cap-femmeliz-c-60-signo-natural","status":"publish","type":"product","link":"https:\/\/modest-napier.216-250-124-103.plesk.page\/index.php\/producto\/cap-femmeliz-c-60-signo-natural\/","title":{"rendered":"Femmeliz 60 c\u00e1psulas Signo Natural"},"content":{"rendered":"<p data-mce-fragment=\"1\"><strong data-mce-fragment=\"1\">Descripci\u00f3n:<\/strong><\/p>\n<div dir=\"auto\">El suplemento Femmeliz est\u00e1 indicado como coadyuvante para disminuir algunos s\u00edntomas de la menopausia como son:<\/div>\n<div dir=\"auto\">\n<ul>\n<li>Bochornos<\/li>\n<li>Sudoraci\u00f3n nocturna<\/li>\n<li>Palpitaciones<\/li>\n<li>Trastornos del sue\u00f1o<\/li>\n<li>Alteraciones emocionales<\/li>\n<li>Fatiga f\u00edsica y mental<\/li>\n<li>Disminuci\u00f3n del libido<\/li>\n<li>Resequedad vaginal<\/li>\n<li>Dolor en m\u00fasculos y articulaciones<\/li>\n<li>Dolores de cabeza<\/li>\n<li>\u00a0Irritabilidad<\/li>\n<li>\u00a0Aumento de peso<\/li>\n<li>Estr\u00e9s<\/li>\n<li>Poca energ\u00eda<\/li>\n<li>Cambios de humor<\/li>\n<\/ul>\n<\/div>\n<div dir=\"auto\"><span class=\"pq6dq46d tbxw36s4 knj5qynh kvgmc6g5 ditlmg2l oygrvhab nvdbi5me sf5mxxl7 gl3lb2sf hhz5lgdu\"><\/span><\/div>\n<p data-mce-fragment=\"1\"><strong data-mce-fragment=\"1\">Ingredientes:<\/strong><\/p>\n<p data-mce-fragment=\"1\">\u00d1ame, tofu, manzanilla, Kava, \u00c1cido F\u00f3lico.<\/p>\n<p data-mce-fragment=\"1\"><strong data-mce-fragment=\"1\">Modo de uso:<\/strong><\/p>\n<p data-mce-fragment=\"1\">Tomar 3 c\u00e1psulas al d\u00eda con lo alimentos.<\/p>\n<p data-mce-fragment=\"1\"><strong data-mce-fragment=\"1\">Contenido:<\/strong><\/p>\n<p data-mce-fragment=\"1\">60 c\u00e1psulas.<\/p>\n","protected":false},"excerpt":{"rendered":"<p>Descripci\u00f3n: El suplemento Femmeliz est\u00e1 indicado como coadyuvante para disminuir algunos s\u00edntomas de la menopausia como son: Bochornos Sudoraci\u00f3n nocturna Palpitaciones Trastornos del sue\u00f1o Alteraciones emocionales Fatiga f\u00edsica y mental [&hellip;]<\/p>\n","protected":false},"featured_media":1725,"comment_status":"open","ping_status":"closed","template":"","meta":[],"product_brand":[359],"product_cat":[337,318,329],"product_tag":[169],"class_list":{"0":"post-5236","1":"product","2":"type-product","3":"status-publish","4":"has-post-thumbnail","6":"product_brand-signo-natural","7":"product_cat-productos","8":"product_cat-salud","9":"product_cat-suplementos-para-la-mujer","10":"product_tag-acido-folico","12":"first","13":"instock","14":"shipping-taxable","15":"purchasable","16":"product-type-simple"},"_links":{"self":[{"href":"https:\/\/modest-napier.216-250-124-103.plesk.page\/index.php\/wp-json\/wp\/v2\/product\/5236","targetHints":{"allow":["GET"]}}],"collection":[{"href":"https:\/\/modest-napier.216-250-124-103.plesk.page\/index.php\/wp-json\/wp\/v2\/product"}],"about":[{"href":"https:\/\/modest-napier.216-250-124-103.plesk.page\/index.php\/wp-json\/wp\/v2\/types\/product"}],"replies":[{"embeddable":true,"href":"https:\/\/modest-napier.216-250-124-103.plesk.page\/index.php\/wp-json\/wp\/v2\/comments?post=5236"}],"wp:featuredmedia":[{"embeddable":true,"href":"https:\/\/modest-napier.216-250-124-103.plesk.page\/index.php\/wp-json\/wp\/v2\/media\/1725"}],"wp:attachment":[{"href":"https:\/\/modest-napier.216-250-124-103.plesk.page\/index.php\/wp-json\/wp\/v2\/media?parent=5236"}],"wp:term":[{"taxonomy":"product_brand","embeddable":true,"href":"https:\/\/modest-napier.216-250-124-103.plesk.page\/index.php\/wp-json\/wp\/v2\/product_brand?post=5236"},{"taxonomy":"product_cat","embeddable":true,"href":"https:\/\/modest-napier.216-250-124-103.plesk.page\/index.php\/wp-json\/wp\/v2\/product_cat?post=5236"},{"taxonomy":"product_tag","embeddable":true,"href":"https:\/\/modest-napier.216-250-124-103.plesk.page\/index.php\/wp-json\/wp\/v2\/product_tag?post=5236"}],"curies":[{"name":"wp","href":"https:\/\/api.w.org\/{rel}","templated":true}]}}