{"id":5239,"date":"2025-09-24T19:31:00","date_gmt":"2025-09-24T19:31:00","guid":{"rendered":"https:\/\/modest-napier.216-250-124-103.plesk.page\/index.php\/producto\/cap-figure-life-gold-c-30-centro-moreliano\/"},"modified":"2025-09-24T20:43:33","modified_gmt":"2025-09-24T20:43:33","slug":"figure-life-gold","status":"publish","type":"product","link":"https:\/\/modest-napier.216-250-124-103.plesk.page\/index.php\/producto\/figure-life-gold\/","title":{"rendered":"Figure Life Gold 30 c\u00e1psulas Centro Moreliano"},"content":{"rendered":"<p><span style=\"vertical-align: inherit;\"><span style=\"vertical-align: inherit;\">El suplemento\u00a0 <\/span><\/span><strong><span style=\"vertical-align: inherit;\"><span style=\"vertical-align: inherit;\">Figure Life Gold<\/span><\/span><\/strong><span style=\"vertical-align: inherit;\"><span style=\"vertical-align: inherit;\"> es auxiliar en el tratamiento para bajar de peso ya que por sus ingredientes ayuda a acelerar el metabolismo, utilizando la grasa corporal como energ\u00eda para as\u00ed ir reduciendo tallas y peso. Ayuda a combatir el estre\u00f1imiento y bajar los niveles de colesterol y triglic\u00e9ridos.<\/span><\/span><strong><\/strong><\/p>\n","protected":false},"excerpt":{"rendered":"<p>El suplemento\u00a0 Figure Life Gold es auxiliar en el tratamiento para bajar de peso ya que por sus ingredientes ayuda a acelerar el metabolismo, utilizando la grasa corporal como energ\u00eda [&hellip;]<\/p>\n","protected":false},"featured_media":1729,"comment_status":"open","ping_status":"closed","template":"","meta":[],"product_brand":[454],"product_cat":[287,336,312,337,314,318],"product_tag":[40,154,157,166,140,162,122,167,46,170,98,133,123,60,138,117,139],"class_list":{"0":"post-5239","1":"product","2":"type-product","3":"status-publish","4":"has-post-thumbnail","6":"product_brand-centro-moreliano","7":"product_cat-baja-de-peso","8":"product_cat-celebra-el-verano-","9":"product_cat-populares","10":"product_cat-productos","11":"product_cat-productos-para-bajar-de-peso","12":"product_cat-salud","13":"product_tag-celebra-el-verano","14":"product_tag-diente-de-leon","15":"product_tag-espirulina","16":"product_tag-garcinia-cambogia","17":"product_tag-guarana","18":"product_tag-hoja-de-sen","19":"product_tag-l-carnitina","20":"product_tag-lecitina-de-soya","21":"product_tag-linaza","22":"product_tag-malva","23":"product_tag-nopal","24":"product_tag-omega-3-6-9","25":"product_tag-pina","26":"product_tag-sabila","27":"product_tag-te-verde","28":"product_tag-toronja","29":"product_tag-zarzaparrilla","31":"first","32":"instock","33":"shipping-taxable","34":"purchasable","35":"product-type-simple"},"_links":{"self":[{"href":"https:\/\/modest-napier.216-250-124-103.plesk.page\/index.php\/wp-json\/wp\/v2\/product\/5239","targetHints":{"allow":["GET"]}}],"collection":[{"href":"https:\/\/modest-napier.216-250-124-103.plesk.page\/index.php\/wp-json\/wp\/v2\/product"}],"about":[{"href":"https:\/\/modest-napier.216-250-124-103.plesk.page\/index.php\/wp-json\/wp\/v2\/types\/product"}],"replies":[{"embeddable":true,"href":"https:\/\/modest-napier.216-250-124-103.plesk.page\/index.php\/wp-json\/wp\/v2\/comments?post=5239"}],"wp:featuredmedia":[{"embeddable":true,"href":"https:\/\/modest-napier.216-250-124-103.plesk.page\/index.php\/wp-json\/wp\/v2\/media\/1729"}],"wp:attachment":[{"href":"https:\/\/modest-napier.216-250-124-103.plesk.page\/index.php\/wp-json\/wp\/v2\/media?parent=5239"}],"wp:term":[{"taxonomy":"product_brand","embeddable":true,"href":"https:\/\/modest-napier.216-250-124-103.plesk.page\/index.php\/wp-json\/wp\/v2\/product_brand?post=5239"},{"taxonomy":"product_cat","embeddable":true,"href":"https:\/\/modest-napier.216-250-124-103.plesk.page\/index.php\/wp-json\/wp\/v2\/product_cat?post=5239"},{"taxonomy":"product_tag","embeddable":true,"href":"https:\/\/modest-napier.216-250-124-103.plesk.page\/index.php\/wp-json\/wp\/v2\/product_tag?post=5239"}],"curies":[{"name":"wp","href":"https:\/\/api.w.org\/{rel}","templated":true}]}}