{"id":5243,"date":"2025-09-24T19:31:06","date_gmt":"2025-09-24T19:31:06","guid":{"rendered":"https:\/\/modest-napier.216-250-124-103.plesk.page\/index.php\/producto\/cap-garcinia-cambogia-premium-c-30-naturals-herbs\/"},"modified":"2025-09-24T20:43:34","modified_gmt":"2025-09-24T20:43:34","slug":"garcinia-cambogia-premium-naturals-herbs","status":"publish","type":"product","link":"https:\/\/modest-napier.216-250-124-103.plesk.page\/index.php\/producto\/garcinia-cambogia-premium-naturals-herbs\/","title":{"rendered":"Garcinia Cambogia Premium 30 c\u00e1psulas"},"content":{"rendered":"<p><strong>Descripci\u00f3n:<\/strong><\/p>\n<p>El suplemento de <strong>garcinia cambogia en c\u00e1psulas<\/strong> ayuda a metabolizar la grasa corporal. Balancea el apetito. Ayuda a elevar tu nivel de energ\u00eda. Bloquea la nueva formaci\u00f3n de grasa. Estiliza tu figura.<\/p>\n<p><strong>Modo de uso:<\/strong><br \/>Tomar 1 c\u00e1psula diariamente.<\/p>\n<p><strong>Contenido:<\/strong><br \/>30 c\u00e1psulas.<\/p>\n","protected":false},"excerpt":{"rendered":"<p>Descripci\u00f3n: El suplemento de garcinia cambogia en c\u00e1psulas ayuda a metabolizar la grasa corporal. Balancea el apetito. Ayuda a elevar tu nivel de energ\u00eda. Bloquea la nueva formaci\u00f3n de grasa. [&hellip;]<\/p>\n","protected":false},"featured_media":1733,"comment_status":"open","ping_status":"closed","template":"","meta":[],"product_brand":[455],"product_cat":[287,313,337,318],"product_tag":[166],"class_list":{"0":"post-5243","1":"product","2":"type-product","3":"status-publish","4":"has-post-thumbnail","6":"product_brand-natural-herbs","7":"product_cat-baja-de-peso","8":"product_cat-preparate-para-el-verano-","9":"product_cat-productos","10":"product_cat-salud","11":"product_tag-garcinia-cambogia","13":"first","14":"instock","15":"shipping-taxable","16":"purchasable","17":"product-type-simple"},"_links":{"self":[{"href":"https:\/\/modest-napier.216-250-124-103.plesk.page\/index.php\/wp-json\/wp\/v2\/product\/5243","targetHints":{"allow":["GET"]}}],"collection":[{"href":"https:\/\/modest-napier.216-250-124-103.plesk.page\/index.php\/wp-json\/wp\/v2\/product"}],"about":[{"href":"https:\/\/modest-napier.216-250-124-103.plesk.page\/index.php\/wp-json\/wp\/v2\/types\/product"}],"replies":[{"embeddable":true,"href":"https:\/\/modest-napier.216-250-124-103.plesk.page\/index.php\/wp-json\/wp\/v2\/comments?post=5243"}],"wp:featuredmedia":[{"embeddable":true,"href":"https:\/\/modest-napier.216-250-124-103.plesk.page\/index.php\/wp-json\/wp\/v2\/media\/1733"}],"wp:attachment":[{"href":"https:\/\/modest-napier.216-250-124-103.plesk.page\/index.php\/wp-json\/wp\/v2\/media?parent=5243"}],"wp:term":[{"taxonomy":"product_brand","embeddable":true,"href":"https:\/\/modest-napier.216-250-124-103.plesk.page\/index.php\/wp-json\/wp\/v2\/product_brand?post=5243"},{"taxonomy":"product_cat","embeddable":true,"href":"https:\/\/modest-napier.216-250-124-103.plesk.page\/index.php\/wp-json\/wp\/v2\/product_cat?post=5243"},{"taxonomy":"product_tag","embeddable":true,"href":"https:\/\/modest-napier.216-250-124-103.plesk.page\/index.php\/wp-json\/wp\/v2\/product_tag?post=5243"}],"curies":[{"name":"wp","href":"https:\/\/api.w.org\/{rel}","templated":true}]}}