{"id":5244,"date":"2025-09-24T19:31:07","date_gmt":"2025-09-24T19:31:07","guid":{"rendered":"https:\/\/modest-napier.216-250-124-103.plesk.page\/index.php\/producto\/cap-garcinia-cambogia-con-goji-roja-c-60-natural-miracle\/"},"modified":"2025-09-24T20:46:38","modified_gmt":"2025-09-24T20:46:38","slug":"cap-garcinia-cambogia-con-goji-roja-c-60-natural-miracle","status":"publish","type":"product","link":"https:\/\/modest-napier.216-250-124-103.plesk.page\/index.php\/producto\/cap-garcinia-cambogia-con-goji-roja-c-60-natural-miracle\/","title":{"rendered":"Garcinia Cambogia Goji Roja 60 c\u00e1psulas"},"content":{"rendered":"<p data-mce-fragment=\"1\"><strong data-mce-fragment=\"1\">Descripci\u00f3n:<\/strong><\/p>\n<p data-mce-fragment=\"1\">El suplemento de <strong>garcinia cambogia con goji en c\u00e1psulas<\/strong> tiene los siguientes beneficios:<\/p>\n<ul>\n<li>Favorece la perdida de peso.<\/li>\n<li><span>Mejora la circulaci\u00f3n.<\/span><\/li>\n<li><span>Fortalece el sistema inmunol\u00f3gico.<\/span><\/li>\n<li>\n<span>Promueve la longevidad.<\/span>\u00a0Mejora la visi\u00f3n.<\/li>\n<li><span>Mejora la memoria.<\/span><\/li>\n<li><span>Protege el h\u00edgado.<\/span><\/li>\n<li><span>Reduce el riesgo de ataque cardiaco.<\/span><\/li>\n<li><span>Bloquea la nueva formaci\u00f3n de grasa.<\/span><\/li>\n<li>Reduce llantitas y papada.\u00a0<\/li>\n<li>Te hace sentir mas joven.<\/li>\n<\/ul>\n<p data-mce-fragment=\"1\"><strong data-mce-fragment=\"1\">Modo de uso:<\/strong><\/p>\n<p data-mce-fragment=\"1\"><span>Tomar 2 c\u00e1psulas por la ma\u00f1ana.<\/span><\/p>\n<p data-mce-fragment=\"1\"><strong data-mce-fragment=\"1\">Contenido:<\/strong><\/p>\n<p data-mce-fragment=\"1\">60 c\u00e1psulas.<\/p>\n","protected":false},"excerpt":{"rendered":"<p>Descripci\u00f3n: El suplemento de garcinia cambogia con goji en c\u00e1psulas tiene los siguientes beneficios: Favorece la perdida de peso. Mejora la circulaci\u00f3n. Fortalece el sistema inmunol\u00f3gico. Promueve la longevidad.\u00a0Mejora la [&hellip;]<\/p>\n","protected":false},"featured_media":1734,"comment_status":"open","ping_status":"closed","template":"","meta":[],"product_brand":[530],"product_cat":[287,337,331],"product_tag":[166,174],"class_list":{"0":"post-5244","1":"product","2":"type-product","3":"status-publish","4":"has-post-thumbnail","6":"product_brand-natural-miracle","7":"product_cat-baja-de-peso","8":"product_cat-productos","9":"product_cat-suplementos-bajar-de-peso","10":"product_tag-garcinia-cambogia","11":"product_tag-goji","13":"first","14":"instock","15":"shipping-taxable","16":"purchasable","17":"product-type-simple"},"_links":{"self":[{"href":"https:\/\/modest-napier.216-250-124-103.plesk.page\/index.php\/wp-json\/wp\/v2\/product\/5244","targetHints":{"allow":["GET"]}}],"collection":[{"href":"https:\/\/modest-napier.216-250-124-103.plesk.page\/index.php\/wp-json\/wp\/v2\/product"}],"about":[{"href":"https:\/\/modest-napier.216-250-124-103.plesk.page\/index.php\/wp-json\/wp\/v2\/types\/product"}],"replies":[{"embeddable":true,"href":"https:\/\/modest-napier.216-250-124-103.plesk.page\/index.php\/wp-json\/wp\/v2\/comments?post=5244"}],"wp:featuredmedia":[{"embeddable":true,"href":"https:\/\/modest-napier.216-250-124-103.plesk.page\/index.php\/wp-json\/wp\/v2\/media\/1734"}],"wp:attachment":[{"href":"https:\/\/modest-napier.216-250-124-103.plesk.page\/index.php\/wp-json\/wp\/v2\/media?parent=5244"}],"wp:term":[{"taxonomy":"product_brand","embeddable":true,"href":"https:\/\/modest-napier.216-250-124-103.plesk.page\/index.php\/wp-json\/wp\/v2\/product_brand?post=5244"},{"taxonomy":"product_cat","embeddable":true,"href":"https:\/\/modest-napier.216-250-124-103.plesk.page\/index.php\/wp-json\/wp\/v2\/product_cat?post=5244"},{"taxonomy":"product_tag","embeddable":true,"href":"https:\/\/modest-napier.216-250-124-103.plesk.page\/index.php\/wp-json\/wp\/v2\/product_tag?post=5244"}],"curies":[{"name":"wp","href":"https:\/\/api.w.org\/{rel}","templated":true}]}}