{"id":5250,"date":"2025-09-24T19:31:14","date_gmt":"2025-09-24T19:31:14","guid":{"rendered":"https:\/\/modest-napier.216-250-124-103.plesk.page\/index.php\/producto\/cap-ginkgo-biloba-c-150-prosa\/"},"modified":"2025-09-24T20:44:23","modified_gmt":"2025-09-24T20:44:23","slug":"cap-ginkgo-biloba-c-150-prosa","status":"publish","type":"product","link":"https:\/\/modest-napier.216-250-124-103.plesk.page\/index.php\/producto\/cap-ginkgo-biloba-c-150-prosa\/","title":{"rendered":"Ginko Biloba 150 c\u00e1psulas Prosa"},"content":{"rendered":"<p data-mce-fragment=\"1\"><strong data-mce-fragment=\"1\">Descripci\u00f3n:<\/strong><\/p>\n<p data-mce-fragment=\"1\">El suplemento de <strong>ginkgo biloba en c\u00e1psulas<\/strong> es eficiente en la oxigenaci\u00f3n cerebral.\u00a0<span data-mce-fragment=\"1\">Auxiliar en el tratamiento de problemas con memoria y concentraci\u00f3n, ansiedad, estr\u00e9s.\u00a0<\/span>Ayuda a mejorar la<span data-mce-fragment=\"1\">\u00a0<\/span><span data-mce-fragment=\"1\">circulaci\u00f3n.<\/span><\/p>\n<p data-mce-fragment=\"1\"><strong data-mce-fragment=\"1\">Modo de uso:<\/strong><br data-mce-fragment=\"1\"><\/p>\n<p data-mce-fragment=\"1\"><span data-mce-fragment=\"1\">Tomar 2 c\u00e1psulas 3 veces al d\u00eda antes de los alimentos.<\/span><\/p>\n<p data-mce-fragment=\"1\"><strong data-mce-fragment=\"1\">Contenido:<\/strong><\/p>\n<p data-mce-fragment=\"1\">150 c\u00e1psulas.<\/p>\n","protected":false},"excerpt":{"rendered":"<p>Descripci\u00f3n: El suplemento de ginkgo biloba en c\u00e1psulas es eficiente en la oxigenaci\u00f3n cerebral.\u00a0Auxiliar en el tratamiento de problemas con memoria y concentraci\u00f3n, ansiedad, estr\u00e9s.\u00a0Ayuda a mejorar la\u00a0circulaci\u00f3n. Modo de [&hellip;]<\/p>\n","protected":false},"featured_media":1741,"comment_status":"open","ping_status":"closed","template":"","meta":[],"product_brand":[475],"product_cat":[303,337,318],"product_tag":[88],"class_list":{"0":"post-5250","1":"product","2":"type-product","3":"status-publish","4":"has-post-thumbnail","6":"product_brand-prosa","7":"product_cat-insomnio-y-ansiedad","8":"product_cat-productos","9":"product_cat-salud","10":"product_tag-ginkgo-biloba","12":"first","13":"instock","14":"shipping-taxable","15":"purchasable","16":"product-type-simple"},"_links":{"self":[{"href":"https:\/\/modest-napier.216-250-124-103.plesk.page\/index.php\/wp-json\/wp\/v2\/product\/5250","targetHints":{"allow":["GET"]}}],"collection":[{"href":"https:\/\/modest-napier.216-250-124-103.plesk.page\/index.php\/wp-json\/wp\/v2\/product"}],"about":[{"href":"https:\/\/modest-napier.216-250-124-103.plesk.page\/index.php\/wp-json\/wp\/v2\/types\/product"}],"replies":[{"embeddable":true,"href":"https:\/\/modest-napier.216-250-124-103.plesk.page\/index.php\/wp-json\/wp\/v2\/comments?post=5250"}],"wp:featuredmedia":[{"embeddable":true,"href":"https:\/\/modest-napier.216-250-124-103.plesk.page\/index.php\/wp-json\/wp\/v2\/media\/1741"}],"wp:attachment":[{"href":"https:\/\/modest-napier.216-250-124-103.plesk.page\/index.php\/wp-json\/wp\/v2\/media?parent=5250"}],"wp:term":[{"taxonomy":"product_brand","embeddable":true,"href":"https:\/\/modest-napier.216-250-124-103.plesk.page\/index.php\/wp-json\/wp\/v2\/product_brand?post=5250"},{"taxonomy":"product_cat","embeddable":true,"href":"https:\/\/modest-napier.216-250-124-103.plesk.page\/index.php\/wp-json\/wp\/v2\/product_cat?post=5250"},{"taxonomy":"product_tag","embeddable":true,"href":"https:\/\/modest-napier.216-250-124-103.plesk.page\/index.php\/wp-json\/wp\/v2\/product_tag?post=5250"}],"curies":[{"name":"wp","href":"https:\/\/api.w.org\/{rel}","templated":true}]}}