{"id":5252,"date":"2025-09-24T19:31:17","date_gmt":"2025-09-24T19:31:17","guid":{"rendered":"https:\/\/modest-napier.216-250-124-103.plesk.page\/index.php\/producto\/cap-glicinato-de-magnesio-c-120-shanova\/"},"modified":"2025-09-24T20:43:39","modified_gmt":"2025-09-24T20:43:39","slug":"glicinato-de-magnesio-shanova","status":"publish","type":"product","link":"https:\/\/modest-napier.216-250-124-103.plesk.page\/index.php\/producto\/glicinato-de-magnesio-shanova\/","title":{"rendered":"Glicinato de magnesio 120 c\u00e1psulas Shanova"},"content":{"rendered":"<p><strong>Descripci\u00f3n:<\/strong><br data-mce-fragment=\"1\">El <strong>glicinato de magnesio<\/strong> principalmente ayuda a mantener sano nuestro sistema nervioso, mejora el funcionamineto de los m\u00fasculos, ayuda a formar tejido \u00f3seo. Tambi\u00e9n ayuda a nivelar y a controlar los niveles de glucosa y de presi\u00f3n arterial.<\/p>\n<p><strong>Modo de uso:<\/strong><br data-mce-fragment=\"1\">Tomar 2 c\u00e1psulas en la ma\u00f1ana acompa\u00f1adas con los alimentos.<\/p>\n<p><strong>Contenido:<\/strong><br data-mce-fragment=\"1\"> 120 c\u00e1psulas.<\/p>\n","protected":false},"excerpt":{"rendered":"<p>Descripci\u00f3n:El glicinato de magnesio principalmente ayuda a mantener sano nuestro sistema nervioso, mejora el funcionamineto de los m\u00fasculos, ayuda a formar tejido \u00f3seo. Tambi\u00e9n ayuda a nivelar y a controlar [&hellip;]<\/p>\n","protected":false},"featured_media":1743,"comment_status":"open","ping_status":"closed","template":"","meta":[],"product_brand":[362],"product_cat":[337,318],"product_tag":[39],"class_list":{"0":"post-5252","1":"product","2":"type-product","3":"status-publish","4":"has-post-thumbnail","6":"product_brand-shanaturals","7":"product_cat-productos","8":"product_cat-salud","9":"product_tag-magnesio","11":"first","12":"instock","13":"shipping-taxable","14":"purchasable","15":"product-type-simple"},"_links":{"self":[{"href":"https:\/\/modest-napier.216-250-124-103.plesk.page\/index.php\/wp-json\/wp\/v2\/product\/5252","targetHints":{"allow":["GET"]}}],"collection":[{"href":"https:\/\/modest-napier.216-250-124-103.plesk.page\/index.php\/wp-json\/wp\/v2\/product"}],"about":[{"href":"https:\/\/modest-napier.216-250-124-103.plesk.page\/index.php\/wp-json\/wp\/v2\/types\/product"}],"replies":[{"embeddable":true,"href":"https:\/\/modest-napier.216-250-124-103.plesk.page\/index.php\/wp-json\/wp\/v2\/comments?post=5252"}],"wp:featuredmedia":[{"embeddable":true,"href":"https:\/\/modest-napier.216-250-124-103.plesk.page\/index.php\/wp-json\/wp\/v2\/media\/1743"}],"wp:attachment":[{"href":"https:\/\/modest-napier.216-250-124-103.plesk.page\/index.php\/wp-json\/wp\/v2\/media?parent=5252"}],"wp:term":[{"taxonomy":"product_brand","embeddable":true,"href":"https:\/\/modest-napier.216-250-124-103.plesk.page\/index.php\/wp-json\/wp\/v2\/product_brand?post=5252"},{"taxonomy":"product_cat","embeddable":true,"href":"https:\/\/modest-napier.216-250-124-103.plesk.page\/index.php\/wp-json\/wp\/v2\/product_cat?post=5252"},{"taxonomy":"product_tag","embeddable":true,"href":"https:\/\/modest-napier.216-250-124-103.plesk.page\/index.php\/wp-json\/wp\/v2\/product_tag?post=5252"}],"curies":[{"name":"wp","href":"https:\/\/api.w.org\/{rel}","templated":true}]}}