{"id":5253,"date":"2025-09-24T19:31:19","date_gmt":"2025-09-24T19:31:19","guid":{"rendered":"https:\/\/modest-napier.216-250-124-103.plesk.page\/index.php\/producto\/cap-glu-btx-c-60-nolisan\/"},"modified":"2025-09-24T20:47:55","modified_gmt":"2025-09-24T20:47:55","slug":"cap-glu-btx-c-60-nolisan","status":"publish","type":"product","link":"https:\/\/modest-napier.216-250-124-103.plesk.page\/index.php\/producto\/cap-glu-btx-c-60-nolisan\/","title":{"rendered":"Glu-BTX 60 c\u00e1psulas Nolisan"},"content":{"rendered":"<p data-mce-fragment=\"1\"><strong data-mce-fragment=\"1\">Descripci\u00f3n:<\/strong><\/p>\n<p>Controla la diabetes, baja niveles de glucosa en la sangre, ayuda al p\u00e1ncreas para producir insulina natural, coadyuvante analg\u00e9sico, anti-diab\u00e9tico y anti-inflamatorio. Ayuda al h\u00edgado para las personas que bajan excesivamente de peso y presi\u00f3n alta.<\/p>\n<p data-mce-fragment=\"1\"><strong data-mce-fragment=\"1\">Modo de uso:<\/strong><\/p>\n<p>Tomar 2 c\u00e1psulas 3 veces al d\u00eda despu\u00e9s de cada alimento.<\/p>\n<p data-mce-fragment=\"1\"><strong data-mce-fragment=\"1\">Contenido:<\/strong><\/p>\n<p data-mce-fragment=\"1\">60 c\u00e1psulas.<\/p>\n","protected":false},"excerpt":{"rendered":"<p>Descripci\u00f3n: Controla la diabetes, baja niveles de glucosa en la sangre, ayuda al p\u00e1ncreas para producir insulina natural, coadyuvante analg\u00e9sico, anti-diab\u00e9tico y anti-inflamatorio. Ayuda al h\u00edgado para las personas que [&hellip;]<\/p>\n","protected":false},"featured_media":1744,"comment_status":"open","ping_status":"closed","template":"","meta":[],"product_brand":[368],"product_cat":[296,337,318],"product_tag":[],"class_list":{"0":"post-5253","1":"product","2":"type-product","3":"status-publish","4":"has-post-thumbnail","6":"product_brand-nolisan","7":"product_cat-diabetes-y-sus-sintomas","8":"product_cat-productos","9":"product_cat-salud","11":"first","12":"instock","13":"shipping-taxable","14":"purchasable","15":"product-type-simple"},"_links":{"self":[{"href":"https:\/\/modest-napier.216-250-124-103.plesk.page\/index.php\/wp-json\/wp\/v2\/product\/5253","targetHints":{"allow":["GET"]}}],"collection":[{"href":"https:\/\/modest-napier.216-250-124-103.plesk.page\/index.php\/wp-json\/wp\/v2\/product"}],"about":[{"href":"https:\/\/modest-napier.216-250-124-103.plesk.page\/index.php\/wp-json\/wp\/v2\/types\/product"}],"replies":[{"embeddable":true,"href":"https:\/\/modest-napier.216-250-124-103.plesk.page\/index.php\/wp-json\/wp\/v2\/comments?post=5253"}],"wp:featuredmedia":[{"embeddable":true,"href":"https:\/\/modest-napier.216-250-124-103.plesk.page\/index.php\/wp-json\/wp\/v2\/media\/1744"}],"wp:attachment":[{"href":"https:\/\/modest-napier.216-250-124-103.plesk.page\/index.php\/wp-json\/wp\/v2\/media?parent=5253"}],"wp:term":[{"taxonomy":"product_brand","embeddable":true,"href":"https:\/\/modest-napier.216-250-124-103.plesk.page\/index.php\/wp-json\/wp\/v2\/product_brand?post=5253"},{"taxonomy":"product_cat","embeddable":true,"href":"https:\/\/modest-napier.216-250-124-103.plesk.page\/index.php\/wp-json\/wp\/v2\/product_cat?post=5253"},{"taxonomy":"product_tag","embeddable":true,"href":"https:\/\/modest-napier.216-250-124-103.plesk.page\/index.php\/wp-json\/wp\/v2\/product_tag?post=5253"}],"curies":[{"name":"wp","href":"https:\/\/api.w.org\/{rel}","templated":true}]}}