{"id":5254,"date":"2025-09-24T19:31:20","date_gmt":"2025-09-24T19:31:20","guid":{"rendered":"https:\/\/modest-napier.216-250-124-103.plesk.page\/index.php\/producto\/cap-glucosamina-c-60-nolisan\/"},"modified":"2025-09-24T20:47:54","modified_gmt":"2025-09-24T20:47:54","slug":"cap-glucosamina-c-60-nolisan","status":"publish","type":"product","link":"https:\/\/modest-napier.216-250-124-103.plesk.page\/index.php\/producto\/cap-glucosamina-c-60-nolisan\/","title":{"rendered":"Glucosamina 60 c\u00e1psulas Nolisan"},"content":{"rendered":"<h6 class=\"product__title\"><strong style=\"font-size: 1.4em;\" data-mce-fragment=\"1\">Descripci\u00f3n:<\/strong><\/h6>\n<p>El suplemento alimenticio de <strong>glucosamina en c\u00e1psulas<\/strong> tiene los siguientes beneficios:<\/p>\n<ul>\n<li>Mantiene las articulaciones en buen estado, reforz\u00e1ndolas y protegi\u00e9ndolas.<\/li>\n<li>Reduce los s\u00edntomas de la osteoporosis.<\/li>\n<li>Mantiene y mejora la movilidad de tus articulaciones.<\/li>\n<li>Ayuda a las articulaciones aportando un hidrolizado de col\u00e1geno.<\/li>\n<li>Proporciona elasticidad a las articulaciones.<\/li>\n<li>Ayuda a mejorar los s\u00edntomas de la artrosis.<\/li>\n<li>Combate la artritis reumatoide y la gota.<\/li>\n<\/ul>\n<p data-mce-fragment=\"1\"><strong data-mce-fragment=\"1\">Modo de uso:<\/strong><\/p>\n<p>Tomar 2 c\u00e1psulas diarias antes del desayuno.<\/p>\n<p data-mce-fragment=\"1\"><strong data-mce-fragment=\"1\">Contenido:<\/strong><\/p>\n<p data-mce-fragment=\"1\">60 c\u00e1psulas.<\/p>\n","protected":false},"excerpt":{"rendered":"<p>Descripci\u00f3n: El suplemento alimenticio de glucosamina en c\u00e1psulas tiene los siguientes beneficios: Mantiene las articulaciones en buen estado, reforz\u00e1ndolas y protegi\u00e9ndolas. Reduce los s\u00edntomas de la osteoporosis. Mantiene y mejora [&hellip;]<\/p>\n","protected":false},"featured_media":1745,"comment_status":"open","ping_status":"closed","template":"","meta":[],"product_brand":[368],"product_cat":[297,337,318],"product_tag":[92],"class_list":{"0":"post-5254","1":"product","2":"type-product","3":"status-publish","4":"has-post-thumbnail","6":"product_brand-nolisan","7":"product_cat-dolor-en-articulaciones","8":"product_cat-productos","9":"product_cat-salud","10":"product_tag-glucosamina","12":"first","13":"instock","14":"shipping-taxable","15":"purchasable","16":"product-type-simple"},"_links":{"self":[{"href":"https:\/\/modest-napier.216-250-124-103.plesk.page\/index.php\/wp-json\/wp\/v2\/product\/5254","targetHints":{"allow":["GET"]}}],"collection":[{"href":"https:\/\/modest-napier.216-250-124-103.plesk.page\/index.php\/wp-json\/wp\/v2\/product"}],"about":[{"href":"https:\/\/modest-napier.216-250-124-103.plesk.page\/index.php\/wp-json\/wp\/v2\/types\/product"}],"replies":[{"embeddable":true,"href":"https:\/\/modest-napier.216-250-124-103.plesk.page\/index.php\/wp-json\/wp\/v2\/comments?post=5254"}],"wp:featuredmedia":[{"embeddable":true,"href":"https:\/\/modest-napier.216-250-124-103.plesk.page\/index.php\/wp-json\/wp\/v2\/media\/1745"}],"wp:attachment":[{"href":"https:\/\/modest-napier.216-250-124-103.plesk.page\/index.php\/wp-json\/wp\/v2\/media?parent=5254"}],"wp:term":[{"taxonomy":"product_brand","embeddable":true,"href":"https:\/\/modest-napier.216-250-124-103.plesk.page\/index.php\/wp-json\/wp\/v2\/product_brand?post=5254"},{"taxonomy":"product_cat","embeddable":true,"href":"https:\/\/modest-napier.216-250-124-103.plesk.page\/index.php\/wp-json\/wp\/v2\/product_cat?post=5254"},{"taxonomy":"product_tag","embeddable":true,"href":"https:\/\/modest-napier.216-250-124-103.plesk.page\/index.php\/wp-json\/wp\/v2\/product_tag?post=5254"}],"curies":[{"name":"wp","href":"https:\/\/api.w.org\/{rel}","templated":true}]}}