{"id":5255,"date":"2025-09-24T19:31:21","date_gmt":"2025-09-24T19:31:21","guid":{"rendered":"https:\/\/modest-napier.216-250-124-103.plesk.page\/index.php\/producto\/cap-glucosamina-condroitina-y-cartilago-de-tiburon-c-100-vidanat\/"},"modified":"2025-09-24T20:44:04","modified_gmt":"2025-09-24T20:44:04","slug":"cap-glucosamina-condroitina-y-cartilago-de-tiburon-c-100-vidanat","status":"publish","type":"product","link":"https:\/\/modest-napier.216-250-124-103.plesk.page\/index.php\/producto\/cap-glucosamina-condroitina-y-cartilago-de-tiburon-c-100-vidanat\/","title":{"rendered":"Glucosamina, Condroitina y Cart\u00edlago de Tibur\u00f3n 100 c\u00e1psulas"},"content":{"rendered":"<p><meta charset=\"utf-8\"><\/p>\n<p><span data-sheets-value='{\"1\":2,\"2\":\"Descripci\u00f3n:nActua sobre las articulaciones que sufrieron un desgaste en el cartilago ayudando a la repacion y regeneracion de este, previniendo lesiones.nModo de uso:nnTomar una capsula antes de los alimentos. nnContenido:nn90 capsulas\"}' data-sheets-userformat='{\"2\":14913,\"3\":{\"1\":0},\"9\":1,\"12\":0,\"14\":{\"1\":2,\"2\":2173750},\"15\":\"Arial\",\"16\":9}'><strong>Descripci\u00f3n:\u00a0<\/strong><\/span><\/p>\n<p><span data-sheets-value='{\"1\":2,\"2\":\"Descripci\u00f3n:nActua sobre las articulaciones que sufrieron un desgaste en el cartilago ayudando a la repacion y regeneracion de este, previniendo lesiones.nModo de uso:nnTomar una capsula antes de los alimentos. nnContenido:nn90 capsulas\"}' data-sheets-userformat='{\"2\":14913,\"3\":{\"1\":0},\"9\":1,\"12\":0,\"14\":{\"1\":2,\"2\":2173750},\"15\":\"Arial\",\"16\":9}'>El suplemento de <strong>glucosamina, condroitina y cart\u00edlago de tibur\u00f3n<\/strong> act\u00faa sobre las articulaciones que sufrieron un desgaste en el cart\u00edlago, ayudando a la reparaci\u00f3n y regeneraci\u00f3n de \u00e9ste, y previniendo lesiones.<\/span><\/p>\n<p><span data-sheets-value='{\"1\":2,\"2\":\"Descripci\u00f3n:nActua sobre las articulaciones que sufrieron un desgaste en el cartilago ayudando a la repacion y regeneracion de este, previniendo lesiones.nModo de uso:nnTomar una capsula antes de los alimentos. nnContenido:nn90 capsulas\"}' data-sheets-userformat='{\"2\":14913,\"3\":{\"1\":0},\"9\":1,\"12\":0,\"14\":{\"1\":2,\"2\":2173750},\"15\":\"Arial\",\"16\":9}'><strong>Modo de uso:\u00a0<\/strong><\/span><\/p>\n<p><span data-sheets-value='{\"1\":2,\"2\":\"Descripci\u00f3n:nActua sobre las articulaciones que sufrieron un desgaste en el cartilago ayudando a la repacion y regeneracion de este, previniendo lesiones.nModo de uso:nnTomar una capsula antes de los alimentos. nnContenido:nn90 capsulas\"}' data-sheets-userformat='{\"2\":14913,\"3\":{\"1\":0},\"9\":1,\"12\":0,\"14\":{\"1\":2,\"2\":2173750},\"15\":\"Arial\",\"16\":9}'>Tomar una c\u00e1psula antes de los alimentos.<\/p>\n<p><strong>Contenido:\u00a0<\/strong><\/span><\/p>\n<p><span data-sheets-value='{\"1\":2,\"2\":\"Descripci\u00f3n:nActua sobre las articulaciones que sufrieron un desgaste en el cartilago ayudando a la repacion y regeneracion de este, previniendo lesiones.nModo de uso:nnTomar una capsula antes de los alimentos. nnContenido:nn90 capsulas\"}' data-sheets-userformat='{\"2\":14913,\"3\":{\"1\":0},\"9\":1,\"12\":0,\"14\":{\"1\":2,\"2\":2173750},\"15\":\"Arial\",\"16\":9}'>90 c\u00e1psulas<\/span><\/p>\n","protected":false},"excerpt":{"rendered":"<p>Descripci\u00f3n:\u00a0 El suplemento de glucosamina, condroitina y cart\u00edlago de tibur\u00f3n act\u00faa sobre las articulaciones que sufrieron un desgaste en el cart\u00edlago, ayudando a la reparaci\u00f3n y regeneraci\u00f3n de \u00e9ste, y [&hellip;]<\/p>\n","protected":false},"featured_media":1746,"comment_status":"open","ping_status":"closed","template":"","meta":[],"product_brand":[354],"product_cat":[297,337,318],"product_tag":[101,91,92],"class_list":{"0":"post-5255","1":"product","2":"type-product","3":"status-publish","4":"has-post-thumbnail","6":"product_brand-vidanat","7":"product_cat-dolor-en-articulaciones","8":"product_cat-productos","9":"product_cat-salud","10":"product_tag-aceite-de-higado-de-tiburon","11":"product_tag-condroitina","12":"product_tag-glucosamina","14":"first","15":"instock","16":"shipping-taxable","17":"purchasable","18":"product-type-simple"},"_links":{"self":[{"href":"https:\/\/modest-napier.216-250-124-103.plesk.page\/index.php\/wp-json\/wp\/v2\/product\/5255","targetHints":{"allow":["GET"]}}],"collection":[{"href":"https:\/\/modest-napier.216-250-124-103.plesk.page\/index.php\/wp-json\/wp\/v2\/product"}],"about":[{"href":"https:\/\/modest-napier.216-250-124-103.plesk.page\/index.php\/wp-json\/wp\/v2\/types\/product"}],"replies":[{"embeddable":true,"href":"https:\/\/modest-napier.216-250-124-103.plesk.page\/index.php\/wp-json\/wp\/v2\/comments?post=5255"}],"wp:featuredmedia":[{"embeddable":true,"href":"https:\/\/modest-napier.216-250-124-103.plesk.page\/index.php\/wp-json\/wp\/v2\/media\/1746"}],"wp:attachment":[{"href":"https:\/\/modest-napier.216-250-124-103.plesk.page\/index.php\/wp-json\/wp\/v2\/media?parent=5255"}],"wp:term":[{"taxonomy":"product_brand","embeddable":true,"href":"https:\/\/modest-napier.216-250-124-103.plesk.page\/index.php\/wp-json\/wp\/v2\/product_brand?post=5255"},{"taxonomy":"product_cat","embeddable":true,"href":"https:\/\/modest-napier.216-250-124-103.plesk.page\/index.php\/wp-json\/wp\/v2\/product_cat?post=5255"},{"taxonomy":"product_tag","embeddable":true,"href":"https:\/\/modest-napier.216-250-124-103.plesk.page\/index.php\/wp-json\/wp\/v2\/product_tag?post=5255"}],"curies":[{"name":"wp","href":"https:\/\/api.w.org\/{rel}","templated":true}]}}