{"id":5258,"date":"2025-09-24T19:31:25","date_gmt":"2025-09-24T19:31:25","guid":{"rendered":"https:\/\/modest-napier.216-250-124-103.plesk.page\/index.php\/producto\/cap-guanabana-c-150-herbomex\/"},"modified":"2025-09-24T20:43:44","modified_gmt":"2025-09-24T20:43:44","slug":"guanabana-capsulas-herbomex","status":"publish","type":"product","link":"https:\/\/modest-napier.216-250-124-103.plesk.page\/index.php\/producto\/guanabana-capsulas-herbomex\/","title":{"rendered":"Guan\u00e1bana 150 c\u00e1psulas Herbomex"},"content":{"rendered":"<p><strong>Descripci\u00f3n:<\/strong><br \/>Ayuda a combatir la hipertensi\u00f3n, asma, diabetes, c\u00e1ncer, tumores, problemas hep\u00e1ticos y problemas de circulaci\u00f3n.<\/p>\n<p><strong>Modo de uso:<\/strong><br \/>Tomar 2 c\u00e1psulas antes de cada comida.<\/p>\n<p><strong>Contenido:<\/strong><br \/> 150 c\u00e1psulas.<\/p>\n","protected":false},"excerpt":{"rendered":"<p>Descripci\u00f3n:Ayuda a combatir la hipertensi\u00f3n, asma, diabetes, c\u00e1ncer, tumores, problemas hep\u00e1ticos y problemas de circulaci\u00f3n. Modo de uso:Tomar 2 c\u00e1psulas antes de cada comida. Contenido: 150 c\u00e1psulas.<\/p>\n","protected":false},"featured_media":1749,"comment_status":"open","ping_status":"closed","template":"","meta":[],"product_brand":[351],"product_cat":[336,337,318],"product_tag":[40,175],"class_list":{"0":"post-5258","1":"product","2":"type-product","3":"status-publish","4":"has-post-thumbnail","6":"product_brand-herbomex","7":"product_cat-celebra-el-verano-","8":"product_cat-productos","9":"product_cat-salud","10":"product_tag-celebra-el-verano","11":"product_tag-guanabana","13":"first","14":"instock","15":"shipping-taxable","16":"purchasable","17":"product-type-simple"},"_links":{"self":[{"href":"https:\/\/modest-napier.216-250-124-103.plesk.page\/index.php\/wp-json\/wp\/v2\/product\/5258","targetHints":{"allow":["GET"]}}],"collection":[{"href":"https:\/\/modest-napier.216-250-124-103.plesk.page\/index.php\/wp-json\/wp\/v2\/product"}],"about":[{"href":"https:\/\/modest-napier.216-250-124-103.plesk.page\/index.php\/wp-json\/wp\/v2\/types\/product"}],"replies":[{"embeddable":true,"href":"https:\/\/modest-napier.216-250-124-103.plesk.page\/index.php\/wp-json\/wp\/v2\/comments?post=5258"}],"wp:featuredmedia":[{"embeddable":true,"href":"https:\/\/modest-napier.216-250-124-103.plesk.page\/index.php\/wp-json\/wp\/v2\/media\/1749"}],"wp:attachment":[{"href":"https:\/\/modest-napier.216-250-124-103.plesk.page\/index.php\/wp-json\/wp\/v2\/media?parent=5258"}],"wp:term":[{"taxonomy":"product_brand","embeddable":true,"href":"https:\/\/modest-napier.216-250-124-103.plesk.page\/index.php\/wp-json\/wp\/v2\/product_brand?post=5258"},{"taxonomy":"product_cat","embeddable":true,"href":"https:\/\/modest-napier.216-250-124-103.plesk.page\/index.php\/wp-json\/wp\/v2\/product_cat?post=5258"},{"taxonomy":"product_tag","embeddable":true,"href":"https:\/\/modest-napier.216-250-124-103.plesk.page\/index.php\/wp-json\/wp\/v2\/product_tag?post=5258"}],"curies":[{"name":"wp","href":"https:\/\/api.w.org\/{rel}","templated":true}]}}