{"id":5260,"date":"2025-09-24T19:31:27","date_gmt":"2025-09-24T19:31:27","guid":{"rendered":"https:\/\/modest-napier.216-250-124-103.plesk.page\/index.php\/producto\/cap-hierba-de-san-juan-c-150-herbomex\/"},"modified":"2025-09-24T20:43:44","modified_gmt":"2025-09-24T20:43:44","slug":"hierba-de-san-juan-herbomex","status":"publish","type":"product","link":"https:\/\/modest-napier.216-250-124-103.plesk.page\/index.php\/producto\/hierba-de-san-juan-herbomex\/","title":{"rendered":"Hierba de San Juan 150 c\u00e1psulas Herbomex"},"content":{"rendered":"<p><strong>Descripci\u00f3n:<\/strong><br \/>Auxiliar en problemas de ansiedad, angustia, estr\u00e9s y depresi\u00f3n.<\/p>\n<p><strong>Modo de uso:<\/strong><br \/>Tomar 2 c\u00e1psulas antes de cada alimento.<\/p>\n<p><strong>Contenido:<\/strong><br \/> 150 c\u00e1psulas<\/p>\n","protected":false},"excerpt":{"rendered":"<p>Descripci\u00f3n:Auxiliar en problemas de ansiedad, angustia, estr\u00e9s y depresi\u00f3n. Modo de uso:Tomar 2 c\u00e1psulas antes de cada alimento. Contenido: 150 c\u00e1psulas<\/p>\n","protected":false},"featured_media":1751,"comment_status":"open","ping_status":"closed","template":"","meta":[],"product_brand":[351],"product_cat":[337,318],"product_tag":[176],"class_list":{"0":"post-5260","1":"product","2":"type-product","3":"status-publish","4":"has-post-thumbnail","6":"product_brand-herbomex","7":"product_cat-productos","8":"product_cat-salud","9":"product_tag-hierba-de-san-juan","11":"first","12":"instock","13":"shipping-taxable","14":"purchasable","15":"product-type-simple"},"_links":{"self":[{"href":"https:\/\/modest-napier.216-250-124-103.plesk.page\/index.php\/wp-json\/wp\/v2\/product\/5260","targetHints":{"allow":["GET"]}}],"collection":[{"href":"https:\/\/modest-napier.216-250-124-103.plesk.page\/index.php\/wp-json\/wp\/v2\/product"}],"about":[{"href":"https:\/\/modest-napier.216-250-124-103.plesk.page\/index.php\/wp-json\/wp\/v2\/types\/product"}],"replies":[{"embeddable":true,"href":"https:\/\/modest-napier.216-250-124-103.plesk.page\/index.php\/wp-json\/wp\/v2\/comments?post=5260"}],"wp:featuredmedia":[{"embeddable":true,"href":"https:\/\/modest-napier.216-250-124-103.plesk.page\/index.php\/wp-json\/wp\/v2\/media\/1751"}],"wp:attachment":[{"href":"https:\/\/modest-napier.216-250-124-103.plesk.page\/index.php\/wp-json\/wp\/v2\/media?parent=5260"}],"wp:term":[{"taxonomy":"product_brand","embeddable":true,"href":"https:\/\/modest-napier.216-250-124-103.plesk.page\/index.php\/wp-json\/wp\/v2\/product_brand?post=5260"},{"taxonomy":"product_cat","embeddable":true,"href":"https:\/\/modest-napier.216-250-124-103.plesk.page\/index.php\/wp-json\/wp\/v2\/product_cat?post=5260"},{"taxonomy":"product_tag","embeddable":true,"href":"https:\/\/modest-napier.216-250-124-103.plesk.page\/index.php\/wp-json\/wp\/v2\/product_tag?post=5260"}],"curies":[{"name":"wp","href":"https:\/\/api.w.org\/{rel}","templated":true}]}}