{"id":5263,"date":"2025-09-24T19:31:32","date_gmt":"2025-09-24T19:31:32","guid":{"rendered":"https:\/\/modest-napier.216-250-124-103.plesk.page\/index.php\/producto\/cap-higado-vesicula-c-60-ajo-king\/"},"modified":"2025-09-24T20:43:54","modified_gmt":"2025-09-24T20:43:54","slug":"cap-higado-vesicula-c-60-ajo-king","status":"publish","type":"product","link":"https:\/\/modest-napier.216-250-124-103.plesk.page\/index.php\/producto\/cap-higado-vesicula-c-60-ajo-king\/","title":{"rendered":"H\u00edgado y Ves\u00edcula 60 c\u00e1psulas Ajo King"},"content":{"rendered":"<p><strong>Descripci\u00f3n:\u00a0<\/strong><\/p>\n<p>El suplemento para <strong>H\u00edgado y Ves\u00edcula de Ajo King<\/strong> ayuda a eliminar c\u00e1lculos biliares, combate inflamaci\u00f3n e intoxicaci\u00f3n del h\u00edgado y la ves\u00edcula, cirrosis biliar y hep\u00e1tica.<\/p>\n<p><strong>Ingredientes:<\/strong><\/p>\n<p>Ajo Rey. Genciana. Hojas de Boldo. Hierba del sapo. Prodigiosa.<\/p>\n<p><strong>Modo de uso:\u00a0\u00a0<\/strong><\/p>\n<p>Tomar una c\u00e1psula de cada frasco por la ma\u00f1ana y por la tarde.<\/p>\n<p><strong>Contenido:\u00a0\u00a0<\/strong><\/p>\n<p>60 c\u00e1psulas.<\/p>\n","protected":false},"excerpt":{"rendered":"<p>Descripci\u00f3n:\u00a0 El suplemento para H\u00edgado y Ves\u00edcula de Ajo King ayuda a eliminar c\u00e1lculos biliares, combate inflamaci\u00f3n e intoxicaci\u00f3n del h\u00edgado y la ves\u00edcula, cirrosis biliar y hep\u00e1tica. Ingredientes: Ajo [&hellip;]<\/p>\n","protected":false},"featured_media":1755,"comment_status":"open","ping_status":"closed","template":"","meta":[],"product_brand":[478],"product_cat":[337,318],"product_tag":[108,119,132],"class_list":{"0":"post-5263","1":"product","2":"type-product","3":"status-publish","4":"has-post-thumbnail","6":"product_brand-ajo-king","7":"product_cat-productos","8":"product_cat-salud","9":"product_tag-ajo","10":"product_tag-boldo","11":"product_tag-hierba-de-sapo","13":"first","14":"instock","15":"shipping-taxable","16":"purchasable","17":"product-type-simple"},"_links":{"self":[{"href":"https:\/\/modest-napier.216-250-124-103.plesk.page\/index.php\/wp-json\/wp\/v2\/product\/5263","targetHints":{"allow":["GET"]}}],"collection":[{"href":"https:\/\/modest-napier.216-250-124-103.plesk.page\/index.php\/wp-json\/wp\/v2\/product"}],"about":[{"href":"https:\/\/modest-napier.216-250-124-103.plesk.page\/index.php\/wp-json\/wp\/v2\/types\/product"}],"replies":[{"embeddable":true,"href":"https:\/\/modest-napier.216-250-124-103.plesk.page\/index.php\/wp-json\/wp\/v2\/comments?post=5263"}],"wp:featuredmedia":[{"embeddable":true,"href":"https:\/\/modest-napier.216-250-124-103.plesk.page\/index.php\/wp-json\/wp\/v2\/media\/1755"}],"wp:attachment":[{"href":"https:\/\/modest-napier.216-250-124-103.plesk.page\/index.php\/wp-json\/wp\/v2\/media?parent=5263"}],"wp:term":[{"taxonomy":"product_brand","embeddable":true,"href":"https:\/\/modest-napier.216-250-124-103.plesk.page\/index.php\/wp-json\/wp\/v2\/product_brand?post=5263"},{"taxonomy":"product_cat","embeddable":true,"href":"https:\/\/modest-napier.216-250-124-103.plesk.page\/index.php\/wp-json\/wp\/v2\/product_cat?post=5263"},{"taxonomy":"product_tag","embeddable":true,"href":"https:\/\/modest-napier.216-250-124-103.plesk.page\/index.php\/wp-json\/wp\/v2\/product_tag?post=5263"}],"curies":[{"name":"wp","href":"https:\/\/api.w.org\/{rel}","templated":true}]}}