{"id":5265,"date":"2025-09-24T19:31:34","date_gmt":"2025-09-24T19:31:34","guid":{"rendered":"https:\/\/modest-napier.216-250-124-103.plesk.page\/index.php\/producto\/cap-inmunox-c-72-supra-natura\/"},"modified":"2025-09-24T20:46:37","modified_gmt":"2025-09-24T20:46:37","slug":"cap-inmunox-c-72-supra-natura","status":"publish","type":"product","link":"https:\/\/modest-napier.216-250-124-103.plesk.page\/index.php\/producto\/cap-inmunox-c-72-supra-natura\/","title":{"rendered":"Supra Inmunox 72 c\u00e1psulas Supra Natura"},"content":{"rendered":"<p data-mce-fragment=\"1\"><strong data-mce-fragment=\"1\">Descripci\u00f3n:<\/strong><\/p>\n<p><span>El suplemento <strong>Supra<\/strong>\u00a0<strong>Inmunox<\/strong> f<\/span><span>ortalece el sistema inmunol\u00f3gico, mostrando una mejor\u00eda en la salud.\u00a0<\/span>Estimula el incremento de las defensas del cuerpo, previniendo enfermedades que com\u00fanmente se contraen al tener el sistema inmunol\u00f3gico bajo. La vitamina C es un antioxidante, puede proteger las c\u00e9lulas frente a los efectos de los radicales libres.<\/p>\n<p data-mce-fragment=\"1\"><strong data-mce-fragment=\"1\">Ingredientes:<\/strong><\/p>\n<p data-mce-fragment=\"1\">Equin\u00e1cea con Alarce Americano, Tocosh, Vitamina C y Zinc.<\/p>\n<p data-mce-fragment=\"1\"><strong data-mce-fragment=\"1\">Modo de uso:<\/strong><\/p>\n<p data-mce-fragment=\"1\"><span>Tomar 2 c\u00e1psulas de Supra Inmunox al d\u00eda.<\/span><\/p>\n<p data-mce-fragment=\"1\"><strong data-mce-fragment=\"1\">Contenido:<\/strong><\/p>\n<p data-mce-fragment=\"1\">72 c\u00e1psulas.<\/p>\n","protected":false},"excerpt":{"rendered":"<p>Descripci\u00f3n: El suplemento Supra\u00a0Inmunox fortalece el sistema inmunol\u00f3gico, mostrando una mejor\u00eda en la salud.\u00a0Estimula el incremento de las defensas del cuerpo, previniendo enfermedades que com\u00fanmente se contraen al tener el [&hellip;]<\/p>\n","protected":false},"featured_media":1757,"comment_status":"open","ping_status":"closed","template":"","meta":[],"product_brand":[411],"product_cat":[337,318,326,335],"product_tag":[178,86,179],"class_list":{"0":"post-5265","1":"product","2":"type-product","3":"status-publish","4":"has-post-thumbnail","6":"product_brand-supra-natura","7":"product_cat-productos","8":"product_cat-salud","9":"product_cat-sistema-inmune","10":"product_cat-vitaminas-y-minerales","11":"product_tag-equinacea","12":"product_tag-vitamina-c","13":"product_tag-zinc","15":"first","16":"outofstock","17":"shipping-taxable","18":"purchasable","19":"product-type-simple"},"_links":{"self":[{"href":"https:\/\/modest-napier.216-250-124-103.plesk.page\/index.php\/wp-json\/wp\/v2\/product\/5265","targetHints":{"allow":["GET"]}}],"collection":[{"href":"https:\/\/modest-napier.216-250-124-103.plesk.page\/index.php\/wp-json\/wp\/v2\/product"}],"about":[{"href":"https:\/\/modest-napier.216-250-124-103.plesk.page\/index.php\/wp-json\/wp\/v2\/types\/product"}],"replies":[{"embeddable":true,"href":"https:\/\/modest-napier.216-250-124-103.plesk.page\/index.php\/wp-json\/wp\/v2\/comments?post=5265"}],"wp:featuredmedia":[{"embeddable":true,"href":"https:\/\/modest-napier.216-250-124-103.plesk.page\/index.php\/wp-json\/wp\/v2\/media\/1757"}],"wp:attachment":[{"href":"https:\/\/modest-napier.216-250-124-103.plesk.page\/index.php\/wp-json\/wp\/v2\/media?parent=5265"}],"wp:term":[{"taxonomy":"product_brand","embeddable":true,"href":"https:\/\/modest-napier.216-250-124-103.plesk.page\/index.php\/wp-json\/wp\/v2\/product_brand?post=5265"},{"taxonomy":"product_cat","embeddable":true,"href":"https:\/\/modest-napier.216-250-124-103.plesk.page\/index.php\/wp-json\/wp\/v2\/product_cat?post=5265"},{"taxonomy":"product_tag","embeddable":true,"href":"https:\/\/modest-napier.216-250-124-103.plesk.page\/index.php\/wp-json\/wp\/v2\/product_tag?post=5265"}],"curies":[{"name":"wp","href":"https:\/\/api.w.org\/{rel}","templated":true}]}}