{"id":5266,"date":"2025-09-24T19:31:36","date_gmt":"2025-09-24T19:31:36","guid":{"rendered":"https:\/\/modest-napier.216-250-124-103.plesk.page\/index.php\/producto\/cap-interferon-forte-c-90-nutri-life\/"},"modified":"2025-09-24T20:47:54","modified_gmt":"2025-09-24T20:47:54","slug":"cap-interferon-forte-c-90-nutri-life","status":"publish","type":"product","link":"https:\/\/modest-napier.216-250-124-103.plesk.page\/index.php\/producto\/cap-interferon-forte-c-90-nutri-life\/","title":{"rendered":"Interfer\u00f3n Forte 90 c\u00e1psulas Nutri Life"},"content":{"rendered":"<p><strong>Descripci\u00f3n:<\/strong><\/p>\n<p>El suplemento <strong>Interfer\u00f3n Forte<\/strong> fortalece el sistema inmunol\u00f3gico, lo hace m\u00e1s resistente a factores ambientales e infecciosos. Su f\u00f3rmula produce de forma natural interferones, los cuales son esenciales para que nuestro organismo se defienda de agentes virales que producen padecimientos en las v\u00edas respiratorias. \u00a1Cierra la puerta al coronavirus!<\/p>\n<p><strong>Ingredientes:<\/strong><\/p>\n<p>Equin\u00e1cea, Vitamina C, Diente de Le\u00f3n, T\u00e9 Verde, Manzanilla.<\/p>\n<p><strong>Modo de uso:<\/strong><\/p>\n<p>Tomar 2 c\u00e1psulas antes de cada alimento.<\/p>\n<p><strong>Contenido:<\/strong><\/p>\n<p>90 c\u00e1psulas.<\/p>\n","protected":false},"excerpt":{"rendered":"<p>Descripci\u00f3n: El suplemento Interfer\u00f3n Forte fortalece el sistema inmunol\u00f3gico, lo hace m\u00e1s resistente a factores ambientales e infecciosos. Su f\u00f3rmula produce de forma natural interferones, los cuales son esenciales para [&hellip;]<\/p>\n","protected":false},"featured_media":1758,"comment_status":"open","ping_status":"closed","template":"","meta":[],"product_brand":[401],"product_cat":[337,318,326],"product_tag":[154,178,47,138,86],"class_list":{"0":"post-5266","1":"product","2":"type-product","3":"status-publish","4":"has-post-thumbnail","6":"product_brand-nutri-life","7":"product_cat-productos","8":"product_cat-salud","9":"product_cat-sistema-inmune","10":"product_tag-diente-de-leon","11":"product_tag-equinacea","12":"product_tag-manzanilla","13":"product_tag-te-verde","14":"product_tag-vitamina-c","16":"first","17":"instock","18":"shipping-taxable","19":"purchasable","20":"product-type-simple"},"_links":{"self":[{"href":"https:\/\/modest-napier.216-250-124-103.plesk.page\/index.php\/wp-json\/wp\/v2\/product\/5266","targetHints":{"allow":["GET"]}}],"collection":[{"href":"https:\/\/modest-napier.216-250-124-103.plesk.page\/index.php\/wp-json\/wp\/v2\/product"}],"about":[{"href":"https:\/\/modest-napier.216-250-124-103.plesk.page\/index.php\/wp-json\/wp\/v2\/types\/product"}],"replies":[{"embeddable":true,"href":"https:\/\/modest-napier.216-250-124-103.plesk.page\/index.php\/wp-json\/wp\/v2\/comments?post=5266"}],"wp:featuredmedia":[{"embeddable":true,"href":"https:\/\/modest-napier.216-250-124-103.plesk.page\/index.php\/wp-json\/wp\/v2\/media\/1758"}],"wp:attachment":[{"href":"https:\/\/modest-napier.216-250-124-103.plesk.page\/index.php\/wp-json\/wp\/v2\/media?parent=5266"}],"wp:term":[{"taxonomy":"product_brand","embeddable":true,"href":"https:\/\/modest-napier.216-250-124-103.plesk.page\/index.php\/wp-json\/wp\/v2\/product_brand?post=5266"},{"taxonomy":"product_cat","embeddable":true,"href":"https:\/\/modest-napier.216-250-124-103.plesk.page\/index.php\/wp-json\/wp\/v2\/product_cat?post=5266"},{"taxonomy":"product_tag","embeddable":true,"href":"https:\/\/modest-napier.216-250-124-103.plesk.page\/index.php\/wp-json\/wp\/v2\/product_tag?post=5266"}],"curies":[{"name":"wp","href":"https:\/\/api.w.org\/{rel}","templated":true}]}}