{"id":5267,"date":"2025-09-24T19:31:37","date_gmt":"2025-09-24T19:31:37","guid":{"rendered":"https:\/\/modest-napier.216-250-124-103.plesk.page\/index.php\/producto\/cap-isoflavonas-de-soya-c-coenzima-q-10-g-g-c-60-g-g\/"},"modified":"2025-09-24T20:43:30","modified_gmt":"2025-09-24T20:43:30","slug":"isoflavonas-soya-coenzima-q-10","status":"publish","type":"product","link":"https:\/\/modest-napier.216-250-124-103.plesk.page\/index.php\/producto\/isoflavonas-soya-coenzima-q-10\/","title":{"rendered":"Isoflavonas de soya + coenzima Q10 60 c\u00e1psulas G&#038;G"},"content":{"rendered":"<p>Las\u00a0<a href=\"https:\/\/natuzem.com\/blogs\/salud-natural\/isoflavonas\">isoflavonas<\/a> de la soya ayuda a la prevenci\u00f3n de enfermedades cr\u00f3nicas como cardiovasculares, el c\u00e1ncer y otras.<\/p>\n<p><!----><\/p>\n","protected":false},"excerpt":{"rendered":"<p>Las\u00a0isoflavonas de la soya ayuda a la prevenci\u00f3n de enfermedades cr\u00f3nicas como cardiovasculares, el c\u00e1ncer y otras.<\/p>\n","protected":false},"featured_media":1759,"comment_status":"open","ping_status":"closed","template":"","meta":[],"product_brand":[446],"product_cat":[337,318,329],"product_tag":[180],"class_list":{"0":"post-5267","1":"product","2":"type-product","3":"status-publish","4":"has-post-thumbnail","6":"product_brand-gg","7":"product_cat-productos","8":"product_cat-salud","9":"product_cat-suplementos-para-la-mujer","10":"product_tag-isoflavonas-de-soya","12":"first","13":"instock","14":"shipping-taxable","15":"purchasable","16":"product-type-simple"},"_links":{"self":[{"href":"https:\/\/modest-napier.216-250-124-103.plesk.page\/index.php\/wp-json\/wp\/v2\/product\/5267","targetHints":{"allow":["GET"]}}],"collection":[{"href":"https:\/\/modest-napier.216-250-124-103.plesk.page\/index.php\/wp-json\/wp\/v2\/product"}],"about":[{"href":"https:\/\/modest-napier.216-250-124-103.plesk.page\/index.php\/wp-json\/wp\/v2\/types\/product"}],"replies":[{"embeddable":true,"href":"https:\/\/modest-napier.216-250-124-103.plesk.page\/index.php\/wp-json\/wp\/v2\/comments?post=5267"}],"wp:featuredmedia":[{"embeddable":true,"href":"https:\/\/modest-napier.216-250-124-103.plesk.page\/index.php\/wp-json\/wp\/v2\/media\/1759"}],"wp:attachment":[{"href":"https:\/\/modest-napier.216-250-124-103.plesk.page\/index.php\/wp-json\/wp\/v2\/media?parent=5267"}],"wp:term":[{"taxonomy":"product_brand","embeddable":true,"href":"https:\/\/modest-napier.216-250-124-103.plesk.page\/index.php\/wp-json\/wp\/v2\/product_brand?post=5267"},{"taxonomy":"product_cat","embeddable":true,"href":"https:\/\/modest-napier.216-250-124-103.plesk.page\/index.php\/wp-json\/wp\/v2\/product_cat?post=5267"},{"taxonomy":"product_tag","embeddable":true,"href":"https:\/\/modest-napier.216-250-124-103.plesk.page\/index.php\/wp-json\/wp\/v2\/product_tag?post=5267"}],"curies":[{"name":"wp","href":"https:\/\/api.w.org\/{rel}","templated":true}]}}