{"id":5269,"date":"2025-09-24T19:31:39","date_gmt":"2025-09-24T19:31:39","guid":{"rendered":"https:\/\/modest-napier.216-250-124-103.plesk.page\/index.php\/producto\/cap-jalea-real-con-tiamina-c-60-naterra-sunatura\/"},"modified":"2025-09-24T20:44:55","modified_gmt":"2025-09-24T20:44:55","slug":"cap-jalea-real-con-tiamina-c-60-naterra-sunatura","status":"publish","type":"product","link":"https:\/\/modest-napier.216-250-124-103.plesk.page\/index.php\/producto\/cap-jalea-real-con-tiamina-c-60-naterra-sunatura\/","title":{"rendered":"Jalea Real con Tiamina 60 c\u00e1psulas NaTerra"},"content":{"rendered":"<p data-mce-fragment=\"1\"><strong data-mce-fragment=\"1\">Descripci\u00f3n:<\/strong><\/p>\n<p>Excelente combinaci\u00f3n de <strong>vitamina B1 m\u00e1s Jalea Real<\/strong>, hacen de este producto una excelente combinaci\u00f3n.<\/p>\n<p>Importante para el crecimiento, desarrollo y funcionamiento del organismo, convirtiendo los alimentos los alimentos (carbohidratos) en energ\u00eda, evitando as\u00ed la diabetes.<\/p>\n<ul>\n<li>Alivia el estr\u00e9s y la tensi\u00f3n muscular.<\/li>\n<li>Reduce la fatiga inducida por la actividad diaria.<\/li>\n<li>Regula la digesti\u00f3n.<\/li>\n<li>Previene el alzh\u00e9imer.<\/li>\n<li>Mejora el estado de animo, concentraci\u00f3n y la capacidad intelectual.<\/li>\n<li>Evita el insomnio.<\/li>\n<li>As\u00ed como la reparaci\u00f3n de la piel de una forma inigualable.<\/li>\n<\/ul>\n<p data-mce-fragment=\"1\"><strong data-mce-fragment=\"1\">Modo de uso:<\/strong><\/p>\n<p data-mce-fragment=\"1\">Tomar 3 c\u00e1psulas al d\u00eda.\u00a0<\/p>\n<p data-mce-fragment=\"1\"><strong data-mce-fragment=\"1\">Contenido:<\/strong><\/p>\n<p data-mce-fragment=\"1\">60 C\u00e1psulas.<\/p>\n","protected":false},"excerpt":{"rendered":"<p>Descripci\u00f3n: Excelente combinaci\u00f3n de vitamina B1 m\u00e1s Jalea Real, hacen de este producto una excelente combinaci\u00f3n. Importante para el crecimiento, desarrollo y funcionamiento del organismo, convirtiendo los alimentos los alimentos [&hellip;]<\/p>\n","protected":false},"featured_media":1762,"comment_status":"open","ping_status":"closed","template":"","meta":[],"product_brand":[388],"product_cat":[337,317,318],"product_tag":[181,90],"class_list":{"0":"post-5269","1":"product","2":"type-product","3":"status-publish","4":"has-post-thumbnail","6":"product_brand-naterra","7":"product_cat-productos","8":"product_cat-rendimiento-fisico-y-mental","9":"product_cat-salud","10":"product_tag-jalea-real","11":"product_tag-tiamina","13":"first","14":"instock","15":"shipping-taxable","16":"purchasable","17":"product-type-simple"},"_links":{"self":[{"href":"https:\/\/modest-napier.216-250-124-103.plesk.page\/index.php\/wp-json\/wp\/v2\/product\/5269","targetHints":{"allow":["GET"]}}],"collection":[{"href":"https:\/\/modest-napier.216-250-124-103.plesk.page\/index.php\/wp-json\/wp\/v2\/product"}],"about":[{"href":"https:\/\/modest-napier.216-250-124-103.plesk.page\/index.php\/wp-json\/wp\/v2\/types\/product"}],"replies":[{"embeddable":true,"href":"https:\/\/modest-napier.216-250-124-103.plesk.page\/index.php\/wp-json\/wp\/v2\/comments?post=5269"}],"wp:featuredmedia":[{"embeddable":true,"href":"https:\/\/modest-napier.216-250-124-103.plesk.page\/index.php\/wp-json\/wp\/v2\/media\/1762"}],"wp:attachment":[{"href":"https:\/\/modest-napier.216-250-124-103.plesk.page\/index.php\/wp-json\/wp\/v2\/media?parent=5269"}],"wp:term":[{"taxonomy":"product_brand","embeddable":true,"href":"https:\/\/modest-napier.216-250-124-103.plesk.page\/index.php\/wp-json\/wp\/v2\/product_brand?post=5269"},{"taxonomy":"product_cat","embeddable":true,"href":"https:\/\/modest-napier.216-250-124-103.plesk.page\/index.php\/wp-json\/wp\/v2\/product_cat?post=5269"},{"taxonomy":"product_tag","embeddable":true,"href":"https:\/\/modest-napier.216-250-124-103.plesk.page\/index.php\/wp-json\/wp\/v2\/product_tag?post=5269"}],"curies":[{"name":"wp","href":"https:\/\/api.w.org\/{rel}","templated":true}]}}