{"id":5275,"date":"2025-09-24T19:31:47","date_gmt":"2025-09-24T19:31:47","guid":{"rendered":"https:\/\/modest-napier.216-250-124-103.plesk.page\/index.php\/producto\/cap-l-carnitina-c-30-high-power\/"},"modified":"2025-09-24T20:45:48","modified_gmt":"2025-09-24T20:45:48","slug":"cap-l-carnitina-c-30-high-power","status":"publish","type":"product","link":"https:\/\/modest-napier.216-250-124-103.plesk.page\/index.php\/producto\/cap-l-carnitina-c-30-high-power\/","title":{"rendered":"L-Carnitina 30 c\u00e1psulas High Power"},"content":{"rendered":"<p data-mce-fragment=\"1\"><strong data-mce-fragment=\"1\">Descripci\u00f3n:<\/strong><\/p>\n<p>\u00a1Potencia tu rendimiento f\u00edsico con el suplemento de <strong>L-Carnitina en c\u00e1psulas<\/strong>! Este nutriente\u00a0transporta los \u00e1cidos grasos a la mitocondria, en donde transformar\u00e1 la grasa en energ\u00eda. Adem\u00e1s, protege tus m\u00fasculos de la degradaci\u00f3n que se produce por dietas adelgazantes o falta de prote\u00ednas, siendo un potente anticatab\u00f3lico. La L-Carnitina acelera el metabolismo aer\u00f3bico de los hidratos de carbono.<\/p>\n<p data-mce-fragment=\"1\"><strong data-mce-fragment=\"1\">Modo de uso:<\/strong><\/p>\n<p data-mce-fragment=\"1\"><span>Tomar 1 c\u00e1psula\u00a0<\/span>diariamente<\/p>\n<p data-mce-fragment=\"1\"><strong data-mce-fragment=\"1\">Contenido:<\/strong><\/p>\n<p data-mce-fragment=\"1\">30 c\u00e1psulas.<\/p>\n","protected":false},"excerpt":{"rendered":"<p>Descripci\u00f3n: \u00a1Potencia tu rendimiento f\u00edsico con el suplemento de L-Carnitina en c\u00e1psulas! Este nutriente\u00a0transporta los \u00e1cidos grasos a la mitocondria, en donde transformar\u00e1 la grasa en energ\u00eda. Adem\u00e1s, protege tus [&hellip;]<\/p>\n","protected":false},"featured_media":1768,"comment_status":"open","ping_status":"closed","template":"","meta":[],"product_brand":[452],"product_cat":[337,317,318],"product_tag":[122],"class_list":{"0":"post-5275","1":"product","2":"type-product","3":"status-publish","4":"has-post-thumbnail","6":"product_brand-high-power","7":"product_cat-productos","8":"product_cat-rendimiento-fisico-y-mental","9":"product_cat-salud","10":"product_tag-l-carnitina","12":"first","13":"instock","14":"shipping-taxable","15":"purchasable","16":"product-type-simple"},"_links":{"self":[{"href":"https:\/\/modest-napier.216-250-124-103.plesk.page\/index.php\/wp-json\/wp\/v2\/product\/5275","targetHints":{"allow":["GET"]}}],"collection":[{"href":"https:\/\/modest-napier.216-250-124-103.plesk.page\/index.php\/wp-json\/wp\/v2\/product"}],"about":[{"href":"https:\/\/modest-napier.216-250-124-103.plesk.page\/index.php\/wp-json\/wp\/v2\/types\/product"}],"replies":[{"embeddable":true,"href":"https:\/\/modest-napier.216-250-124-103.plesk.page\/index.php\/wp-json\/wp\/v2\/comments?post=5275"}],"wp:featuredmedia":[{"embeddable":true,"href":"https:\/\/modest-napier.216-250-124-103.plesk.page\/index.php\/wp-json\/wp\/v2\/media\/1768"}],"wp:attachment":[{"href":"https:\/\/modest-napier.216-250-124-103.plesk.page\/index.php\/wp-json\/wp\/v2\/media?parent=5275"}],"wp:term":[{"taxonomy":"product_brand","embeddable":true,"href":"https:\/\/modest-napier.216-250-124-103.plesk.page\/index.php\/wp-json\/wp\/v2\/product_brand?post=5275"},{"taxonomy":"product_cat","embeddable":true,"href":"https:\/\/modest-napier.216-250-124-103.plesk.page\/index.php\/wp-json\/wp\/v2\/product_cat?post=5275"},{"taxonomy":"product_tag","embeddable":true,"href":"https:\/\/modest-napier.216-250-124-103.plesk.page\/index.php\/wp-json\/wp\/v2\/product_tag?post=5275"}],"curies":[{"name":"wp","href":"https:\/\/api.w.org\/{rel}","templated":true}]}}