{"id":5277,"date":"2025-09-24T19:31:50","date_gmt":"2025-09-24T19:31:50","guid":{"rendered":"https:\/\/modest-napier.216-250-124-103.plesk.page\/index.php\/producto\/cap-l-carnitina-cla-c-60-alfa-enterprise\/"},"modified":"2025-09-24T20:43:32","modified_gmt":"2025-09-24T20:43:32","slug":"l-carnitina-cla","status":"publish","type":"product","link":"https:\/\/modest-napier.216-250-124-103.plesk.page\/index.php\/producto\/l-carnitina-cla\/","title":{"rendered":"L-Carnitina + CLA 60 c\u00e1psulas Alfa Enterprise"},"content":{"rendered":"<p><strong>Descripci\u00f3n:<\/strong><br data-mce-fragment=\"1\">El <strong>suplemento de L-Carnitina con CLA<\/strong> ayuda a acelerar el metabolismo, mejorando la oxidaci\u00f3n de las grasas, utilzando \u00e9stas como energ\u00eda para reducir la grasa corporal y al mismpo tiempo reducir el colestereol malo.<\/p>\n<p><strong>Modo de uso:<\/strong><br data-mce-fragment=\"1\">Tomar dos c\u00e1psulas al d\u00eda.<\/p>\n<p><strong>Contenido:<\/strong><br data-mce-fragment=\"1\">60 c\u00e1psulas.<\/p>\n","protected":false},"excerpt":{"rendered":"<p>Descripci\u00f3n:El suplemento de L-Carnitina con CLA ayuda a acelerar el metabolismo, mejorando la oxidaci\u00f3n de las grasas, utilzando \u00e9stas como energ\u00eda para reducir la grasa corporal y al mismpo tiempo [&hellip;]<\/p>\n","protected":false},"featured_media":1770,"comment_status":"open","ping_status":"closed","template":"","meta":[],"product_brand":[449],"product_cat":[308,337,318],"product_tag":[122],"class_list":{"0":"post-5277","1":"product","2":"type-product","3":"status-publish","4":"has-post-thumbnail","6":"product_brand-alfa-enterprise","7":"product_cat-nutricion","8":"product_cat-productos","9":"product_cat-salud","10":"product_tag-l-carnitina","12":"first","13":"instock","14":"shipping-taxable","15":"purchasable","16":"product-type-simple"},"_links":{"self":[{"href":"https:\/\/modest-napier.216-250-124-103.plesk.page\/index.php\/wp-json\/wp\/v2\/product\/5277","targetHints":{"allow":["GET"]}}],"collection":[{"href":"https:\/\/modest-napier.216-250-124-103.plesk.page\/index.php\/wp-json\/wp\/v2\/product"}],"about":[{"href":"https:\/\/modest-napier.216-250-124-103.plesk.page\/index.php\/wp-json\/wp\/v2\/types\/product"}],"replies":[{"embeddable":true,"href":"https:\/\/modest-napier.216-250-124-103.plesk.page\/index.php\/wp-json\/wp\/v2\/comments?post=5277"}],"wp:featuredmedia":[{"embeddable":true,"href":"https:\/\/modest-napier.216-250-124-103.plesk.page\/index.php\/wp-json\/wp\/v2\/media\/1770"}],"wp:attachment":[{"href":"https:\/\/modest-napier.216-250-124-103.plesk.page\/index.php\/wp-json\/wp\/v2\/media?parent=5277"}],"wp:term":[{"taxonomy":"product_brand","embeddable":true,"href":"https:\/\/modest-napier.216-250-124-103.plesk.page\/index.php\/wp-json\/wp\/v2\/product_brand?post=5277"},{"taxonomy":"product_cat","embeddable":true,"href":"https:\/\/modest-napier.216-250-124-103.plesk.page\/index.php\/wp-json\/wp\/v2\/product_cat?post=5277"},{"taxonomy":"product_tag","embeddable":true,"href":"https:\/\/modest-napier.216-250-124-103.plesk.page\/index.php\/wp-json\/wp\/v2\/product_tag?post=5277"}],"curies":[{"name":"wp","href":"https:\/\/api.w.org\/{rel}","templated":true}]}}