{"id":5279,"date":"2025-09-24T19:31:52","date_gmt":"2025-09-24T19:31:52","guid":{"rendered":"https:\/\/modest-napier.216-250-124-103.plesk.page\/index.php\/producto\/cap-l-carnitina-plus-c-60-shanova\/"},"modified":"2025-09-24T20:44:34","modified_gmt":"2025-09-24T20:44:34","slug":"cap-l-carnitina-plus-c-60-shanova","status":"publish","type":"product","link":"https:\/\/modest-napier.216-250-124-103.plesk.page\/index.php\/producto\/cap-l-carnitina-plus-c-60-shanova\/","title":{"rendered":"L-Carnitina Plus 60 c\u00e1psulas Shanova"},"content":{"rendered":"<p data-mce-fragment=\"1\"><strong data-mce-fragment=\"1\">Descripci\u00f3n:<\/strong><\/p>\n<p data-mce-fragment=\"1\">El suplemento de <strong>L-Carnitina Plus<\/strong> provee los siguientes beneficios: transporta los \u00e1cidos grasos a la mitocondria, en donde transformar\u00e1 la grasa en energ\u00eda, protege tus m\u00fasculos de la degradaci\u00f3n que se produce por dietas adelgazantes o falta de prote\u00ednas, (es un potente anticatab\u00f3lico) y acelera el metabolismo aer\u00f3bico de los hidratos de carbono.<\/p>\n<p data-mce-fragment=\"1\"><strong data-mce-fragment=\"1\">Modo de uso:<\/strong><\/p>\n<p data-mce-fragment=\"1\"><span data-mce-fragment=\"1\">Tomar 2 c\u00e1psulas 30 minutos antes de iniciar la actividad f\u00edsica.\u00a0<\/span><\/p>\n<p data-mce-fragment=\"1\"><strong data-mce-fragment=\"1\">Contenido:<\/strong><\/p>\n<p data-mce-fragment=\"1\">60 c\u00e1psulas.<\/p>\n","protected":false},"excerpt":{"rendered":"<p>Descripci\u00f3n: El suplemento de L-Carnitina Plus provee los siguientes beneficios: transporta los \u00e1cidos grasos a la mitocondria, en donde transformar\u00e1 la grasa en energ\u00eda, protege tus m\u00fasculos de la degradaci\u00f3n [&hellip;]<\/p>\n","protected":false},"featured_media":1772,"comment_status":"open","ping_status":"closed","template":"","meta":[],"product_brand":[362],"product_cat":[287,308,337,317,318],"product_tag":[122],"class_list":{"0":"post-5279","1":"product","2":"type-product","3":"status-publish","4":"has-post-thumbnail","6":"product_brand-shanaturals","7":"product_cat-baja-de-peso","8":"product_cat-nutricion","9":"product_cat-productos","10":"product_cat-rendimiento-fisico-y-mental","11":"product_cat-salud","12":"product_tag-l-carnitina","14":"first","15":"instock","16":"shipping-taxable","17":"purchasable","18":"product-type-simple"},"_links":{"self":[{"href":"https:\/\/modest-napier.216-250-124-103.plesk.page\/index.php\/wp-json\/wp\/v2\/product\/5279","targetHints":{"allow":["GET"]}}],"collection":[{"href":"https:\/\/modest-napier.216-250-124-103.plesk.page\/index.php\/wp-json\/wp\/v2\/product"}],"about":[{"href":"https:\/\/modest-napier.216-250-124-103.plesk.page\/index.php\/wp-json\/wp\/v2\/types\/product"}],"replies":[{"embeddable":true,"href":"https:\/\/modest-napier.216-250-124-103.plesk.page\/index.php\/wp-json\/wp\/v2\/comments?post=5279"}],"wp:featuredmedia":[{"embeddable":true,"href":"https:\/\/modest-napier.216-250-124-103.plesk.page\/index.php\/wp-json\/wp\/v2\/media\/1772"}],"wp:attachment":[{"href":"https:\/\/modest-napier.216-250-124-103.plesk.page\/index.php\/wp-json\/wp\/v2\/media?parent=5279"}],"wp:term":[{"taxonomy":"product_brand","embeddable":true,"href":"https:\/\/modest-napier.216-250-124-103.plesk.page\/index.php\/wp-json\/wp\/v2\/product_brand?post=5279"},{"taxonomy":"product_cat","embeddable":true,"href":"https:\/\/modest-napier.216-250-124-103.plesk.page\/index.php\/wp-json\/wp\/v2\/product_cat?post=5279"},{"taxonomy":"product_tag","embeddable":true,"href":"https:\/\/modest-napier.216-250-124-103.plesk.page\/index.php\/wp-json\/wp\/v2\/product_tag?post=5279"}],"curies":[{"name":"wp","href":"https:\/\/api.w.org\/{rel}","templated":true}]}}