{"id":5280,"date":"2025-09-24T19:31:53","date_gmt":"2025-09-24T19:31:53","guid":{"rendered":"https:\/\/modest-napier.216-250-124-103.plesk.page\/index.php\/producto\/cap-l-triptofano-c-60-green-licious\/"},"modified":"2025-09-24T20:44:18","modified_gmt":"2025-09-24T20:44:18","slug":"cap-l-triptofano-c-60-green-licious","status":"publish","type":"product","link":"https:\/\/modest-napier.216-250-124-103.plesk.page\/index.php\/producto\/cap-l-triptofano-c-60-green-licious\/","title":{"rendered":"L-Tript\u00f3fano 60 c\u00e1psulas Greenlicious"},"content":{"rendered":"<p data-mce-fragment=\"1\"><span>El L-Tript\u00f3fano es un antidepresivo natural. Libera neurotransmisores, serotonina y melatonina responsable de los estados de \u00e1nimo y el sue\u00f1o. Hace dormir profundamente favoreciendo el sue\u00f1o tranquilo y reparador. Adem\u00e1s, controla el hambre por harinas y az\u00facar. Este suplemento tiene efectos favorables en ansiedad y tensi\u00f3n nerviosa.<\/span><\/p>\n","protected":false},"excerpt":{"rendered":"<p>El L-Tript\u00f3fano es un antidepresivo natural. Libera neurotransmisores, serotonina y melatonina responsable de los estados de \u00e1nimo y el sue\u00f1o. Hace dormir profundamente favoreciendo el sue\u00f1o tranquilo y reparador. Adem\u00e1s, [&hellip;]<\/p>\n","protected":false},"featured_media":1773,"comment_status":"open","ping_status":"closed","template":"","meta":[],"product_brand":[467],"product_cat":[303,337,318],"product_tag":[183],"class_list":{"0":"post-5280","1":"product","2":"type-product","3":"status-publish","4":"has-post-thumbnail","6":"product_brand-greenlicious","7":"product_cat-insomnio-y-ansiedad","8":"product_cat-productos","9":"product_cat-salud","10":"product_tag-l-triptofano","12":"first","13":"instock","14":"shipping-taxable","15":"purchasable","16":"product-type-simple"},"_links":{"self":[{"href":"https:\/\/modest-napier.216-250-124-103.plesk.page\/index.php\/wp-json\/wp\/v2\/product\/5280","targetHints":{"allow":["GET"]}}],"collection":[{"href":"https:\/\/modest-napier.216-250-124-103.plesk.page\/index.php\/wp-json\/wp\/v2\/product"}],"about":[{"href":"https:\/\/modest-napier.216-250-124-103.plesk.page\/index.php\/wp-json\/wp\/v2\/types\/product"}],"replies":[{"embeddable":true,"href":"https:\/\/modest-napier.216-250-124-103.plesk.page\/index.php\/wp-json\/wp\/v2\/comments?post=5280"}],"wp:featuredmedia":[{"embeddable":true,"href":"https:\/\/modest-napier.216-250-124-103.plesk.page\/index.php\/wp-json\/wp\/v2\/media\/1773"}],"wp:attachment":[{"href":"https:\/\/modest-napier.216-250-124-103.plesk.page\/index.php\/wp-json\/wp\/v2\/media?parent=5280"}],"wp:term":[{"taxonomy":"product_brand","embeddable":true,"href":"https:\/\/modest-napier.216-250-124-103.plesk.page\/index.php\/wp-json\/wp\/v2\/product_brand?post=5280"},{"taxonomy":"product_cat","embeddable":true,"href":"https:\/\/modest-napier.216-250-124-103.plesk.page\/index.php\/wp-json\/wp\/v2\/product_cat?post=5280"},{"taxonomy":"product_tag","embeddable":true,"href":"https:\/\/modest-napier.216-250-124-103.plesk.page\/index.php\/wp-json\/wp\/v2\/product_tag?post=5280"}],"curies":[{"name":"wp","href":"https:\/\/api.w.org\/{rel}","templated":true}]}}