{"id":5285,"date":"2025-09-24T19:32:00","date_gmt":"2025-09-24T19:32:00","guid":{"rendered":"https:\/\/modest-napier.216-250-124-103.plesk.page\/index.php\/producto\/cap-levadura-de-cerveza-c-150-herbomex\/"},"modified":"2025-09-24T20:43:44","modified_gmt":"2025-09-24T20:43:44","slug":"levadura-de-cerveza-herbomex","status":"publish","type":"product","link":"https:\/\/modest-napier.216-250-124-103.plesk.page\/index.php\/producto\/levadura-de-cerveza-herbomex\/","title":{"rendered":"Levadura de cerveza 150 c\u00e1psulas Herbomex"},"content":{"rendered":"<p><strong>Descripci\u00f3n:<\/strong><br data-mce-fragment=\"1\">El suplemento de <strong>levadura de cerveza en c\u00e1psulas<\/strong> contiene todas las vitaminas del complejo B entre ellas, B1 o tiamina, B2 o riboflavina, B3 o niacina, B5 o acido pantot\u00e9nico, B6 o piridoxina, B8 o biotina, acido f\u00f3lico o B9 y cianocobalamina o B12. Contiene minerales como selenio, hierro y calcio. Aporta una cantidad de energ\u00eda elevada. Contribuye a combatir astenia, falta de motivaci\u00f3n, anemias y d\u00e9ficits nutricionales.<\/p>\n<p><strong>Modo de uso:<\/strong><br data-mce-fragment=\"1\">Tomar 2 c\u00e1psulas antes de cada comida.<\/p>\n<p><strong>Contenido:<\/strong><br data-mce-fragment=\"1\">150 c\u00e1psulas<\/p>\n","protected":false},"excerpt":{"rendered":"<p>Descripci\u00f3n:El suplemento de levadura de cerveza en c\u00e1psulas contiene todas las vitaminas del complejo B entre ellas, B1 o tiamina, B2 o riboflavina, B3 o niacina, B5 o acido pantot\u00e9nico, [&hellip;]<\/p>\n","protected":false},"featured_media":1778,"comment_status":"open","ping_status":"closed","template":"","meta":[],"product_brand":[351],"product_cat":[308,337,318],"product_tag":[184],"class_list":{"0":"post-5285","1":"product","2":"type-product","3":"status-publish","4":"has-post-thumbnail","6":"product_brand-herbomex","7":"product_cat-nutricion","8":"product_cat-productos","9":"product_cat-salud","10":"product_tag-levadura-de-cerveza","12":"first","13":"instock","14":"shipping-taxable","15":"purchasable","16":"product-type-simple"},"_links":{"self":[{"href":"https:\/\/modest-napier.216-250-124-103.plesk.page\/index.php\/wp-json\/wp\/v2\/product\/5285","targetHints":{"allow":["GET"]}}],"collection":[{"href":"https:\/\/modest-napier.216-250-124-103.plesk.page\/index.php\/wp-json\/wp\/v2\/product"}],"about":[{"href":"https:\/\/modest-napier.216-250-124-103.plesk.page\/index.php\/wp-json\/wp\/v2\/types\/product"}],"replies":[{"embeddable":true,"href":"https:\/\/modest-napier.216-250-124-103.plesk.page\/index.php\/wp-json\/wp\/v2\/comments?post=5285"}],"wp:featuredmedia":[{"embeddable":true,"href":"https:\/\/modest-napier.216-250-124-103.plesk.page\/index.php\/wp-json\/wp\/v2\/media\/1778"}],"wp:attachment":[{"href":"https:\/\/modest-napier.216-250-124-103.plesk.page\/index.php\/wp-json\/wp\/v2\/media?parent=5285"}],"wp:term":[{"taxonomy":"product_brand","embeddable":true,"href":"https:\/\/modest-napier.216-250-124-103.plesk.page\/index.php\/wp-json\/wp\/v2\/product_brand?post=5285"},{"taxonomy":"product_cat","embeddable":true,"href":"https:\/\/modest-napier.216-250-124-103.plesk.page\/index.php\/wp-json\/wp\/v2\/product_cat?post=5285"},{"taxonomy":"product_tag","embeddable":true,"href":"https:\/\/modest-napier.216-250-124-103.plesk.page\/index.php\/wp-json\/wp\/v2\/product_tag?post=5285"}],"curies":[{"name":"wp","href":"https:\/\/api.w.org\/{rel}","templated":true}]}}