{"id":5286,"date":"2025-09-24T19:32:02","date_gmt":"2025-09-24T19:32:02","guid":{"rendered":"https:\/\/modest-napier.216-250-124-103.plesk.page\/index.php\/producto\/cap-levadura-de-cerveza-c-60-naterra\/"},"modified":"2025-09-24T20:44:55","modified_gmt":"2025-09-24T20:44:55","slug":"cap-levadura-de-cerveza-c-60-naterra","status":"publish","type":"product","link":"https:\/\/modest-napier.216-250-124-103.plesk.page\/index.php\/producto\/cap-levadura-de-cerveza-c-60-naterra\/","title":{"rendered":"Levadura de cerveza 60 c\u00e1psulas NaTerra"},"content":{"rendered":"<p data-mce-fragment=\"1\"><strong data-mce-fragment=\"1\">Descripci\u00f3n:<\/strong><\/p>\n<p>La <strong>levadura de cerveza<\/strong> contiene todas las vitaminas del complejo B entre ellas B1 o tiamina, B2 o riboflavina, B3 o niacina, B5 o \u00e1cido pantot\u00e9nico, B6 o piridoxina, B8 o biotina, \u00e1cido f\u00f3lico o B9 y cianocobalamina o B12. Tambi\u00e9n contiene minerales como selenio, hierro y calcio. El <em>suplemento de levadura de cerveza en c\u00e1psulas<\/em> aporta una cantidad de energ\u00eda elevada, contribuye a combatir astenia, falta\u00a0 de motivaci\u00f3n, anemias y d\u00e9ficits nutricionales.<\/p>\n<p data-mce-fragment=\"1\"><strong data-mce-fragment=\"1\">Modo de uso:<\/strong><\/p>\n<p data-mce-fragment=\"1\">Tomar 3 c\u00e1psulas al d\u00eda.<\/p>\n<p data-mce-fragment=\"1\"><strong data-mce-fragment=\"1\">Contenido:<\/strong><\/p>\n<p data-mce-fragment=\"1\">60 C\u00e1psulas.<\/p>\n","protected":false},"excerpt":{"rendered":"<p>Descripci\u00f3n: La levadura de cerveza contiene todas las vitaminas del complejo B entre ellas B1 o tiamina, B2 o riboflavina, B3 o niacina, B5 o \u00e1cido pantot\u00e9nico, B6 o piridoxina, [&hellip;]<\/p>\n","protected":false},"featured_media":1779,"comment_status":"open","ping_status":"closed","template":"","meta":[],"product_brand":[388],"product_cat":[308,337,318],"product_tag":[184],"class_list":{"0":"post-5286","1":"product","2":"type-product","3":"status-publish","4":"has-post-thumbnail","6":"product_brand-naterra","7":"product_cat-nutricion","8":"product_cat-productos","9":"product_cat-salud","10":"product_tag-levadura-de-cerveza","12":"first","13":"instock","14":"shipping-taxable","15":"purchasable","16":"product-type-simple"},"_links":{"self":[{"href":"https:\/\/modest-napier.216-250-124-103.plesk.page\/index.php\/wp-json\/wp\/v2\/product\/5286","targetHints":{"allow":["GET"]}}],"collection":[{"href":"https:\/\/modest-napier.216-250-124-103.plesk.page\/index.php\/wp-json\/wp\/v2\/product"}],"about":[{"href":"https:\/\/modest-napier.216-250-124-103.plesk.page\/index.php\/wp-json\/wp\/v2\/types\/product"}],"replies":[{"embeddable":true,"href":"https:\/\/modest-napier.216-250-124-103.plesk.page\/index.php\/wp-json\/wp\/v2\/comments?post=5286"}],"wp:featuredmedia":[{"embeddable":true,"href":"https:\/\/modest-napier.216-250-124-103.plesk.page\/index.php\/wp-json\/wp\/v2\/media\/1779"}],"wp:attachment":[{"href":"https:\/\/modest-napier.216-250-124-103.plesk.page\/index.php\/wp-json\/wp\/v2\/media?parent=5286"}],"wp:term":[{"taxonomy":"product_brand","embeddable":true,"href":"https:\/\/modest-napier.216-250-124-103.plesk.page\/index.php\/wp-json\/wp\/v2\/product_brand?post=5286"},{"taxonomy":"product_cat","embeddable":true,"href":"https:\/\/modest-napier.216-250-124-103.plesk.page\/index.php\/wp-json\/wp\/v2\/product_cat?post=5286"},{"taxonomy":"product_tag","embeddable":true,"href":"https:\/\/modest-napier.216-250-124-103.plesk.page\/index.php\/wp-json\/wp\/v2\/product_tag?post=5286"}],"curies":[{"name":"wp","href":"https:\/\/api.w.org\/{rel}","templated":true}]}}