{"id":5288,"date":"2025-09-24T19:32:04","date_gmt":"2025-09-24T19:32:04","guid":{"rendered":"https:\/\/modest-napier.216-250-124-103.plesk.page\/index.php\/producto\/cap-luteina-c-60-greenlicious\/"},"modified":"2025-09-24T20:43:41","modified_gmt":"2025-09-24T20:43:41","slug":"luteina-greenlicious","status":"publish","type":"product","link":"https:\/\/modest-napier.216-250-124-103.plesk.page\/index.php\/producto\/luteina-greenlicious\/","title":{"rendered":"Lute\u00edna 60 c\u00e1psulas Greenlicious"},"content":{"rendered":"<p><strong>Descripci\u00f3n:<\/strong><br \/>El suplemento alimenticio de <strong>lute\u00edna<\/strong> ayuda a prevenir enfermedades oculares que conducen a la p\u00e9rdida de la visi\u00f3n, cataratas y degeneraci\u00f3n macular.<\/p>\n<p><strong>Modo de uso:<\/strong><br \/>Tomar 2 c\u00e1psulas al d\u00eda antes de los alimentos.<\/p>\n<p><strong>Contenido:<\/strong><br \/> 60 c\u00e1psulas.<\/p>\n","protected":false},"excerpt":{"rendered":"<p>Descripci\u00f3n:El suplemento alimenticio de lute\u00edna ayuda a prevenir enfermedades oculares que conducen a la p\u00e9rdida de la visi\u00f3n, cataratas y degeneraci\u00f3n macular. Modo de uso:Tomar 2 c\u00e1psulas al d\u00eda antes [&hellip;]<\/p>\n","protected":false},"featured_media":1781,"comment_status":"open","ping_status":"closed","template":"","meta":[],"product_brand":[467],"product_cat":[337,318],"product_tag":[185],"class_list":{"0":"post-5288","1":"product","2":"type-product","3":"status-publish","4":"has-post-thumbnail","6":"product_brand-greenlicious","7":"product_cat-productos","8":"product_cat-salud","9":"product_tag-luteina","11":"first","12":"instock","13":"shipping-taxable","14":"purchasable","15":"product-type-simple"},"_links":{"self":[{"href":"https:\/\/modest-napier.216-250-124-103.plesk.page\/index.php\/wp-json\/wp\/v2\/product\/5288","targetHints":{"allow":["GET"]}}],"collection":[{"href":"https:\/\/modest-napier.216-250-124-103.plesk.page\/index.php\/wp-json\/wp\/v2\/product"}],"about":[{"href":"https:\/\/modest-napier.216-250-124-103.plesk.page\/index.php\/wp-json\/wp\/v2\/types\/product"}],"replies":[{"embeddable":true,"href":"https:\/\/modest-napier.216-250-124-103.plesk.page\/index.php\/wp-json\/wp\/v2\/comments?post=5288"}],"wp:featuredmedia":[{"embeddable":true,"href":"https:\/\/modest-napier.216-250-124-103.plesk.page\/index.php\/wp-json\/wp\/v2\/media\/1781"}],"wp:attachment":[{"href":"https:\/\/modest-napier.216-250-124-103.plesk.page\/index.php\/wp-json\/wp\/v2\/media?parent=5288"}],"wp:term":[{"taxonomy":"product_brand","embeddable":true,"href":"https:\/\/modest-napier.216-250-124-103.plesk.page\/index.php\/wp-json\/wp\/v2\/product_brand?post=5288"},{"taxonomy":"product_cat","embeddable":true,"href":"https:\/\/modest-napier.216-250-124-103.plesk.page\/index.php\/wp-json\/wp\/v2\/product_cat?post=5288"},{"taxonomy":"product_tag","embeddable":true,"href":"https:\/\/modest-napier.216-250-124-103.plesk.page\/index.php\/wp-json\/wp\/v2\/product_tag?post=5288"}],"curies":[{"name":"wp","href":"https:\/\/api.w.org\/{rel}","templated":true}]}}