{"id":5290,"date":"2025-09-24T19:32:06","date_gmt":"2025-09-24T19:32:06","guid":{"rendered":"https:\/\/modest-napier.216-250-124-103.plesk.page\/index.php\/producto\/cap-maca-negra-c-60-organiks\/"},"modified":"2025-09-24T20:44:14","modified_gmt":"2025-09-24T20:44:14","slug":"cap-maca-negra-c-60-organiks","status":"publish","type":"product","link":"https:\/\/modest-napier.216-250-124-103.plesk.page\/index.php\/producto\/cap-maca-negra-c-60-organiks\/","title":{"rendered":"Maca Negra 60 c\u00e1psulas Organik&#8217;s"},"content":{"rendered":"<p><span data-mce-fragment=\"1\">\u00a1Descubre el poder de la maca negra! Sus m\u00faltiples beneficios incluyen: a<\/span>umentar la libido, impulsar la energ\u00eda y la resistencia f\u00edsica, mejorar el estado de \u00e1nimo, mejora la memoria, concentraci\u00f3n y aprendizaje, ayudar a lidiar con los s\u00edntomas de la depresi\u00f3n, mejorar la funci\u00f3n sexual en los hombres, mejorar la fertilidad y auxiliar en el tratamiento de la diabetes.<strong data-mce-fragment=\"1\"><\/strong><\/p>\n<p data-mce-fragment=\"1\"><\/p>\n","protected":false},"excerpt":{"rendered":"<p>\u00a1Descubre el poder de la maca negra! Sus m\u00faltiples beneficios incluyen: aumentar la libido, impulsar la energ\u00eda y la resistencia f\u00edsica, mejorar el estado de \u00e1nimo, mejora la memoria, concentraci\u00f3n [&hellip;]<\/p>\n","protected":false},"featured_media":1783,"comment_status":"open","ping_status":"closed","template":"","meta":[],"product_brand":[436],"product_cat":[289,308,337,318,324],"product_tag":[89],"class_list":{"0":"post-5290","1":"product","2":"type-product","3":"status-publish","4":"has-post-thumbnail","6":"product_brand-organiks","7":"product_cat-belleza","8":"product_cat-nutricion","9":"product_cat-productos","10":"product_cat-salud","11":"product_cat-sexualidad","12":"product_tag-maca","14":"first","15":"instock","16":"shipping-taxable","17":"purchasable","18":"product-type-simple"},"_links":{"self":[{"href":"https:\/\/modest-napier.216-250-124-103.plesk.page\/index.php\/wp-json\/wp\/v2\/product\/5290","targetHints":{"allow":["GET"]}}],"collection":[{"href":"https:\/\/modest-napier.216-250-124-103.plesk.page\/index.php\/wp-json\/wp\/v2\/product"}],"about":[{"href":"https:\/\/modest-napier.216-250-124-103.plesk.page\/index.php\/wp-json\/wp\/v2\/types\/product"}],"replies":[{"embeddable":true,"href":"https:\/\/modest-napier.216-250-124-103.plesk.page\/index.php\/wp-json\/wp\/v2\/comments?post=5290"}],"wp:featuredmedia":[{"embeddable":true,"href":"https:\/\/modest-napier.216-250-124-103.plesk.page\/index.php\/wp-json\/wp\/v2\/media\/1783"}],"wp:attachment":[{"href":"https:\/\/modest-napier.216-250-124-103.plesk.page\/index.php\/wp-json\/wp\/v2\/media?parent=5290"}],"wp:term":[{"taxonomy":"product_brand","embeddable":true,"href":"https:\/\/modest-napier.216-250-124-103.plesk.page\/index.php\/wp-json\/wp\/v2\/product_brand?post=5290"},{"taxonomy":"product_cat","embeddable":true,"href":"https:\/\/modest-napier.216-250-124-103.plesk.page\/index.php\/wp-json\/wp\/v2\/product_cat?post=5290"},{"taxonomy":"product_tag","embeddable":true,"href":"https:\/\/modest-napier.216-250-124-103.plesk.page\/index.php\/wp-json\/wp\/v2\/product_tag?post=5290"}],"curies":[{"name":"wp","href":"https:\/\/api.w.org\/{rel}","templated":true}]}}