{"id":5291,"date":"2025-09-24T19:32:08","date_gmt":"2025-09-24T19:32:08","guid":{"rendered":"https:\/\/modest-napier.216-250-124-103.plesk.page\/index.php\/producto\/cap-maca-peruana-c-150-herbomex\/"},"modified":"2025-09-24T20:43:43","modified_gmt":"2025-09-24T20:43:43","slug":"maca-peruana-herbomex","status":"publish","type":"product","link":"https:\/\/modest-napier.216-250-124-103.plesk.page\/index.php\/producto\/maca-peruana-herbomex\/","title":{"rendered":"Maca Peruana 150 c\u00e1psulas Herbomex"},"content":{"rendered":"<p><strong>Descripci\u00f3n:<\/strong><\/p>\n<p>El suplemento de <strong>maca peruana en c\u00e1psulas<\/strong> tiene los siguentes beneficios:<\/p>\n<ul>\n<li>Aumento de la l\u00edbido.<\/li>\n<li>Impulsa la energ\u00eda y la resistencia f\u00edsica.<\/li>\n<li>Mejora el estado de \u00e1nimo.<\/li>\n<li>Mejora la memoria, concentraci\u00f3n y aprendizaje.<\/li>\n<li>Antidepresivo.<\/li>\n<li><a href=\"https:\/\/natuzem.com\/blogs\/salud-natural\/maca-salud-sexual\">Mejora la funci\u00f3n sexual en los hombres.<\/a><\/li>\n<li>Mejora la fertilidad.<\/li>\n<li>Mejora el tratamiento para la diabetes.<\/li>\n<\/ul>\n<p><strong>Modo de uso:<\/strong><br \/>Tomar dos c\u00e1psulas antes de cada alimento.<\/p>\n<p><strong>Contenido:<\/strong><br \/>150 c\u00e1psulas.<\/p>\n","protected":false},"excerpt":{"rendered":"<p>Descripci\u00f3n: El suplemento de maca peruana en c\u00e1psulas tiene los siguentes beneficios: Aumento de la l\u00edbido. Impulsa la energ\u00eda y la resistencia f\u00edsica. Mejora el estado de \u00e1nimo. Mejora la [&hellip;]<\/p>\n","protected":false},"featured_media":1785,"comment_status":"open","ping_status":"closed","template":"","meta":[],"product_brand":[351],"product_cat":[337,318,324],"product_tag":[89],"class_list":{"0":"post-5291","1":"product","2":"type-product","3":"status-publish","4":"has-post-thumbnail","6":"product_brand-herbomex","7":"product_cat-productos","8":"product_cat-salud","9":"product_cat-sexualidad","10":"product_tag-maca","12":"first","13":"instock","14":"shipping-taxable","15":"purchasable","16":"product-type-simple"},"_links":{"self":[{"href":"https:\/\/modest-napier.216-250-124-103.plesk.page\/index.php\/wp-json\/wp\/v2\/product\/5291","targetHints":{"allow":["GET"]}}],"collection":[{"href":"https:\/\/modest-napier.216-250-124-103.plesk.page\/index.php\/wp-json\/wp\/v2\/product"}],"about":[{"href":"https:\/\/modest-napier.216-250-124-103.plesk.page\/index.php\/wp-json\/wp\/v2\/types\/product"}],"replies":[{"embeddable":true,"href":"https:\/\/modest-napier.216-250-124-103.plesk.page\/index.php\/wp-json\/wp\/v2\/comments?post=5291"}],"wp:featuredmedia":[{"embeddable":true,"href":"https:\/\/modest-napier.216-250-124-103.plesk.page\/index.php\/wp-json\/wp\/v2\/media\/1785"}],"wp:attachment":[{"href":"https:\/\/modest-napier.216-250-124-103.plesk.page\/index.php\/wp-json\/wp\/v2\/media?parent=5291"}],"wp:term":[{"taxonomy":"product_brand","embeddable":true,"href":"https:\/\/modest-napier.216-250-124-103.plesk.page\/index.php\/wp-json\/wp\/v2\/product_brand?post=5291"},{"taxonomy":"product_cat","embeddable":true,"href":"https:\/\/modest-napier.216-250-124-103.plesk.page\/index.php\/wp-json\/wp\/v2\/product_cat?post=5291"},{"taxonomy":"product_tag","embeddable":true,"href":"https:\/\/modest-napier.216-250-124-103.plesk.page\/index.php\/wp-json\/wp\/v2\/product_tag?post=5291"}],"curies":[{"name":"wp","href":"https:\/\/api.w.org\/{rel}","templated":true}]}}