{"id":5292,"date":"2025-09-24T19:32:09","date_gmt":"2025-09-24T19:32:09","guid":{"rendered":"https:\/\/modest-napier.216-250-124-103.plesk.page\/index.php\/producto\/cap-magnesio-c-60-riket-original\/"},"modified":"2025-09-24T20:44:06","modified_gmt":"2025-09-24T20:44:06","slug":"cap-magnesio-c-60-riket-original","status":"publish","type":"product","link":"https:\/\/modest-napier.216-250-124-103.plesk.page\/index.php\/producto\/cap-magnesio-c-60-riket-original\/","title":{"rendered":"Magnesio 60 c\u00e1psulas Riket"},"content":{"rendered":"<style type=\"text\/css\" data-mce-fragment=\"1\"><!--\ntd {border: 1px solid #cccccc;}br {mso-data-placement:same-cell;}\n--><\/style>\n<p><strong>Descripci\u00f3n:<\/strong><\/p>\n<p><span data-sheets-value='{\"1\":2,\"2\":\"Descripci\u00f3n:nRegula la funci\u00f3n de los m\u00fasculos y el sistema nervioso, ayuda a formar prote\u00edna y masa \u00f3sea nnn Modo de uso:nnTomar una capsula por la ma\u00f1ana y una por la noche.nnContenido:nn60 Capasulas.\"}' data-sheets-userformat='{\"2\":15299,\"3\":{\"1\":0},\"4\":{\"1\":3,\"3\":2},\"9\":1,\"10\":0,\"11\":4,\"12\":0,\"14\":{\"1\":2,\"2\":0},\"15\":\"Arial\",\"16\":9}' data-mce-fragment=\"1\">El suplemento de <strong>magnesio<\/strong> en c\u00e1psulas ayuda a regular la funci\u00f3n de los m\u00fasculos y el sistema nervioso, ayuda a formar prote\u00edna y masa \u00f3sea.<\/span><\/p>\n<p><strong>Modo de uso:<\/strong><\/p>\n<p><span data-sheets-value='{\"1\":2,\"2\":\"Descripci\u00f3n:nRegula la funci\u00f3n de los m\u00fasculos y el sistema nervioso, ayuda a formar prote\u00edna y masa \u00f3sea nnn Modo de uso:nnTomar una capsula por la ma\u00f1ana y una por la noche.nnContenido:nn60 Capasulas.\"}' data-sheets-userformat='{\"2\":15299,\"3\":{\"1\":0},\"4\":{\"1\":3,\"3\":2},\"9\":1,\"10\":0,\"11\":4,\"12\":0,\"14\":{\"1\":2,\"2\":0},\"15\":\"Arial\",\"16\":9}' data-mce-fragment=\"1\">Tomar una capsula por la ma\u00f1ana y una por la noche.<\/span><\/p>\n<p><strong>Contenido: <\/strong><\/p>\n<p><span data-sheets-value='{\"1\":2,\"2\":\"Descripci\u00f3n:nRegula la funci\u00f3n de los m\u00fasculos y el sistema nervioso, ayuda a formar prote\u00edna y masa \u00f3sea nnn Modo de uso:nnTomar una capsula por la ma\u00f1ana y una por la noche.nnContenido:nn60 Capasulas.\"}' data-sheets-userformat='{\"2\":15299,\"3\":{\"1\":0},\"4\":{\"1\":3,\"3\":2},\"9\":1,\"10\":0,\"11\":4,\"12\":0,\"14\":{\"1\":2,\"2\":0},\"15\":\"Arial\",\"16\":9}' data-mce-fragment=\"1\">60 c\u00e1psulas.<\/span><\/p>\n","protected":false},"excerpt":{"rendered":"<p>Descripci\u00f3n: El suplemento de magnesio en c\u00e1psulas ayuda a regular la funci\u00f3n de los m\u00fasculos y el sistema nervioso, ayuda a formar prote\u00edna y masa \u00f3sea. Modo de uso: Tomar [&hellip;]<\/p>\n","protected":false},"featured_media":1786,"comment_status":"open","ping_status":"closed","template":"","meta":[],"product_brand":[468],"product_cat":[337,318,335],"product_tag":[39],"class_list":{"0":"post-5292","1":"product","2":"type-product","3":"status-publish","4":"has-post-thumbnail","6":"product_brand-riket-natural","7":"product_cat-productos","8":"product_cat-salud","9":"product_cat-vitaminas-y-minerales","10":"product_tag-magnesio","12":"first","13":"instock","14":"shipping-taxable","15":"purchasable","16":"product-type-simple"},"_links":{"self":[{"href":"https:\/\/modest-napier.216-250-124-103.plesk.page\/index.php\/wp-json\/wp\/v2\/product\/5292","targetHints":{"allow":["GET"]}}],"collection":[{"href":"https:\/\/modest-napier.216-250-124-103.plesk.page\/index.php\/wp-json\/wp\/v2\/product"}],"about":[{"href":"https:\/\/modest-napier.216-250-124-103.plesk.page\/index.php\/wp-json\/wp\/v2\/types\/product"}],"replies":[{"embeddable":true,"href":"https:\/\/modest-napier.216-250-124-103.plesk.page\/index.php\/wp-json\/wp\/v2\/comments?post=5292"}],"wp:featuredmedia":[{"embeddable":true,"href":"https:\/\/modest-napier.216-250-124-103.plesk.page\/index.php\/wp-json\/wp\/v2\/media\/1786"}],"wp:attachment":[{"href":"https:\/\/modest-napier.216-250-124-103.plesk.page\/index.php\/wp-json\/wp\/v2\/media?parent=5292"}],"wp:term":[{"taxonomy":"product_brand","embeddable":true,"href":"https:\/\/modest-napier.216-250-124-103.plesk.page\/index.php\/wp-json\/wp\/v2\/product_brand?post=5292"},{"taxonomy":"product_cat","embeddable":true,"href":"https:\/\/modest-napier.216-250-124-103.plesk.page\/index.php\/wp-json\/wp\/v2\/product_cat?post=5292"},{"taxonomy":"product_tag","embeddable":true,"href":"https:\/\/modest-napier.216-250-124-103.plesk.page\/index.php\/wp-json\/wp\/v2\/product_tag?post=5292"}],"curies":[{"name":"wp","href":"https:\/\/api.w.org\/{rel}","templated":true}]}}