{"id":5294,"date":"2025-09-24T19:32:11","date_gmt":"2025-09-24T19:32:11","guid":{"rendered":"https:\/\/modest-napier.216-250-124-103.plesk.page\/index.php\/producto\/cap-matcha-diet-y-te-verde-c-30-nutri-life\/"},"modified":"2025-09-24T20:47:53","modified_gmt":"2025-09-24T20:47:53","slug":"cap-matcha-diet-y-te-verde-c-30-nutri-life","status":"publish","type":"product","link":"https:\/\/modest-napier.216-250-124-103.plesk.page\/index.php\/producto\/cap-matcha-diet-y-te-verde-c-30-nutri-life\/","title":{"rendered":"Matcha Diet T\u00e9 Verde y Green Coffee 30 c\u00e1psulas"},"content":{"rendered":"<p data-mce-fragment=\"1\"><strong data-mce-fragment=\"1\">Descripci\u00f3n:<\/strong><\/p>\n<p data-mce-fragment=\"1\">\u00a1Conoce el suplemento <strong>Matcha Diet, con t\u00e9 verde y caf\u00e9 verde<\/strong>! El Polifenol es el elemento del\u00a0Matcha\u00a0que\u00a0ayuda a\u00a0<a href=\"https:\/\/natuzem.com\/blogs\/salud-natural\/te-verde-para-perder-peso\">quemar la grasa<\/a>.\u00a0Fortalece el sistema inmunitario y ayuda a reducir el estr\u00e9s, estimula la mente y relaja el cuerpo, ayuda a prevenir el c\u00e1ncer, infecciones y las caries, ayuda a mantener sanas las arterias y a controlar la hipertensi\u00f3n, ayuda a bajar los niveles de az\u00facar en sangre.<\/p>\n<p data-mce-fragment=\"1\"><strong data-mce-fragment=\"1\">Modo de uso:<\/strong><\/p>\n<p>Tomar 1 c\u00e1psula al d\u00eda por la ma\u00f1ana.<\/p>\n<p data-mce-fragment=\"1\"><strong data-mce-fragment=\"1\">Contenido:<\/strong><\/p>\n<p data-mce-fragment=\"1\">30 c\u00e1psulas.<\/p>\n","protected":false},"excerpt":{"rendered":"<p>Descripci\u00f3n: \u00a1Conoce el suplemento Matcha Diet, con t\u00e9 verde y caf\u00e9 verde! El Polifenol es el elemento del\u00a0Matcha\u00a0que\u00a0ayuda a\u00a0quemar la grasa.\u00a0Fortalece el sistema inmunitario y ayuda a reducir el estr\u00e9s, [&hellip;]<\/p>\n","protected":false},"featured_media":1788,"comment_status":"open","ping_status":"closed","template":"","meta":[],"product_brand":[401],"product_cat":[287,337,331],"product_tag":[121,138],"class_list":{"0":"post-5294","1":"product","2":"type-product","3":"status-publish","4":"has-post-thumbnail","6":"product_brand-nutri-life","7":"product_cat-baja-de-peso","8":"product_cat-productos","9":"product_cat-suplementos-bajar-de-peso","10":"product_tag-cafe","11":"product_tag-te-verde","13":"first","14":"outofstock","15":"shipping-taxable","16":"purchasable","17":"product-type-simple"},"_links":{"self":[{"href":"https:\/\/modest-napier.216-250-124-103.plesk.page\/index.php\/wp-json\/wp\/v2\/product\/5294","targetHints":{"allow":["GET"]}}],"collection":[{"href":"https:\/\/modest-napier.216-250-124-103.plesk.page\/index.php\/wp-json\/wp\/v2\/product"}],"about":[{"href":"https:\/\/modest-napier.216-250-124-103.plesk.page\/index.php\/wp-json\/wp\/v2\/types\/product"}],"replies":[{"embeddable":true,"href":"https:\/\/modest-napier.216-250-124-103.plesk.page\/index.php\/wp-json\/wp\/v2\/comments?post=5294"}],"wp:featuredmedia":[{"embeddable":true,"href":"https:\/\/modest-napier.216-250-124-103.plesk.page\/index.php\/wp-json\/wp\/v2\/media\/1788"}],"wp:attachment":[{"href":"https:\/\/modest-napier.216-250-124-103.plesk.page\/index.php\/wp-json\/wp\/v2\/media?parent=5294"}],"wp:term":[{"taxonomy":"product_brand","embeddable":true,"href":"https:\/\/modest-napier.216-250-124-103.plesk.page\/index.php\/wp-json\/wp\/v2\/product_brand?post=5294"},{"taxonomy":"product_cat","embeddable":true,"href":"https:\/\/modest-napier.216-250-124-103.plesk.page\/index.php\/wp-json\/wp\/v2\/product_cat?post=5294"},{"taxonomy":"product_tag","embeddable":true,"href":"https:\/\/modest-napier.216-250-124-103.plesk.page\/index.php\/wp-json\/wp\/v2\/product_tag?post=5294"}],"curies":[{"name":"wp","href":"https:\/\/api.w.org\/{rel}","templated":true}]}}