{"id":5295,"date":"2025-09-24T19:32:12","date_gmt":"2025-09-24T19:32:12","guid":{"rendered":"https:\/\/modest-napier.216-250-124-103.plesk.page\/index.php\/producto\/cap-maxicloruro-cloruro-de-magnesio-c-100-maxiproductos\/"},"modified":"2025-09-24T20:43:38","modified_gmt":"2025-09-24T20:43:38","slug":"maxicloruro","status":"publish","type":"product","link":"https:\/\/modest-napier.216-250-124-103.plesk.page\/index.php\/producto\/maxicloruro\/","title":{"rendered":"Cloruro de Magnesio Maxicloruro 100 c\u00e1psulas"},"content":{"rendered":"<p><strong>Descripci\u00f3n:<\/strong><br \/>El suplemento alimenticio de <strong>cloruro de magnesio Maxicloruro<\/strong>\u00a0previene osteoporosis, mejorando la densidad \u00f3sea, as\u00ed como fomentando un buen funcionamiento del sistema cardiovascular. Favorece la prevenci\u00f3n de calambres y lesiones musculares ocasionadas por la actividad f\u00edsica.<\/p>\n<p><strong>Modo de uso:<\/strong><br \/>Tomar una c\u00e1psula al d\u00eda.<\/p>\n<p><strong>Contenido:<\/strong><br \/> 100 c\u00e1psulas.<\/p>\n","protected":false},"excerpt":{"rendered":"<p>Descripci\u00f3n:El suplemento alimenticio de cloruro de magnesio Maxicloruro\u00a0previene osteoporosis, mejorando la densidad \u00f3sea, as\u00ed como fomentando un buen funcionamiento del sistema cardiovascular. Favorece la prevenci\u00f3n de calambres y lesiones musculares [&hellip;]<\/p>\n","protected":false},"featured_media":1789,"comment_status":"open","ping_status":"closed","template":"","meta":[],"product_brand":[463],"product_cat":[337,318],"product_tag":[39],"class_list":{"0":"post-5295","1":"product","2":"type-product","3":"status-publish","4":"has-post-thumbnail","6":"product_brand-maxiproductos","7":"product_cat-productos","8":"product_cat-salud","9":"product_tag-magnesio","11":"first","12":"instock","13":"shipping-taxable","14":"purchasable","15":"product-type-simple"},"_links":{"self":[{"href":"https:\/\/modest-napier.216-250-124-103.plesk.page\/index.php\/wp-json\/wp\/v2\/product\/5295","targetHints":{"allow":["GET"]}}],"collection":[{"href":"https:\/\/modest-napier.216-250-124-103.plesk.page\/index.php\/wp-json\/wp\/v2\/product"}],"about":[{"href":"https:\/\/modest-napier.216-250-124-103.plesk.page\/index.php\/wp-json\/wp\/v2\/types\/product"}],"replies":[{"embeddable":true,"href":"https:\/\/modest-napier.216-250-124-103.plesk.page\/index.php\/wp-json\/wp\/v2\/comments?post=5295"}],"wp:featuredmedia":[{"embeddable":true,"href":"https:\/\/modest-napier.216-250-124-103.plesk.page\/index.php\/wp-json\/wp\/v2\/media\/1789"}],"wp:attachment":[{"href":"https:\/\/modest-napier.216-250-124-103.plesk.page\/index.php\/wp-json\/wp\/v2\/media?parent=5295"}],"wp:term":[{"taxonomy":"product_brand","embeddable":true,"href":"https:\/\/modest-napier.216-250-124-103.plesk.page\/index.php\/wp-json\/wp\/v2\/product_brand?post=5295"},{"taxonomy":"product_cat","embeddable":true,"href":"https:\/\/modest-napier.216-250-124-103.plesk.page\/index.php\/wp-json\/wp\/v2\/product_cat?post=5295"},{"taxonomy":"product_tag","embeddable":true,"href":"https:\/\/modest-napier.216-250-124-103.plesk.page\/index.php\/wp-json\/wp\/v2\/product_tag?post=5295"}],"curies":[{"name":"wp","href":"https:\/\/api.w.org\/{rel}","templated":true}]}}