{"id":5302,"date":"2025-09-24T19:32:22","date_gmt":"2025-09-24T19:32:22","guid":{"rendered":"https:\/\/modest-napier.216-250-124-103.plesk.page\/index.php\/producto\/cap-menos-grass-mg-c-36-msdsg\/"},"modified":"2025-09-24T20:46:34","modified_gmt":"2025-09-24T20:46:34","slug":"cap-menos-grass-mg-c-36-msdsg","status":"publish","type":"product","link":"https:\/\/modest-napier.216-250-124-103.plesk.page\/index.php\/producto\/cap-menos-grass-mg-c-36-msdsg\/","title":{"rendered":"Menos Grass 36 c\u00e1psulas MSDSG"},"content":{"rendered":"<p>\u00a1Conoce las c\u00e1psulas Menos Grass! Este suplemento herbal se ha convertido en el mejor aliado para personas que desean perder peso de forma natural. Menos Grass provoca sensaci\u00f3n de saciedad y evita la ansiedad por los alimentos por lo que ayuda a comer menos. Es regulador intestinal y ayuda a evitar el estre\u00f1imiento y la inflamaci\u00f3n del abdomen. Act\u00faa como depurador y diur\u00e9tico. Desintoxica tu organismo y ayuda a quemar la grasa.<strong><\/strong><\/p>\n","protected":false},"excerpt":{"rendered":"<p>\u00a1Conoce las c\u00e1psulas Menos Grass! Este suplemento herbal se ha convertido en el mejor aliado para personas que desean perder peso de forma natural. Menos Grass provoca sensaci\u00f3n de saciedad [&hellip;]<\/p>\n","protected":false},"featured_media":1797,"comment_status":"open","ping_status":"closed","template":"","meta":[],"product_brand":[402],"product_cat":[287,336,312,337],"product_tag":[31,40,137,46,123,60,138],"class_list":{"0":"post-5302","1":"product","2":"type-product","3":"status-publish","4":"has-post-thumbnail","6":"product_brand-ener-green","7":"product_cat-baja-de-peso","8":"product_cat-celebra-el-verano-","9":"product_cat-populares","10":"product_cat-productos","11":"product_tag-canela","12":"product_tag-celebra-el-verano","13":"product_tag-ciruela","14":"product_tag-linaza","15":"product_tag-pina","16":"product_tag-sabila","17":"product_tag-te-verde","19":"first","20":"instock","21":"shipping-taxable","22":"purchasable","23":"product-type-simple"},"_links":{"self":[{"href":"https:\/\/modest-napier.216-250-124-103.plesk.page\/index.php\/wp-json\/wp\/v2\/product\/5302","targetHints":{"allow":["GET"]}}],"collection":[{"href":"https:\/\/modest-napier.216-250-124-103.plesk.page\/index.php\/wp-json\/wp\/v2\/product"}],"about":[{"href":"https:\/\/modest-napier.216-250-124-103.plesk.page\/index.php\/wp-json\/wp\/v2\/types\/product"}],"replies":[{"embeddable":true,"href":"https:\/\/modest-napier.216-250-124-103.plesk.page\/index.php\/wp-json\/wp\/v2\/comments?post=5302"}],"wp:featuredmedia":[{"embeddable":true,"href":"https:\/\/modest-napier.216-250-124-103.plesk.page\/index.php\/wp-json\/wp\/v2\/media\/1797"}],"wp:attachment":[{"href":"https:\/\/modest-napier.216-250-124-103.plesk.page\/index.php\/wp-json\/wp\/v2\/media?parent=5302"}],"wp:term":[{"taxonomy":"product_brand","embeddable":true,"href":"https:\/\/modest-napier.216-250-124-103.plesk.page\/index.php\/wp-json\/wp\/v2\/product_brand?post=5302"},{"taxonomy":"product_cat","embeddable":true,"href":"https:\/\/modest-napier.216-250-124-103.plesk.page\/index.php\/wp-json\/wp\/v2\/product_cat?post=5302"},{"taxonomy":"product_tag","embeddable":true,"href":"https:\/\/modest-napier.216-250-124-103.plesk.page\/index.php\/wp-json\/wp\/v2\/product_tag?post=5302"}],"curies":[{"name":"wp","href":"https:\/\/api.w.org\/{rel}","templated":true}]}}