{"id":5304,"date":"2025-09-24T19:32:24","date_gmt":"2025-09-24T19:32:24","guid":{"rendered":"https:\/\/modest-napier.216-250-124-103.plesk.page\/index.php\/producto\/cap-mens-women-multivitaminico-c-60-naturalezam\/"},"modified":"2025-09-24T20:43:36","modified_gmt":"2025-09-24T20:43:36","slug":"mens-women-multivitaminico","status":"publish","type":"product","link":"https:\/\/modest-napier.216-250-124-103.plesk.page\/index.php\/producto\/mens-women-multivitaminico\/","title":{"rendered":"Men&#8217;s &#038; Women Multivitam\u00ednico 60 c\u00e1ps. Naturalezam"},"content":{"rendered":"<style type=\"text\/css\" data-mce-fragment=\"1\"><!--\ntd {border: 1px solid #cccccc;}br {mso-data-placement:same-cell;}\n--><\/style>\n<p><span data-sheets-value='{\"1\":2,\"2\":\"Descripci\u00f3n:nMejora la memoria, combate el estres, agotamiento fisico, vista cansada, contra la depresion, cansancio y fortalece el sistema inmunologico.nModo de uso:nTomar una capsula al dia por la ma\u00f1ana.nnContenido:n  60 capsulas.\"}' data-sheets-userformat='{\"2\":15297,\"3\":{\"1\":0},\"9\":1,\"10\":0,\"11\":4,\"12\":0,\"14\":{\"1\":2,\"2\":2173750},\"15\":\"Arial\",\"16\":7}' data-mce-fragment=\"1\"><strong>Descripci\u00f3n:<\/strong><br data-mce-fragment=\"1\">El\u00a0<strong>multivitam\u00ednico\u00a0Men&#8217;s &amp; Women<\/strong>\u00a0mejora la memoria, combate el estr\u00e9s, agotamiento f\u00edsico, vista cansada, contra la depresi\u00f3n, cansancio y fortalece el sistema inmunol\u00f3gico.<\/span><\/p>\n<p><span data-sheets-value='{\"1\":2,\"2\":\"Descripci\u00f3n:nMejora la memoria, combate el estres, agotamiento fisico, vista cansada, contra la depresion, cansancio y fortalece el sistema inmunologico.nModo de uso:nTomar una capsula al dia por la ma\u00f1ana.nnContenido:n  60 capsulas.\"}' data-sheets-userformat='{\"2\":15297,\"3\":{\"1\":0},\"9\":1,\"10\":0,\"11\":4,\"12\":0,\"14\":{\"1\":2,\"2\":2173750},\"15\":\"Arial\",\"16\":7}' data-mce-fragment=\"1\"><strong>Modo de uso:<\/strong><br data-mce-fragment=\"1\">Tomar una c\u00e1psula al d\u00eda por la ma\u00f1ana.<\/span><\/p>\n<p><span data-sheets-value='{\"1\":2,\"2\":\"Descripci\u00f3n:nMejora la memoria, combate el estres, agotamiento fisico, vista cansada, contra la depresion, cansancio y fortalece el sistema inmunologico.nModo de uso:nTomar una capsula al dia por la ma\u00f1ana.nnContenido:n  60 capsulas.\"}' data-sheets-userformat='{\"2\":15297,\"3\":{\"1\":0},\"9\":1,\"10\":0,\"11\":4,\"12\":0,\"14\":{\"1\":2,\"2\":2173750},\"15\":\"Arial\",\"16\":7}' data-mce-fragment=\"1\"><strong>Contenido:<\/strong><br data-mce-fragment=\"1\"> 60 c\u00e1psulas.<\/span><\/p>\n","protected":false},"excerpt":{"rendered":"<p>Descripci\u00f3n:El\u00a0multivitam\u00ednico\u00a0Men&#8217;s &amp; Women\u00a0mejora la memoria, combate el estr\u00e9s, agotamiento f\u00edsico, vista cansada, contra la depresi\u00f3n, cansancio y fortalece el sistema inmunol\u00f3gico. Modo de uso:Tomar una c\u00e1psula al d\u00eda por la [&hellip;]<\/p>\n","protected":false},"featured_media":1799,"comment_status":"open","ping_status":"closed","template":"","meta":[],"product_brand":[348],"product_cat":[308,337,318,335],"product_tag":[],"class_list":{"0":"post-5304","1":"product","2":"type-product","3":"status-publish","4":"has-post-thumbnail","6":"product_brand-naturalezam","7":"product_cat-nutricion","8":"product_cat-productos","9":"product_cat-salud","10":"product_cat-vitaminas-y-minerales","12":"first","13":"instock","14":"shipping-taxable","15":"purchasable","16":"product-type-simple"},"_links":{"self":[{"href":"https:\/\/modest-napier.216-250-124-103.plesk.page\/index.php\/wp-json\/wp\/v2\/product\/5304","targetHints":{"allow":["GET"]}}],"collection":[{"href":"https:\/\/modest-napier.216-250-124-103.plesk.page\/index.php\/wp-json\/wp\/v2\/product"}],"about":[{"href":"https:\/\/modest-napier.216-250-124-103.plesk.page\/index.php\/wp-json\/wp\/v2\/types\/product"}],"replies":[{"embeddable":true,"href":"https:\/\/modest-napier.216-250-124-103.plesk.page\/index.php\/wp-json\/wp\/v2\/comments?post=5304"}],"wp:featuredmedia":[{"embeddable":true,"href":"https:\/\/modest-napier.216-250-124-103.plesk.page\/index.php\/wp-json\/wp\/v2\/media\/1799"}],"wp:attachment":[{"href":"https:\/\/modest-napier.216-250-124-103.plesk.page\/index.php\/wp-json\/wp\/v2\/media?parent=5304"}],"wp:term":[{"taxonomy":"product_brand","embeddable":true,"href":"https:\/\/modest-napier.216-250-124-103.plesk.page\/index.php\/wp-json\/wp\/v2\/product_brand?post=5304"},{"taxonomy":"product_cat","embeddable":true,"href":"https:\/\/modest-napier.216-250-124-103.plesk.page\/index.php\/wp-json\/wp\/v2\/product_cat?post=5304"},{"taxonomy":"product_tag","embeddable":true,"href":"https:\/\/modest-napier.216-250-124-103.plesk.page\/index.php\/wp-json\/wp\/v2\/product_tag?post=5304"}],"curies":[{"name":"wp","href":"https:\/\/api.w.org\/{rel}","templated":true}]}}