{"id":5305,"date":"2025-09-24T19:32:25","date_gmt":"2025-09-24T19:32:25","guid":{"rendered":"https:\/\/modest-napier.216-250-124-103.plesk.page\/index.php\/producto\/cap-mgss-menos-grass-c-36\/"},"modified":"2025-09-24T20:44:23","modified_gmt":"2025-09-24T20:44:23","slug":"cap-mgss-menos-grass-c-36","status":"publish","type":"product","link":"https:\/\/modest-napier.216-250-124-103.plesk.page\/index.php\/producto\/cap-mgss-menos-grass-c-36\/","title":{"rendered":"MGSS Menos Grass 36 c\u00e1psulas"},"content":{"rendered":"<p>El suplemento alimenticio\u00a0<strong>MGSS Menos Grass<\/strong> provoca sensaci\u00f3n de saciedad y evita la ansiedad por los alimentos, por lo que ayuda a comer menos. Es regulador intestinal, ayuda a evitar el estre\u00f1imiento y la inflamaci\u00f3n del abdomen. Adem\u00e1s act\u00faa como depurador, desintoxica tu organismo, act\u00faa como diur\u00e9tico y ayuda a <a href=\"https:\/\/natuzem.com\/blogs\/salud-natural\/te-verde-para-perder-peso\">quemar la grasa<\/a>.<strong data-mce-fragment=\"1\"><\/strong><\/p>\n<ul data-mce-fragment=\"1\"><\/ul>\n","protected":false},"excerpt":{"rendered":"<p>El suplemento alimenticio\u00a0MGSS Menos Grass provoca sensaci\u00f3n de saciedad y evita la ansiedad por los alimentos, por lo que ayuda a comer menos. Es regulador intestinal, ayuda a evitar el [&hellip;]<\/p>\n","protected":false},"featured_media":1800,"comment_status":"open","ping_status":"closed","template":"","meta":[],"product_brand":[346],"product_cat":[287,312,337],"product_tag":[],"class_list":{"0":"post-5305","1":"product","2":"type-product","3":"status-publish","4":"has-post-thumbnail","6":"product_brand-natural-dannae","7":"product_cat-baja-de-peso","8":"product_cat-populares","9":"product_cat-productos","11":"first","12":"instock","13":"shipping-taxable","14":"purchasable","15":"product-type-simple"},"_links":{"self":[{"href":"https:\/\/modest-napier.216-250-124-103.plesk.page\/index.php\/wp-json\/wp\/v2\/product\/5305","targetHints":{"allow":["GET"]}}],"collection":[{"href":"https:\/\/modest-napier.216-250-124-103.plesk.page\/index.php\/wp-json\/wp\/v2\/product"}],"about":[{"href":"https:\/\/modest-napier.216-250-124-103.plesk.page\/index.php\/wp-json\/wp\/v2\/types\/product"}],"replies":[{"embeddable":true,"href":"https:\/\/modest-napier.216-250-124-103.plesk.page\/index.php\/wp-json\/wp\/v2\/comments?post=5305"}],"wp:featuredmedia":[{"embeddable":true,"href":"https:\/\/modest-napier.216-250-124-103.plesk.page\/index.php\/wp-json\/wp\/v2\/media\/1800"}],"wp:attachment":[{"href":"https:\/\/modest-napier.216-250-124-103.plesk.page\/index.php\/wp-json\/wp\/v2\/media?parent=5305"}],"wp:term":[{"taxonomy":"product_brand","embeddable":true,"href":"https:\/\/modest-napier.216-250-124-103.plesk.page\/index.php\/wp-json\/wp\/v2\/product_brand?post=5305"},{"taxonomy":"product_cat","embeddable":true,"href":"https:\/\/modest-napier.216-250-124-103.plesk.page\/index.php\/wp-json\/wp\/v2\/product_cat?post=5305"},{"taxonomy":"product_tag","embeddable":true,"href":"https:\/\/modest-napier.216-250-124-103.plesk.page\/index.php\/wp-json\/wp\/v2\/product_tag?post=5305"}],"curies":[{"name":"wp","href":"https:\/\/api.w.org\/{rel}","templated":true}]}}