{"id":5308,"date":"2025-09-24T19:32:30","date_gmt":"2025-09-24T19:32:30","guid":{"rendered":"https:\/\/modest-napier.216-250-124-103.plesk.page\/index.php\/producto\/cap-minn-curcuma-jengibre-c-60-signo-natural\/"},"modified":"2025-09-24T20:46:34","modified_gmt":"2025-09-24T20:46:34","slug":"cap-minn-curcuma-jengibre-c-60-signo-natural","status":"publish","type":"product","link":"https:\/\/modest-napier.216-250-124-103.plesk.page\/index.php\/producto\/cap-minn-curcuma-jengibre-c-60-signo-natural\/","title":{"rendered":"Minn C\u00farcuma + Jengibre 60 c\u00e1psulas Signo Natural"},"content":{"rendered":"<p data-mce-fragment=\"1\"><strong data-mce-fragment=\"1\">Descripci\u00f3n:<\/strong><\/p>\n<p data-mce-fragment=\"1\"><span>Las c\u00e1psulas de jengibre y c\u00farcuma, contiene antioxidantes, tiene un efecto anti inflamatorio reduce sensaci\u00f3n\u00a0de v\u00e9rtigo, nauseas, para problemas digestivos y gastrointestinales.<\/span><\/p>\n<p data-mce-fragment=\"1\"><strong data-mce-fragment=\"1\">Modo de uso:<\/strong><\/p>\n<p data-mce-fragment=\"1\">Tomar una c\u00e1psula despu\u00e9s del desayuno y tomar 1 capsula antes de acostarse.\u00a0<\/p>\n<p data-mce-fragment=\"1\"><strong data-mce-fragment=\"1\">Contenido:<\/strong><\/p>\n<p data-mce-fragment=\"1\">60 c\u00e1psulas.<\/p>\n","protected":false},"excerpt":{"rendered":"<p>Descripci\u00f3n: Las c\u00e1psulas de jengibre y c\u00farcuma, contiene antioxidantes, tiene un efecto anti inflamatorio reduce sensaci\u00f3n\u00a0de v\u00e9rtigo, nauseas, para problemas digestivos y gastrointestinales. Modo de uso: Tomar una c\u00e1psula despu\u00e9s [&hellip;]<\/p>\n","protected":false},"featured_media":1803,"comment_status":"open","ping_status":"closed","template":"","meta":[],"product_brand":[359],"product_cat":[337,318,323],"product_tag":[151,136],"class_list":{"0":"post-5308","1":"product","2":"type-product","3":"status-publish","4":"has-post-thumbnail","6":"product_brand-signo-natural","7":"product_cat-productos","8":"product_cat-salud","9":"product_cat-salud-intestinal","10":"product_tag-curcuma","11":"product_tag-jengibre","13":"first","14":"instock","15":"shipping-taxable","16":"purchasable","17":"product-type-simple"},"_links":{"self":[{"href":"https:\/\/modest-napier.216-250-124-103.plesk.page\/index.php\/wp-json\/wp\/v2\/product\/5308","targetHints":{"allow":["GET"]}}],"collection":[{"href":"https:\/\/modest-napier.216-250-124-103.plesk.page\/index.php\/wp-json\/wp\/v2\/product"}],"about":[{"href":"https:\/\/modest-napier.216-250-124-103.plesk.page\/index.php\/wp-json\/wp\/v2\/types\/product"}],"replies":[{"embeddable":true,"href":"https:\/\/modest-napier.216-250-124-103.plesk.page\/index.php\/wp-json\/wp\/v2\/comments?post=5308"}],"wp:featuredmedia":[{"embeddable":true,"href":"https:\/\/modest-napier.216-250-124-103.plesk.page\/index.php\/wp-json\/wp\/v2\/media\/1803"}],"wp:attachment":[{"href":"https:\/\/modest-napier.216-250-124-103.plesk.page\/index.php\/wp-json\/wp\/v2\/media?parent=5308"}],"wp:term":[{"taxonomy":"product_brand","embeddable":true,"href":"https:\/\/modest-napier.216-250-124-103.plesk.page\/index.php\/wp-json\/wp\/v2\/product_brand?post=5308"},{"taxonomy":"product_cat","embeddable":true,"href":"https:\/\/modest-napier.216-250-124-103.plesk.page\/index.php\/wp-json\/wp\/v2\/product_cat?post=5308"},{"taxonomy":"product_tag","embeddable":true,"href":"https:\/\/modest-napier.216-250-124-103.plesk.page\/index.php\/wp-json\/wp\/v2\/product_tag?post=5308"}],"curies":[{"name":"wp","href":"https:\/\/api.w.org\/{rel}","templated":true}]}}