{"id":5309,"date":"2025-09-24T19:32:31","date_gmt":"2025-09-24T19:32:31","guid":{"rendered":"https:\/\/modest-napier.216-250-124-103.plesk.page\/index.php\/producto\/cap-minn-curcuma-c-60-signo-natural\/"},"modified":"2025-09-24T20:43:38","modified_gmt":"2025-09-24T20:43:38","slug":"minn-curcuma","status":"publish","type":"product","link":"https:\/\/modest-napier.216-250-124-103.plesk.page\/index.php\/producto\/minn-curcuma\/","title":{"rendered":"Minn C\u00farcuma 60 c\u00e1psulas Signo Natural"},"content":{"rendered":"<p><strong>Descripci\u00f3n:<\/strong><br data-mce-fragment=\"1\">El suplemento <strong>Minn C\u00farcuma<\/strong><span data-mce-fragment=\"1\">\u00a0a<\/span>livia el malestar estomacal. La c\u00farcuma es un remedio natural muy efectivo para el malestar estomacal, trata trastornos hep\u00e1ticos, ayuda a tratar el c\u00e1ncer y es un potente anti-inflamatorio.<\/p>\n<p><strong>Modo de uso:<\/strong><br data-mce-fragment=\"1\">Tomar una c\u00e1psula despu\u00e9s del desayuno y tomar una c\u00e1psula antes de acostarse.<\/p>\n<p><strong>Contenido:<\/strong><br data-mce-fragment=\"1\"> 60 c\u00e1psulas.<\/p>\n","protected":false},"excerpt":{"rendered":"<p>Descripci\u00f3n:El suplemento Minn C\u00farcuma\u00a0alivia el malestar estomacal. La c\u00farcuma es un remedio natural muy efectivo para el malestar estomacal, trata trastornos hep\u00e1ticos, ayuda a tratar el c\u00e1ncer y es un [&hellip;]<\/p>\n","protected":false},"featured_media":1804,"comment_status":"open","ping_status":"closed","template":"","meta":[],"product_brand":[359],"product_cat":[337,318],"product_tag":[151],"class_list":{"0":"post-5309","1":"product","2":"type-product","3":"status-publish","4":"has-post-thumbnail","6":"product_brand-signo-natural","7":"product_cat-productos","8":"product_cat-salud","9":"product_tag-curcuma","11":"first","12":"instock","13":"shipping-taxable","14":"purchasable","15":"product-type-simple"},"_links":{"self":[{"href":"https:\/\/modest-napier.216-250-124-103.plesk.page\/index.php\/wp-json\/wp\/v2\/product\/5309","targetHints":{"allow":["GET"]}}],"collection":[{"href":"https:\/\/modest-napier.216-250-124-103.plesk.page\/index.php\/wp-json\/wp\/v2\/product"}],"about":[{"href":"https:\/\/modest-napier.216-250-124-103.plesk.page\/index.php\/wp-json\/wp\/v2\/types\/product"}],"replies":[{"embeddable":true,"href":"https:\/\/modest-napier.216-250-124-103.plesk.page\/index.php\/wp-json\/wp\/v2\/comments?post=5309"}],"wp:featuredmedia":[{"embeddable":true,"href":"https:\/\/modest-napier.216-250-124-103.plesk.page\/index.php\/wp-json\/wp\/v2\/media\/1804"}],"wp:attachment":[{"href":"https:\/\/modest-napier.216-250-124-103.plesk.page\/index.php\/wp-json\/wp\/v2\/media?parent=5309"}],"wp:term":[{"taxonomy":"product_brand","embeddable":true,"href":"https:\/\/modest-napier.216-250-124-103.plesk.page\/index.php\/wp-json\/wp\/v2\/product_brand?post=5309"},{"taxonomy":"product_cat","embeddable":true,"href":"https:\/\/modest-napier.216-250-124-103.plesk.page\/index.php\/wp-json\/wp\/v2\/product_cat?post=5309"},{"taxonomy":"product_tag","embeddable":true,"href":"https:\/\/modest-napier.216-250-124-103.plesk.page\/index.php\/wp-json\/wp\/v2\/product_tag?post=5309"}],"curies":[{"name":"wp","href":"https:\/\/api.w.org\/{rel}","templated":true}]}}