{"id":5312,"date":"2025-09-24T19:32:35","date_gmt":"2025-09-24T19:32:35","guid":{"rendered":"https:\/\/modest-napier.216-250-124-103.plesk.page\/index.php\/producto\/cap-minn-moringa-gold-c-60-signo-natural\/"},"modified":"2025-09-24T20:45:15","modified_gmt":"2025-09-24T20:45:15","slug":"cap-minn-moringa-gold-c-60-signo-natural","status":"publish","type":"product","link":"https:\/\/modest-napier.216-250-124-103.plesk.page\/index.php\/producto\/cap-minn-moringa-gold-c-60-signo-natural\/","title":{"rendered":"MINN Moringa Gold 60 c\u00e1psulas Signo Natural"},"content":{"rendered":"<p data-mce-fragment=\"1\"><strong data-mce-fragment=\"1\">Descripci\u00f3n:<\/strong><\/p>\n<div dir=\"auto\">\n<ul>\n<li>Auxiliar para combatir la diabetes<\/li>\n<li>Ayuda a reducir los niveles de colesterol<\/li>\n<li>Auxiliar activar el sistema inmunol\u00f3gico<\/li>\n<li>Auxiliar para la inflamaci\u00f3n<\/li>\n<\/ul>\n<\/div>\n<p data-mce-fragment=\"1\"><strong data-mce-fragment=\"1\">Modo de uso:<\/strong><\/p>\n<p data-mce-fragment=\"1\"><span>Tomar 2 c\u00e1psulas por la ma\u00f1ana.<\/span><\/p>\n<p data-mce-fragment=\"1\"><strong data-mce-fragment=\"1\">Contenido:<\/strong><\/p>\n<p data-mce-fragment=\"1\">60 c\u00e1psulas.<\/p>\n","protected":false},"excerpt":{"rendered":"<p>Descripci\u00f3n: Auxiliar para combatir la diabetes Ayuda a reducir los niveles de colesterol Auxiliar activar el sistema inmunol\u00f3gico Auxiliar para la inflamaci\u00f3n Modo de uso: Tomar 2 c\u00e1psulas por la [&hellip;]<\/p>\n","protected":false},"featured_media":1807,"comment_status":"open","ping_status":"closed","template":"","meta":[],"product_brand":[359],"product_cat":[296,337,318],"product_tag":[49],"class_list":{"0":"post-5312","1":"product","2":"type-product","3":"status-publish","4":"has-post-thumbnail","6":"product_brand-signo-natural","7":"product_cat-diabetes-y-sus-sintomas","8":"product_cat-productos","9":"product_cat-salud","10":"product_tag-moringa","12":"first","13":"outofstock","14":"shipping-taxable","15":"purchasable","16":"product-type-simple"},"_links":{"self":[{"href":"https:\/\/modest-napier.216-250-124-103.plesk.page\/index.php\/wp-json\/wp\/v2\/product\/5312","targetHints":{"allow":["GET"]}}],"collection":[{"href":"https:\/\/modest-napier.216-250-124-103.plesk.page\/index.php\/wp-json\/wp\/v2\/product"}],"about":[{"href":"https:\/\/modest-napier.216-250-124-103.plesk.page\/index.php\/wp-json\/wp\/v2\/types\/product"}],"replies":[{"embeddable":true,"href":"https:\/\/modest-napier.216-250-124-103.plesk.page\/index.php\/wp-json\/wp\/v2\/comments?post=5312"}],"wp:featuredmedia":[{"embeddable":true,"href":"https:\/\/modest-napier.216-250-124-103.plesk.page\/index.php\/wp-json\/wp\/v2\/media\/1807"}],"wp:attachment":[{"href":"https:\/\/modest-napier.216-250-124-103.plesk.page\/index.php\/wp-json\/wp\/v2\/media?parent=5312"}],"wp:term":[{"taxonomy":"product_brand","embeddable":true,"href":"https:\/\/modest-napier.216-250-124-103.plesk.page\/index.php\/wp-json\/wp\/v2\/product_brand?post=5312"},{"taxonomy":"product_cat","embeddable":true,"href":"https:\/\/modest-napier.216-250-124-103.plesk.page\/index.php\/wp-json\/wp\/v2\/product_cat?post=5312"},{"taxonomy":"product_tag","embeddable":true,"href":"https:\/\/modest-napier.216-250-124-103.plesk.page\/index.php\/wp-json\/wp\/v2\/product_tag?post=5312"}],"curies":[{"name":"wp","href":"https:\/\/api.w.org\/{rel}","templated":true}]}}