{"id":5315,"date":"2025-09-24T19:32:39","date_gmt":"2025-09-24T19:32:39","guid":{"rendered":"https:\/\/modest-napier.216-250-124-103.plesk.page\/index.php\/producto\/cap-moringa-c-guanabana-c-150-ortiga\/"},"modified":"2025-09-24T20:45:15","modified_gmt":"2025-09-24T20:45:15","slug":"cap-moringa-c-guanabana-c-150-ortiga","status":"publish","type":"product","link":"https:\/\/modest-napier.216-250-124-103.plesk.page\/index.php\/producto\/cap-moringa-c-guanabana-c-150-ortiga\/","title":{"rendered":"Moringa con guan\u00e1bana 150 c\u00e1psulas Ortiga"},"content":{"rendered":"<p data-mce-fragment=\"1\"><strong data-mce-fragment=\"1\">Descripci\u00f3n:<\/strong><\/p>\n<ul>\n<li>Ayudan a regular la glucosa<\/li>\n<li>Incrementan las defensas naturales del cuerpo<\/li>\n<li>Ayudan a controlar de forma natural los niveles de colesterol<\/li>\n<li>Promueven el funcionamiento correcto del h\u00edgado y el ri\u00f1\u00f3n<\/li>\n<li>Proporcionan energ\u00eda<\/li>\n<\/ul>\n<p data-mce-fragment=\"1\"><strong data-mce-fragment=\"1\">Modo de uso:<\/strong><\/p>\n<p data-mce-fragment=\"1\"><strong>\u00a0<\/strong><span>Tomar 2 c\u00e1psulas 3 veces al d\u00eda con alimentos, no exceda la porci\u00f3n recomendada.<\/span><\/p>\n<p data-mce-fragment=\"1\"><strong data-mce-fragment=\"1\">Contenido:<\/strong><\/p>\n<p data-mce-fragment=\"1\">150 c\u00e1psulas.<\/p>\n","protected":false},"excerpt":{"rendered":"<p>Descripci\u00f3n: Ayudan a regular la glucosa Incrementan las defensas naturales del cuerpo Ayudan a controlar de forma natural los niveles de colesterol Promueven el funcionamiento correcto del h\u00edgado y el [&hellip;]<\/p>\n","protected":false},"featured_media":1810,"comment_status":"open","ping_status":"closed","template":"","meta":[],"product_brand":[430],"product_cat":[337,318,328],"product_tag":[175,49],"class_list":{"0":"post-5315","1":"product","2":"type-product","3":"status-publish","4":"has-post-thumbnail","6":"product_brand-naturabless","7":"product_cat-productos","8":"product_cat-salud","9":"product_cat-suplementos-naturales","10":"product_tag-guanabana","11":"product_tag-moringa","13":"first","14":"outofstock","15":"shipping-taxable","16":"purchasable","17":"product-type-simple"},"_links":{"self":[{"href":"https:\/\/modest-napier.216-250-124-103.plesk.page\/index.php\/wp-json\/wp\/v2\/product\/5315","targetHints":{"allow":["GET"]}}],"collection":[{"href":"https:\/\/modest-napier.216-250-124-103.plesk.page\/index.php\/wp-json\/wp\/v2\/product"}],"about":[{"href":"https:\/\/modest-napier.216-250-124-103.plesk.page\/index.php\/wp-json\/wp\/v2\/types\/product"}],"replies":[{"embeddable":true,"href":"https:\/\/modest-napier.216-250-124-103.plesk.page\/index.php\/wp-json\/wp\/v2\/comments?post=5315"}],"wp:featuredmedia":[{"embeddable":true,"href":"https:\/\/modest-napier.216-250-124-103.plesk.page\/index.php\/wp-json\/wp\/v2\/media\/1810"}],"wp:attachment":[{"href":"https:\/\/modest-napier.216-250-124-103.plesk.page\/index.php\/wp-json\/wp\/v2\/media?parent=5315"}],"wp:term":[{"taxonomy":"product_brand","embeddable":true,"href":"https:\/\/modest-napier.216-250-124-103.plesk.page\/index.php\/wp-json\/wp\/v2\/product_brand?post=5315"},{"taxonomy":"product_cat","embeddable":true,"href":"https:\/\/modest-napier.216-250-124-103.plesk.page\/index.php\/wp-json\/wp\/v2\/product_cat?post=5315"},{"taxonomy":"product_tag","embeddable":true,"href":"https:\/\/modest-napier.216-250-124-103.plesk.page\/index.php\/wp-json\/wp\/v2\/product_tag?post=5315"}],"curies":[{"name":"wp","href":"https:\/\/api.w.org\/{rel}","templated":true}]}}