{"id":5319,"date":"2025-09-24T19:32:44","date_gmt":"2025-09-24T19:32:44","guid":{"rendered":"https:\/\/modest-napier.216-250-124-103.plesk.page\/index.php\/producto\/cap-mujer-c-60-ajo-king\/"},"modified":"2025-09-24T20:46:34","modified_gmt":"2025-09-24T20:46:34","slug":"cap-mujer-c-60-ajo-king","status":"publish","type":"product","link":"https:\/\/modest-napier.216-250-124-103.plesk.page\/index.php\/producto\/cap-mujer-c-60-ajo-king\/","title":{"rendered":"Suplemento para la Mujer 60 c\u00e1psulas Ajo King"},"content":{"rendered":"<p data-mce-fragment=\"1\"><strong data-mce-fragment=\"1\">Descripci\u00f3n:<\/strong><\/p>\n<p>El suplemento para la <strong>Mujer de Ajo King<\/strong> es auxiliar para tratar c\u00f3licos, inflamaci\u00f3n del vientre, dolor abdominal, irritabilidad, ansiedad, insomnio, ciclo irregular y flujo.<\/p>\n<p><strong>Ingredientes:\u00a0<\/strong><\/p>\n<p>Ajo, Cancerina, Zarzaparrila, Tr\u00e9bol rojo.<\/p>\n<p><strong data-mce-fragment=\"1\">Modo de uso:<\/strong><\/p>\n<p data-mce-fragment=\"1\"><span>Tomar 1 c\u00e1psula de cada frasco en la ma\u00f1ana\u00a0y tarde.<\/span><\/p>\n<p data-mce-fragment=\"1\"><strong data-mce-fragment=\"1\">Contenido:<\/strong><\/p>\n<p data-mce-fragment=\"1\">30 c\u00e1psulas.<\/p>\n","protected":false},"excerpt":{"rendered":"<p>Descripci\u00f3n: El suplemento para la Mujer de Ajo King es auxiliar para tratar c\u00f3licos, inflamaci\u00f3n del vientre, dolor abdominal, irritabilidad, ansiedad, insomnio, ciclo irregular y flujo. Ingredientes:\u00a0 Ajo, Cancerina, Zarzaparrila, [&hellip;]<\/p>\n","protected":false},"featured_media":1814,"comment_status":"open","ping_status":"closed","template":"","meta":[],"product_brand":[478],"product_cat":[337,318,329],"product_tag":[108,125,190,139],"class_list":{"0":"post-5319","1":"product","2":"type-product","3":"status-publish","4":"has-post-thumbnail","6":"product_brand-ajo-king","7":"product_cat-productos","8":"product_cat-salud","9":"product_cat-suplementos-para-la-mujer","10":"product_tag-ajo","11":"product_tag-cancerina","12":"product_tag-trebol-rojo","13":"product_tag-zarzaparrilla","15":"first","16":"instock","17":"shipping-taxable","18":"purchasable","19":"product-type-simple"},"_links":{"self":[{"href":"https:\/\/modest-napier.216-250-124-103.plesk.page\/index.php\/wp-json\/wp\/v2\/product\/5319","targetHints":{"allow":["GET"]}}],"collection":[{"href":"https:\/\/modest-napier.216-250-124-103.plesk.page\/index.php\/wp-json\/wp\/v2\/product"}],"about":[{"href":"https:\/\/modest-napier.216-250-124-103.plesk.page\/index.php\/wp-json\/wp\/v2\/types\/product"}],"replies":[{"embeddable":true,"href":"https:\/\/modest-napier.216-250-124-103.plesk.page\/index.php\/wp-json\/wp\/v2\/comments?post=5319"}],"wp:featuredmedia":[{"embeddable":true,"href":"https:\/\/modest-napier.216-250-124-103.plesk.page\/index.php\/wp-json\/wp\/v2\/media\/1814"}],"wp:attachment":[{"href":"https:\/\/modest-napier.216-250-124-103.plesk.page\/index.php\/wp-json\/wp\/v2\/media?parent=5319"}],"wp:term":[{"taxonomy":"product_brand","embeddable":true,"href":"https:\/\/modest-napier.216-250-124-103.plesk.page\/index.php\/wp-json\/wp\/v2\/product_brand?post=5319"},{"taxonomy":"product_cat","embeddable":true,"href":"https:\/\/modest-napier.216-250-124-103.plesk.page\/index.php\/wp-json\/wp\/v2\/product_cat?post=5319"},{"taxonomy":"product_tag","embeddable":true,"href":"https:\/\/modest-napier.216-250-124-103.plesk.page\/index.php\/wp-json\/wp\/v2\/product_tag?post=5319"}],"curies":[{"name":"wp","href":"https:\/\/api.w.org\/{rel}","templated":true}]}}