{"id":5320,"date":"2025-09-24T19:32:45","date_gmt":"2025-09-24T19:32:45","guid":{"rendered":"https:\/\/modest-napier.216-250-124-103.plesk.page\/index.php\/producto\/cap-multivitaminas-mujer-c-30-vidanat\/"},"modified":"2025-09-24T20:44:04","modified_gmt":"2025-09-24T20:44:04","slug":"cap-multivitaminas-mujer-c-30-vidanat","status":"publish","type":"product","link":"https:\/\/modest-napier.216-250-124-103.plesk.page\/index.php\/producto\/cap-multivitaminas-mujer-c-30-vidanat\/","title":{"rendered":"Multi Vitaminas Mujer 30 c\u00e1psulas Vidanat"},"content":{"rendered":"<p>\u00a0<\/p>\n<p><strong>Descripci\u00f3n:\u00a0<\/strong><\/p>\n<p><span data-sheets-value='{\"1\":2,\"2\":\"Descripci\u00f3n:nAyuda a mantener la salud Sexual, Mental y F\u00edsica. Controla el cansancio, el estr\u00e9s y ayuda a la mujer a vivir una vida plena..nModo de uso:nnTomar una capsula al dia. nnContenido:nn30 capsulas\"}' data-sheets-userformat='{\"2\":14913,\"3\":{\"1\":0},\"9\":1,\"12\":0,\"14\":{\"1\":2,\"2\":2173750},\"15\":\"Arial\",\"16\":9}'>El suplemento de <strong>Multi Vitaminas para la Mujer de Vidanat<\/strong> ayuda a mantener la salud sexual, mental y f\u00edsica. Controla el cansancio, el estr\u00e9s y ayuda a la <a href=\"https:\/\/natuzem.com\/blogs\/salud-natural\/vitaminas-salud-mujer\">mujer<\/a> a vivir una vida plena.<\/span><\/p>\n<p><strong>Ingredientes:<\/strong><\/p>\n<p><span data-sheets-value='{\"1\":2,\"2\":\"Descripci\u00f3n:nAyuda a mantener la salud Sexual, Mental y F\u00edsica. Controla el cansancio, el estr\u00e9s y ayuda a la mujer a vivir una vida plena..nModo de uso:nnTomar una capsula al dia. nnContenido:nn30 capsulas\"}' data-sheets-userformat='{\"2\":14913,\"3\":{\"1\":0},\"9\":1,\"12\":0,\"14\":{\"1\":2,\"2\":2173750},\"15\":\"Arial\",\"16\":9}'>Omega 3, Coenzima Q10, Vitamina C, Vitamina E, Estearato de Magnesio, Vitamina B5, Vitamina B6, Vitamina B12, Vitamina A, Acido F\u00f3lico, Cromo, Vitamina D3, Biotina.<\/span><\/p>\n<p><span data-sheets-value='{\"1\":2,\"2\":\"Descripci\u00f3n:nAyuda a mantener la salud Sexual, Mental y F\u00edsica. Controla el cansancio, el estr\u00e9s y ayuda a la mujer a vivir una vida plena..nModo de uso:nnTomar una capsula al dia. nnContenido:nn30 capsulas\"}' data-sheets-userformat='{\"2\":14913,\"3\":{\"1\":0},\"9\":1,\"12\":0,\"14\":{\"1\":2,\"2\":2173750},\"15\":\"Arial\",\"16\":9}'><strong>Modo de uso:\u00a0<\/strong><\/span><\/p>\n<p><span data-sheets-value='{\"1\":2,\"2\":\"Descripci\u00f3n:nAyuda a mantener la salud Sexual, Mental y F\u00edsica. Controla el cansancio, el estr\u00e9s y ayuda a la mujer a vivir una vida plena..nModo de uso:nnTomar una capsula al dia. nnContenido:nn30 capsulas\"}' data-sheets-userformat='{\"2\":14913,\"3\":{\"1\":0},\"9\":1,\"12\":0,\"14\":{\"1\":2,\"2\":2173750},\"15\":\"Arial\",\"16\":9}'>Tomar una c\u00e1psula al d\u00eda.<\/p>\n<p><strong>Contenido:\u00a0<\/strong><\/span><\/p>\n<p><span data-sheets-value='{\"1\":2,\"2\":\"Descripci\u00f3n:nAyuda a mantener la salud Sexual, Mental y F\u00edsica. Controla el cansancio, el estr\u00e9s y ayuda a la mujer a vivir una vida plena..nModo de uso:nnTomar una capsula al dia. nnContenido:nn30 capsulas\"}' data-sheets-userformat='{\"2\":14913,\"3\":{\"1\":0},\"9\":1,\"12\":0,\"14\":{\"1\":2,\"2\":2173750},\"15\":\"Arial\",\"16\":9}'>30 c\u00e1psulas.<\/span><\/p>\n","protected":false},"excerpt":{"rendered":"<p>\u00a0 Descripci\u00f3n:\u00a0 El suplemento de Multi Vitaminas para la Mujer de Vidanat ayuda a mantener la salud sexual, mental y f\u00edsica. Controla el cansancio, el estr\u00e9s y ayuda a la [&hellip;]<\/p>\n","protected":false},"featured_media":1815,"comment_status":"open","ping_status":"closed","template":"","meta":[],"product_brand":[354],"product_cat":[308,337,318,329],"product_tag":[169,73,76,148,134,39,133,85,86,87,72],"class_list":{"0":"post-5320","1":"product","2":"type-product","3":"status-publish","4":"has-post-thumbnail","6":"product_brand-vidanat","7":"product_cat-nutricion","8":"product_cat-productos","9":"product_cat-salud","10":"product_cat-suplementos-para-la-mujer","11":"product_tag-acido-folico","12":"product_tag-biotina","13":"product_tag-coenzima-q10","14":"product_tag-complejo-b","15":"product_tag-cromo","16":"product_tag-magnesio","17":"product_tag-omega-3-6-9","18":"product_tag-vitamina-a","19":"product_tag-vitamina-c","20":"product_tag-vitamina-d","21":"product_tag-vitamina-e","23":"first","24":"instock","25":"shipping-taxable","26":"purchasable","27":"product-type-simple"},"_links":{"self":[{"href":"https:\/\/modest-napier.216-250-124-103.plesk.page\/index.php\/wp-json\/wp\/v2\/product\/5320","targetHints":{"allow":["GET"]}}],"collection":[{"href":"https:\/\/modest-napier.216-250-124-103.plesk.page\/index.php\/wp-json\/wp\/v2\/product"}],"about":[{"href":"https:\/\/modest-napier.216-250-124-103.plesk.page\/index.php\/wp-json\/wp\/v2\/types\/product"}],"replies":[{"embeddable":true,"href":"https:\/\/modest-napier.216-250-124-103.plesk.page\/index.php\/wp-json\/wp\/v2\/comments?post=5320"}],"wp:featuredmedia":[{"embeddable":true,"href":"https:\/\/modest-napier.216-250-124-103.plesk.page\/index.php\/wp-json\/wp\/v2\/media\/1815"}],"wp:attachment":[{"href":"https:\/\/modest-napier.216-250-124-103.plesk.page\/index.php\/wp-json\/wp\/v2\/media?parent=5320"}],"wp:term":[{"taxonomy":"product_brand","embeddable":true,"href":"https:\/\/modest-napier.216-250-124-103.plesk.page\/index.php\/wp-json\/wp\/v2\/product_brand?post=5320"},{"taxonomy":"product_cat","embeddable":true,"href":"https:\/\/modest-napier.216-250-124-103.plesk.page\/index.php\/wp-json\/wp\/v2\/product_cat?post=5320"},{"taxonomy":"product_tag","embeddable":true,"href":"https:\/\/modest-napier.216-250-124-103.plesk.page\/index.php\/wp-json\/wp\/v2\/product_tag?post=5320"}],"curies":[{"name":"wp","href":"https:\/\/api.w.org\/{rel}","templated":true}]}}