{"id":5322,"date":"2025-09-24T19:32:49","date_gmt":"2025-09-24T19:32:49","guid":{"rendered":"https:\/\/modest-napier.216-250-124-103.plesk.page\/index.php\/producto\/cap-nad-resveratrol-c-60-live-nature\/"},"modified":"2025-09-24T20:43:27","modified_gmt":"2025-09-24T20:43:27","slug":"cap-nad-resveratrol-c-60-live-nature","status":"publish","type":"product","link":"https:\/\/modest-napier.216-250-124-103.plesk.page\/index.php\/producto\/cap-nad-resveratrol-c-60-live-nature\/","title":{"rendered":"NAD + Resveratrol 60 c\u00e1psulas Live Nature"},"content":{"rendered":"<p>La combinaci\u00f3n de NAD con resveratrol te datr\u00e1 m\u00e1s energ\u00eda. Promueve mecanismos que ayudan a la reparaci\u00f3n celular, mejorando la funci\u00f3n cognitiva, la concentraci\u00f3n, la memoria, reduce el estr\u00e9s, la ansiedad y protege contra el da\u00f1o causado por el envejecimiento.<\/p>\n","protected":false},"excerpt":{"rendered":"<p>La combinaci\u00f3n de NAD con resveratrol te datr\u00e1 m\u00e1s energ\u00eda. Promueve mecanismos que ayudan a la reparaci\u00f3n celular, mejorando la funci\u00f3n cognitiva, la concentraci\u00f3n, la memoria, reduce el estr\u00e9s, la [&hellip;]<\/p>\n","protected":false},"featured_media":1817,"comment_status":"open","ping_status":"closed","template":"","meta":[],"product_brand":[440],"product_cat":[289,307,337,318],"product_tag":[103],"class_list":{"0":"post-5322","1":"product","2":"type-product","3":"status-publish","4":"has-post-thumbnail","6":"product_brand-live-nature","7":"product_cat-belleza","8":"product_cat-nuevos","9":"product_cat-productos","10":"product_cat-salud","11":"product_tag-resveratrol","13":"first","14":"instock","15":"shipping-taxable","16":"purchasable","17":"product-type-simple"},"_links":{"self":[{"href":"https:\/\/modest-napier.216-250-124-103.plesk.page\/index.php\/wp-json\/wp\/v2\/product\/5322","targetHints":{"allow":["GET"]}}],"collection":[{"href":"https:\/\/modest-napier.216-250-124-103.plesk.page\/index.php\/wp-json\/wp\/v2\/product"}],"about":[{"href":"https:\/\/modest-napier.216-250-124-103.plesk.page\/index.php\/wp-json\/wp\/v2\/types\/product"}],"replies":[{"embeddable":true,"href":"https:\/\/modest-napier.216-250-124-103.plesk.page\/index.php\/wp-json\/wp\/v2\/comments?post=5322"}],"wp:featuredmedia":[{"embeddable":true,"href":"https:\/\/modest-napier.216-250-124-103.plesk.page\/index.php\/wp-json\/wp\/v2\/media\/1817"}],"wp:attachment":[{"href":"https:\/\/modest-napier.216-250-124-103.plesk.page\/index.php\/wp-json\/wp\/v2\/media?parent=5322"}],"wp:term":[{"taxonomy":"product_brand","embeddable":true,"href":"https:\/\/modest-napier.216-250-124-103.plesk.page\/index.php\/wp-json\/wp\/v2\/product_brand?post=5322"},{"taxonomy":"product_cat","embeddable":true,"href":"https:\/\/modest-napier.216-250-124-103.plesk.page\/index.php\/wp-json\/wp\/v2\/product_cat?post=5322"},{"taxonomy":"product_tag","embeddable":true,"href":"https:\/\/modest-napier.216-250-124-103.plesk.page\/index.php\/wp-json\/wp\/v2\/product_tag?post=5322"}],"curies":[{"name":"wp","href":"https:\/\/api.w.org\/{rel}","templated":true}]}}