{"id":5331,"date":"2025-09-24T19:33:02","date_gmt":"2025-09-24T19:33:02","guid":{"rendered":"https:\/\/modest-napier.216-250-124-103.plesk.page\/index.php\/producto\/cap-nolis-bell-premium-c-30-nolisan\/"},"modified":"2025-09-24T20:47:51","modified_gmt":"2025-09-24T20:47:51","slug":"cap-nolis-bell-premium-c-30-nolisan","status":"publish","type":"product","link":"https:\/\/modest-napier.216-250-124-103.plesk.page\/index.php\/producto\/cap-nolis-bell-premium-c-30-nolisan\/","title":{"rendered":"Nolis Bell Premium 30 c\u00e1psulas Nolisan"},"content":{"rendered":"<p data-mce-fragment=\"1\">\u00a1Estimula tu metabolismo y pierde peso de forma natural con las c\u00e1psulas Nolis Bell Premium! Reforzadas con pi\u00f1a y jengibre, con el poder de la fresa alemana y el mango africano. Este suplemento alimenticio ayuda a desechar la grasa que el cuerpo no necesita y evita que se almacene en menor cantidad, bloquea un alto porcentaje de carbohidratos que se consumen con los alimentos, reduce los niveles de colesterol y triglic\u00e9ridos en la sangre, previene y corrige problemas de estre\u00f1imiento y excelente diur\u00e9tico ya que la grasa que se va acumulando la desecha mediante la orina, e inhibe el apetito.<\/p>\n","protected":false},"excerpt":{"rendered":"<p>\u00a1Estimula tu metabolismo y pierde peso de forma natural con las c\u00e1psulas Nolis Bell Premium! Reforzadas con pi\u00f1a y jengibre, con el poder de la fresa alemana y el mango [&hellip;]<\/p>\n","protected":false},"featured_media":1828,"comment_status":"open","ping_status":"closed","template":"","meta":[],"product_brand":[368],"product_cat":[287,336,337,314],"product_tag":[121,40,191,166,136,186,123],"class_list":{"0":"post-5331","1":"product","2":"type-product","3":"status-publish","4":"has-post-thumbnail","6":"product_brand-nolisan","7":"product_cat-baja-de-peso","8":"product_cat-celebra-el-verano-","9":"product_cat-productos","10":"product_cat-productos-para-bajar-de-peso","11":"product_tag-cafe","12":"product_tag-celebra-el-verano","13":"product_tag-fresa","14":"product_tag-garcinia-cambogia","15":"product_tag-jengibre","16":"product_tag-mango-africano","17":"product_tag-pina","19":"first","20":"instock","21":"shipping-taxable","22":"purchasable","23":"product-type-simple"},"_links":{"self":[{"href":"https:\/\/modest-napier.216-250-124-103.plesk.page\/index.php\/wp-json\/wp\/v2\/product\/5331","targetHints":{"allow":["GET"]}}],"collection":[{"href":"https:\/\/modest-napier.216-250-124-103.plesk.page\/index.php\/wp-json\/wp\/v2\/product"}],"about":[{"href":"https:\/\/modest-napier.216-250-124-103.plesk.page\/index.php\/wp-json\/wp\/v2\/types\/product"}],"replies":[{"embeddable":true,"href":"https:\/\/modest-napier.216-250-124-103.plesk.page\/index.php\/wp-json\/wp\/v2\/comments?post=5331"}],"wp:featuredmedia":[{"embeddable":true,"href":"https:\/\/modest-napier.216-250-124-103.plesk.page\/index.php\/wp-json\/wp\/v2\/media\/1828"}],"wp:attachment":[{"href":"https:\/\/modest-napier.216-250-124-103.plesk.page\/index.php\/wp-json\/wp\/v2\/media?parent=5331"}],"wp:term":[{"taxonomy":"product_brand","embeddable":true,"href":"https:\/\/modest-napier.216-250-124-103.plesk.page\/index.php\/wp-json\/wp\/v2\/product_brand?post=5331"},{"taxonomy":"product_cat","embeddable":true,"href":"https:\/\/modest-napier.216-250-124-103.plesk.page\/index.php\/wp-json\/wp\/v2\/product_cat?post=5331"},{"taxonomy":"product_tag","embeddable":true,"href":"https:\/\/modest-napier.216-250-124-103.plesk.page\/index.php\/wp-json\/wp\/v2\/product_tag?post=5331"}],"curies":[{"name":"wp","href":"https:\/\/api.w.org\/{rel}","templated":true}]}}