{"id":5334,"date":"2025-09-24T19:33:07","date_gmt":"2025-09-24T19:33:07","guid":{"rendered":"https:\/\/modest-napier.216-250-124-103.plesk.page\/index.php\/producto\/cap-omega-3-c-60-vidanat\/"},"modified":"2025-09-24T20:43:56","modified_gmt":"2025-09-24T20:43:56","slug":"cap-omega-3-c-60-vidanat","status":"publish","type":"product","link":"https:\/\/modest-napier.216-250-124-103.plesk.page\/index.php\/producto\/cap-omega-3-c-60-vidanat\/","title":{"rendered":"Omega 3 60 c\u00e1psulas Vidanat"},"content":{"rendered":"<p><strong>Descripci\u00f3n:<\/strong><\/p>\n<p>Mantiene el coraz\u00f3n y los vasos sangu\u00edneos saludables. Reducen los triglic\u00e9ridos y el riesgo de desarrollar enfermedades card\u00edacas y accidentes cerebrovasculares.<\/p>\n<p><strong>Modo de uso:<\/strong><\/p>\n<p>Tomar una capsula antes de cada alimento.<\/p>\n<p><strong> Contenido:<\/strong><\/p>\n<p>60 capsulas.<\/p>\n","protected":false},"excerpt":{"rendered":"<p>Descripci\u00f3n: Mantiene el coraz\u00f3n y los vasos sangu\u00edneos saludables. Reducen los triglic\u00e9ridos y el riesgo de desarrollar enfermedades card\u00edacas y accidentes cerebrovasculares. Modo de uso: Tomar una capsula antes de [&hellip;]<\/p>\n","protected":false},"featured_media":1831,"comment_status":"open","ping_status":"closed","template":"","meta":[],"product_brand":[354],"product_cat":[337,318],"product_tag":[133],"class_list":{"0":"post-5334","1":"product","2":"type-product","3":"status-publish","4":"has-post-thumbnail","6":"product_brand-vidanat","7":"product_cat-productos","8":"product_cat-salud","9":"product_tag-omega-3-6-9","11":"first","12":"instock","13":"shipping-taxable","14":"purchasable","15":"product-type-simple"},"_links":{"self":[{"href":"https:\/\/modest-napier.216-250-124-103.plesk.page\/index.php\/wp-json\/wp\/v2\/product\/5334","targetHints":{"allow":["GET"]}}],"collection":[{"href":"https:\/\/modest-napier.216-250-124-103.plesk.page\/index.php\/wp-json\/wp\/v2\/product"}],"about":[{"href":"https:\/\/modest-napier.216-250-124-103.plesk.page\/index.php\/wp-json\/wp\/v2\/types\/product"}],"replies":[{"embeddable":true,"href":"https:\/\/modest-napier.216-250-124-103.plesk.page\/index.php\/wp-json\/wp\/v2\/comments?post=5334"}],"wp:featuredmedia":[{"embeddable":true,"href":"https:\/\/modest-napier.216-250-124-103.plesk.page\/index.php\/wp-json\/wp\/v2\/media\/1831"}],"wp:attachment":[{"href":"https:\/\/modest-napier.216-250-124-103.plesk.page\/index.php\/wp-json\/wp\/v2\/media?parent=5334"}],"wp:term":[{"taxonomy":"product_brand","embeddable":true,"href":"https:\/\/modest-napier.216-250-124-103.plesk.page\/index.php\/wp-json\/wp\/v2\/product_brand?post=5334"},{"taxonomy":"product_cat","embeddable":true,"href":"https:\/\/modest-napier.216-250-124-103.plesk.page\/index.php\/wp-json\/wp\/v2\/product_cat?post=5334"},{"taxonomy":"product_tag","embeddable":true,"href":"https:\/\/modest-napier.216-250-124-103.plesk.page\/index.php\/wp-json\/wp\/v2\/product_tag?post=5334"}],"curies":[{"name":"wp","href":"https:\/\/api.w.org\/{rel}","templated":true}]}}